{"id":82,"date":"2023-06-19T12:36:28","date_gmt":"2023-06-19T10:36:28","guid":{"rendered":"https:\/\/bibliotekutvikling.no\/sharedreading\/?page_id=82"},"modified":"2025-04-03T12:07:28","modified_gmt":"2025-04-03T10:07:28","slug":"hva-er-shared-reading","status":"publish","type":"page","link":"https:\/\/bibliotekutvikling.no\/sharedreading\/shared-reading\/hva-er-shared-reading\/","title":{"rendered":"Hva er shared reading?"},"content":{"rendered":"<p class=\"t2-ingress wp-block-t2-ingress\">Shared reading, eller samlesing p\u00e5 norsk, er en lesemetode som g\u00e5r ut p\u00e5 at en leseleder leser h\u00f8yt i en gruppe og leder en reflekterende og undrende samtale om leseopplevelsen.<\/p>\n\n\n<p>Leselederen har valgt ut en en kort novelle eller et utdrag av en tekst, og et dikt. Deltakerne vet ikke hva som skal leses f\u00f8r de m\u00f8ter opp. Samlesing er alts\u00e5 en liten lesesirkel der man stiller uforberedt. Deltakerne kan delta aktivt i samtalen eller delta gjennom \u00e5 lytte.<\/p>\n\n\n\n<p>M\u00e5let er ikke en litter\u00e6r analyse der man skal komme fram til en felles tolkning, men \u00e5 oppleve og undre seg over teksten sammen. Gjennom deltakernes forskjellige perspektiv og opplevelser av teksten utvides leseopplevelsen for den enkelte. Vi leser for \u00e5 bli klokere p\u00e5 oss selv og andre.<\/p>\n\n\n\n<p>Samlesing er en litter\u00e6r, personlig og sosial opplevelse. Det handler om gleden ved \u00e5 lese og \u00e5 dele opplevelsen av en tekst i fellesskap. H\u00f8ytlesningen gir ro og tilstedev\u00e6relse, tempoet senkes og fokuset \u00f8ker.<\/p>\n\n\n\n<p>Leselederen har v\u00e6rt p\u00e5 kurs og l\u00e6rt om valg av gode tekster, om hvordan man forbereder seg, stopper opp underveis i lesingen og inviterer til refleksjon og undring. <\/p>\n\n\n\n<p>Shared reading brukes i bibliotek, i helse- og sosialsektoren, i skolesektoren, i fengsler, i rusomsorgen og i frivilligheten. M\u00e5let er \u00e5 motvirke ulikheter i samfunnet og \u00e5pne litteraturen for flere.<\/p>\n\n\n\n<p>Metoden er utviklet av organisasjonen <a rel=\"noreferrer noopener\" href=\"https:\/\/www.thereader.org.uk\/\" target=\"_blank\">The Reader<\/a> i Liverpool og ble utviklet av Jane Davis.<\/p>\n\n\n\n<figure class=\"wp-block-image size-large\"><img loading=\"lazy\" decoding=\"async\" width=\"1024\" height=\"683\" src=\"https:\/\/bibliotekutvikling.no\/content\/uploads\/sites\/27\/2023\/06\/sharedreading-illustrasjonsfoto-1024x683.jpg\" alt=\"Lesegruppe. Illustrasjonsfoto: Tr\u00f8ndelag fylkesbibliotek\" class=\"wp-image-95\" srcset=\"https:\/\/bibliotekutvikling.no\/content\/uploads\/sites\/27\/2023\/06\/sharedreading-illustrasjonsfoto-1024x683.jpg 1024w, https:\/\/bibliotekutvikling.no\/content\/uploads\/sites\/27\/2023\/06\/sharedreading-illustrasjonsfoto-300x200.jpg 300w, https:\/\/bibliotekutvikling.no\/content\/uploads\/sites\/27\/2023\/06\/sharedreading-illustrasjonsfoto-768x512.jpg 768w, https:\/\/bibliotekutvikling.no\/content\/uploads\/sites\/27\/2023\/06\/sharedreading-illustrasjonsfoto-1536x1024.jpg 1536w, https:\/\/bibliotekutvikling.no\/content\/uploads\/sites\/27\/2023\/06\/sharedreading-illustrasjonsfoto-2048x1365.jpg 2048w\" sizes=\"auto, (max-width: 1024px) 100vw, 1024px\" \/><figcaption class=\"wp-element-caption\">Illustrasjonsfoto: Tr\u00f8ndelag fylkesbibliotek<\/figcaption><\/figure>\n\n\n<ul class=\"t2-link-list has-1-items has-auto-columns wp-block-t2-link-list\">\n\n<\/ul>\n\n","protected":false},"excerpt":{"rendered":"","protected":false},"author":2521,"featured_media":95,"parent":25,"menu_order":0,"comment_status":"closed","ping_status":"closed","template":"","meta":{"nb_hide_title":false,"sub_navigation_option":"","sub_navigation_custom_items":[],"footnotes":""},"class_list":["post-82","page","type-page","status-publish","has-post-thumbnail","hentry"],"yoast_head":"<!-- This site is optimized with the Yoast SEO plugin v26.9 - https:\/\/yoast.com\/product\/yoast-seo-wordpress\/ -->\n<title>Hva er shared reading? - Shared reading<\/title>\n<meta name=\"robots\" content=\"index, follow, max-snippet:-1, max-image-preview:large, max-video-preview:-1\" \/>\n<link rel=\"canonical\" href=\"https:\/\/bibliotekutvikling.no\/sharedreading\/shared-reading\/hva-er-shared-reading\/\" \/>\n<meta property=\"og:locale\" content=\"nb_NO\" \/>\n<meta property=\"og:type\" content=\"article\" \/>\n<meta property=\"og:title\" content=\"Hva er shared reading? - Shared reading\" \/>\n<meta property=\"og:url\" content=\"https:\/\/bibliotekutvikling.no\/sharedreading\/shared-reading\/hva-er-shared-reading\/\" \/>\n<meta property=\"og:site_name\" content=\"Shared reading\" \/>\n<meta property=\"article:modified_time\" content=\"2025-04-03T10:07:28+00:00\" \/>\n<meta property=\"og:image\" content=\"https:\/\/bibliotekutvikling.no\/content\/uploads\/sites\/27\/2023\/06\/sharedreading-illustrasjonsfoto-scaled.jpg\" \/>\n\t<meta property=\"og:image:width\" content=\"2560\" \/>\n\t<meta property=\"og:image:height\" content=\"1707\" \/>\n\t<meta property=\"og:image:type\" content=\"image\/jpeg\" \/>\n<meta name=\"twitter:card\" content=\"summary_large_image\" \/>\n<meta name=\"twitter:label1\" content=\"Ansl. lesetid\" \/>\n\t<meta name=\"twitter:data1\" content=\"2 minutter\" \/>\n<script type=\"application\/ld+json\" class=\"yoast-schema-graph\">{\"@context\":\"https:\/\/schema.org\",\"@graph\":[{\"@type\":\"WebPage\",\"@id\":\"https:\/\/bibliotekutvikling.no\/sharedreading\/shared-reading\/hva-er-shared-reading\/\",\"url\":\"https:\/\/bibliotekutvikling.no\/sharedreading\/shared-reading\/hva-er-shared-reading\/\",\"name\":\"Hva er shared reading? - Shared reading\",\"isPartOf\":{\"@id\":\"https:\/\/bibliotekutvikling.no\/sharedreading\/#website\"},\"primaryImageOfPage\":{\"@id\":\"https:\/\/bibliotekutvikling.no\/sharedreading\/shared-reading\/hva-er-shared-reading\/#primaryimage\"},\"image\":{\"@id\":\"https:\/\/bibliotekutvikling.no\/sharedreading\/shared-reading\/hva-er-shared-reading\/#primaryimage\"},\"thumbnailUrl\":\"https:\/\/bibliotekutvikling.no\/content\/uploads\/sites\/27\/2023\/06\/sharedreading-illustrasjonsfoto-scaled.jpg\",\"datePublished\":\"2023-06-19T10:36:28+00:00\",\"dateModified\":\"2025-04-03T10:07:28+00:00\",\"breadcrumb\":{\"@id\":\"https:\/\/bibliotekutvikling.no\/sharedreading\/shared-reading\/hva-er-shared-reading\/#breadcrumb\"},\"inLanguage\":\"nb-NO\",\"potentialAction\":[{\"@type\":\"ReadAction\",\"target\":[\"https:\/\/bibliotekutvikling.no\/sharedreading\/shared-reading\/hva-er-shared-reading\/\"]}]},{\"@type\":\"ImageObject\",\"inLanguage\":\"nb-NO\",\"@id\":\"https:\/\/bibliotekutvikling.no\/sharedreading\/shared-reading\/hva-er-shared-reading\/#primaryimage\",\"url\":\"https:\/\/bibliotekutvikling.no\/content\/uploads\/sites\/27\/2023\/06\/sharedreading-illustrasjonsfoto-scaled.jpg\",\"contentUrl\":\"https:\/\/bibliotekutvikling.no\/content\/uploads\/sites\/27\/2023\/06\/sharedreading-illustrasjonsfoto-scaled.jpg\",\"width\":2560,\"height\":1707,\"caption\":\"Illustrasjonsfoto: Tr\u00f8ndelag fylkesbibliotek\"},{\"@type\":\"BreadcrumbList\",\"@id\":\"https:\/\/bibliotekutvikling.no\/sharedreading\/shared-reading\/hva-er-shared-reading\/#breadcrumb\",\"itemListElement\":[{\"@type\":\"ListItem\",\"position\":1,\"name\":\"Hjem\",\"item\":\"https:\/\/bibliotekutvikling.no\/sharedreading\/\"},{\"@type\":\"ListItem\",\"position\":2,\"name\":\"Shared reading \u2013 samlesing\",\"item\":\"https:\/\/bibliotekutvikling.no\/sharedreading\/\"},{\"@type\":\"ListItem\",\"position\":3,\"name\":\"Hva er shared reading?\"}]},{\"@type\":\"WebSite\",\"@id\":\"https:\/\/bibliotekutvikling.no\/sharedreading\/#website\",\"url\":\"https:\/\/bibliotekutvikling.no\/sharedreading\/\",\"name\":\"Shared reading\",\"description\":\"\",\"potentialAction\":[{\"@type\":\"SearchAction\",\"target\":{\"@type\":\"EntryPoint\",\"urlTemplate\":\"https:\/\/bibliotekutvikling.no\/sharedreading\/?s={search_term_string}\"},\"query-input\":{\"@type\":\"PropertyValueSpecification\",\"valueRequired\":true,\"valueName\":\"search_term_string\"}}],\"inLanguage\":\"nb-NO\"}]}<\/script>\n<!-- \/ Yoast SEO plugin. -->","yoast_head_json":{"title":"Hva er shared reading? - Shared reading","robots":{"index":"index","follow":"follow","max-snippet":"max-snippet:-1","max-image-preview":"max-image-preview:large","max-video-preview":"max-video-preview:-1"},"canonical":"https:\/\/bibliotekutvikling.no\/sharedreading\/shared-reading\/hva-er-shared-reading\/","og_locale":"nb_NO","og_type":"article","og_title":"Hva er shared reading? - Shared reading","og_url":"https:\/\/bibliotekutvikling.no\/sharedreading\/shared-reading\/hva-er-shared-reading\/","og_site_name":"Shared reading","article_modified_time":"2025-04-03T10:07:28+00:00","og_image":[{"width":2560,"height":1707,"url":"https:\/\/bibliotekutvikling.no\/content\/uploads\/sites\/27\/2023\/06\/sharedreading-illustrasjonsfoto-scaled.jpg","type":"image\/jpeg"}],"twitter_card":"summary_large_image","twitter_misc":{"Ansl. lesetid":"2 minutter"},"schema":{"@context":"https:\/\/schema.org","@graph":[{"@type":"WebPage","@id":"https:\/\/bibliotekutvikling.no\/sharedreading\/shared-reading\/hva-er-shared-reading\/","url":"https:\/\/bibliotekutvikling.no\/sharedreading\/shared-reading\/hva-er-shared-reading\/","name":"Hva er shared reading? - Shared reading","isPartOf":{"@id":"https:\/\/bibliotekutvikling.no\/sharedreading\/#website"},"primaryImageOfPage":{"@id":"https:\/\/bibliotekutvikling.no\/sharedreading\/shared-reading\/hva-er-shared-reading\/#primaryimage"},"image":{"@id":"https:\/\/bibliotekutvikling.no\/sharedreading\/shared-reading\/hva-er-shared-reading\/#primaryimage"},"thumbnailUrl":"https:\/\/bibliotekutvikling.no\/content\/uploads\/sites\/27\/2023\/06\/sharedreading-illustrasjonsfoto-scaled.jpg","datePublished":"2023-06-19T10:36:28+00:00","dateModified":"2025-04-03T10:07:28+00:00","breadcrumb":{"@id":"https:\/\/bibliotekutvikling.no\/sharedreading\/shared-reading\/hva-er-shared-reading\/#breadcrumb"},"inLanguage":"nb-NO","potentialAction":[{"@type":"ReadAction","target":["https:\/\/bibliotekutvikling.no\/sharedreading\/shared-reading\/hva-er-shared-reading\/"]}]},{"@type":"ImageObject","inLanguage":"nb-NO","@id":"https:\/\/bibliotekutvikling.no\/sharedreading\/shared-reading\/hva-er-shared-reading\/#primaryimage","url":"https:\/\/bibliotekutvikling.no\/content\/uploads\/sites\/27\/2023\/06\/sharedreading-illustrasjonsfoto-scaled.jpg","contentUrl":"https:\/\/bibliotekutvikling.no\/content\/uploads\/sites\/27\/2023\/06\/sharedreading-illustrasjonsfoto-scaled.jpg","width":2560,"height":1707,"caption":"Illustrasjonsfoto: Tr\u00f8ndelag fylkesbibliotek"},{"@type":"BreadcrumbList","@id":"https:\/\/bibliotekutvikling.no\/sharedreading\/shared-reading\/hva-er-shared-reading\/#breadcrumb","itemListElement":[{"@type":"ListItem","position":1,"name":"Hjem","item":"https:\/\/bibliotekutvikling.no\/sharedreading\/"},{"@type":"ListItem","position":2,"name":"Shared reading \u2013 samlesing","item":"https:\/\/bibliotekutvikling.no\/sharedreading\/"},{"@type":"ListItem","position":3,"name":"Hva er shared reading?"}]},{"@type":"WebSite","@id":"https:\/\/bibliotekutvikling.no\/sharedreading\/#website","url":"https:\/\/bibliotekutvikling.no\/sharedreading\/","name":"Shared reading","description":"","potentialAction":[{"@type":"SearchAction","target":{"@type":"EntryPoint","urlTemplate":"https:\/\/bibliotekutvikling.no\/sharedreading\/?s={search_term_string}"},"query-input":{"@type":"PropertyValueSpecification","valueRequired":true,"valueName":"search_term_string"}}],"inLanguage":"nb-NO"}]}},"_links":{"self":[{"href":"https:\/\/bibliotekutvikling.no\/sharedreading\/wp-json\/wp\/v2\/pages\/82","targetHints":{"allow":["GET"]}}],"collection":[{"href":"https:\/\/bibliotekutvikling.no\/sharedreading\/wp-json\/wp\/v2\/pages"}],"about":[{"href":"https:\/\/bibliotekutvikling.no\/sharedreading\/wp-json\/wp\/v2\/types\/page"}],"author":[{"embeddable":true,"href":"https:\/\/bibliotekutvikling.no\/sharedreading\/wp-json\/wp\/v2\/users\/2521"}],"replies":[{"embeddable":true,"href":"https:\/\/bibliotekutvikling.no\/sharedreading\/wp-json\/wp\/v2\/comments?post=82"}],"version-history":[{"count":4,"href":"https:\/\/bibliotekutvikling.no\/sharedreading\/wp-json\/wp\/v2\/pages\/82\/revisions"}],"predecessor-version":[{"id":835,"href":"https:\/\/bibliotekutvikling.no\/sharedreading\/wp-json\/wp\/v2\/pages\/82\/revisions\/835"}],"up":[{"embeddable":true,"href":"https:\/\/bibliotekutvikling.no\/sharedreading\/wp-json\/wp\/v2\/pages\/25"}],"wp:featuredmedia":[{"embeddable":true,"href":"https:\/\/bibliotekutvikling.no\/sharedreading\/wp-json\/wp\/v2\/media\/95"}],"wp:attachment":[{"href":"https:\/\/bibliotekutvikling.no\/sharedreading\/wp-json\/wp\/v2\/media?parent=82"}],"curies":[{"name":"wp","href":"https:\/\/api.w.org\/{rel}","templated":true}]}}