{"id":368,"date":"2023-06-29T15:36:35","date_gmt":"2023-06-29T13:36:35","guid":{"rendered":"https:\/\/bibliotekutvikling.no\/sharedreading\/?page_id=368"},"modified":"2025-04-03T12:09:23","modified_gmt":"2025-04-03T10:09:23","slug":"prosjekter","status":"publish","type":"page","link":"https:\/\/bibliotekutvikling.no\/sharedreading\/shared-reading\/prosjekter\/","title":{"rendered":"Prosjekter"},"content":{"rendered":"\n<p>Etableringen av shared reading i Norge er realisert gjennom mange ulike prosjekter, flere av dem finansiert gjennom Nasjonalbibliotekets ordninger. <\/p>\n\n\n\n<p>I prosjektbanken finner man inspirasjon og informasjon om bibliotekenes erfaringer:<\/p>\n\n\n\n<ul class=\"wp-block-list\">\n<li><a rel=\"noreferrer noopener\" href=\"https:\/\/bibliotekutvikling.no\/prosjektbank\/?fwp_search=shared%20reading&amp;fwp_status=ended\" target=\"_blank\">Avsluttede prosjekter med s\u00f8knad og rapport<\/a><\/li>\n\n\n\n<li><a rel=\"noreferrer noopener\" href=\"https:\/\/bibliotekutvikling.no\/prosjektbank\/?fwp_search=shared%20reading&amp;fwp_status=active\" target=\"_blank\">P\u00e5g\u00e5ende prosjekter med s\u00f8knad<\/a><\/li>\n<\/ul>\n\n\n\n<p>Prosjektet <a href=\"https:\/\/web.trondelagfylke.no\/trondelag-fylkesbibliotek\/bibliotekutvikling\/prosjekt\/litterare-pusterom\/\" target=\"_blank\" rel=\"noreferrer noopener\">&laquo;Litter\u00e6re pusterom &#8211; Shared Reading for st\u00f8rre livskvalitet&raquo; <\/a>var et tre\u00e5rig prosjekt drevet av Tr\u00f8ndelag fylkesbibliotek i samarbeid med M\u00f8re og Romsdal fylkeskommune, i perioden 2019-2022. Prosjektet ble finansiert av Sparebankstiftelsen SMN. P\u00e5 prosjektets nettside finnes blant annet rapporter fra prosjektet og markedsf\u00f8ringsmateriell.<\/p>\n\n\n\n<figure class=\"wp-block-image size-large\"><a href=\"https:\/\/web.trondelagfylke.no\/trondelag-fylkesbibliotek\/bibliotekutvikling\/prosjekt\/litterare-pusterom\/\"><img loading=\"lazy\" decoding=\"async\" width=\"1024\" height=\"744\" src=\"https:\/\/bibliotekutvikling.no\/content\/uploads\/sites\/27\/2023\/08\/litteraere-pusterom-1024x744.png\" alt=\"Skjermdump forside &quot;Litter\u00e6re pusterom&quot;\" class=\"wp-image-450\" srcset=\"https:\/\/bibliotekutvikling.no\/content\/uploads\/sites\/27\/2023\/08\/litteraere-pusterom-1024x744.png 1024w, https:\/\/bibliotekutvikling.no\/content\/uploads\/sites\/27\/2023\/08\/litteraere-pusterom-300x218.png 300w, https:\/\/bibliotekutvikling.no\/content\/uploads\/sites\/27\/2023\/08\/litteraere-pusterom-768x558.png 768w, https:\/\/bibliotekutvikling.no\/content\/uploads\/sites\/27\/2023\/08\/litteraere-pusterom.png 1371w\" sizes=\"auto, (max-width: 1024px) 100vw, 1024px\" \/><\/a><figcaption class=\"wp-element-caption\">Skjermdump<\/figcaption><\/figure>\n\n\n\n<p>Rogaland fylkesbibliotek har f\u00e5tt gavemidler fra Sparebankstiftelsen SR-bank i to runder (2021-2022 og 2022-2024), til prosjektet <a href=\"https:\/\/www.rogfk.no\/vare-tjenester\/kultur-idrett-og-friluftsliv\/fylkesbiblioteket\/bibliotekutvikling\/litterare-pusterom\/\" target=\"_blank\" rel=\"noreferrer noopener\">&laquo;Litter\u00e6re pusterom i Rogaland.&raquo; <\/a> P\u00e5 prosjektets nettside finnes rapporten fra den f\u00f8rste gaveperioden. <\/p>\n\n\n\n<figure class=\"wp-block-image size-large\"><a href=\"https:\/\/www.rogfk.no\/vare-tjenester\/kultur-idrett-og-friluftsliv\/fylkesbiblioteket\/bibliotekutvikling\/litterare-pusterom\/\"><img loading=\"lazy\" decoding=\"async\" width=\"1024\" height=\"635\" src=\"https:\/\/bibliotekutvikling.no\/content\/uploads\/sites\/27\/2023\/08\/litteraere-pusterom-rogaland-1024x635.png\" alt=\"Skjermdump Forside &quot;litter\u00e6re pusterom&quot; Rogaland fylkeskommune.\" class=\"wp-image-453\" srcset=\"https:\/\/bibliotekutvikling.no\/content\/uploads\/sites\/27\/2023\/08\/litteraere-pusterom-rogaland-1024x635.png 1024w, https:\/\/bibliotekutvikling.no\/content\/uploads\/sites\/27\/2023\/08\/litteraere-pusterom-rogaland-300x186.png 300w, https:\/\/bibliotekutvikling.no\/content\/uploads\/sites\/27\/2023\/08\/litteraere-pusterom-rogaland-768x476.png 768w, https:\/\/bibliotekutvikling.no\/content\/uploads\/sites\/27\/2023\/08\/litteraere-pusterom-rogaland.png 1534w\" sizes=\"auto, (max-width: 1024px) 100vw, 1024px\" \/><\/a><figcaption class=\"wp-element-caption\">Skjermdump<\/figcaption><\/figure>\n","protected":false},"excerpt":{"rendered":"","protected":false},"author":2521,"featured_media":369,"parent":25,"menu_order":0,"comment_status":"closed","ping_status":"closed","template":"","meta":{"nb_hide_title":false,"sub_navigation_option":"","sub_navigation_custom_items":[],"footnotes":""},"class_list":["post-368","page","type-page","status-publish","has-post-thumbnail","hentry"],"yoast_head":"<!-- This site is optimized with the Yoast SEO plugin v26.9 - https:\/\/yoast.com\/product\/yoast-seo-wordpress\/ -->\n<title>Prosjekter - Shared reading<\/title>\n<meta name=\"robots\" content=\"index, follow, max-snippet:-1, max-image-preview:large, max-video-preview:-1\" \/>\n<link rel=\"canonical\" href=\"https:\/\/bibliotekutvikling.no\/sharedreading\/shared-reading\/prosjekter\/\" \/>\n<meta property=\"og:locale\" content=\"nb_NO\" \/>\n<meta property=\"og:type\" content=\"article\" \/>\n<meta property=\"og:title\" content=\"Prosjekter - Shared reading\" \/>\n<meta property=\"og:url\" content=\"https:\/\/bibliotekutvikling.no\/sharedreading\/shared-reading\/prosjekter\/\" \/>\n<meta property=\"og:site_name\" content=\"Shared reading\" \/>\n<meta property=\"article:modified_time\" content=\"2025-04-03T10:09:23+00:00\" \/>\n<meta property=\"og:image\" content=\"https:\/\/bibliotekutvikling.no\/content\/uploads\/sites\/27\/2023\/06\/gule-lapper-unsplash-scaled.jpg\" \/>\n\t<meta property=\"og:image:width\" content=\"2560\" \/>\n\t<meta property=\"og:image:height\" content=\"1734\" \/>\n\t<meta property=\"og:image:type\" content=\"image\/jpeg\" \/>\n<meta name=\"twitter:card\" content=\"summary_large_image\" \/>\n<meta name=\"twitter:label1\" content=\"Ansl. lesetid\" \/>\n\t<meta name=\"twitter:data1\" content=\"2 minutter\" \/>\n<script type=\"application\/ld+json\" class=\"yoast-schema-graph\">{\"@context\":\"https:\/\/schema.org\",\"@graph\":[{\"@type\":\"WebPage\",\"@id\":\"https:\/\/bibliotekutvikling.no\/sharedreading\/shared-reading\/prosjekter\/\",\"url\":\"https:\/\/bibliotekutvikling.no\/sharedreading\/shared-reading\/prosjekter\/\",\"name\":\"Prosjekter - Shared reading\",\"isPartOf\":{\"@id\":\"https:\/\/bibliotekutvikling.no\/sharedreading\/#website\"},\"primaryImageOfPage\":{\"@id\":\"https:\/\/bibliotekutvikling.no\/sharedreading\/shared-reading\/prosjekter\/#primaryimage\"},\"image\":{\"@id\":\"https:\/\/bibliotekutvikling.no\/sharedreading\/shared-reading\/prosjekter\/#primaryimage\"},\"thumbnailUrl\":\"https:\/\/bibliotekutvikling.no\/content\/uploads\/sites\/27\/2023\/06\/gule-lapper-unsplash-scaled.jpg\",\"datePublished\":\"2023-06-29T13:36:35+00:00\",\"dateModified\":\"2025-04-03T10:09:23+00:00\",\"breadcrumb\":{\"@id\":\"https:\/\/bibliotekutvikling.no\/sharedreading\/shared-reading\/prosjekter\/#breadcrumb\"},\"inLanguage\":\"nb-NO\",\"potentialAction\":[{\"@type\":\"ReadAction\",\"target\":[\"https:\/\/bibliotekutvikling.no\/sharedreading\/shared-reading\/prosjekter\/\"]}]},{\"@type\":\"ImageObject\",\"inLanguage\":\"nb-NO\",\"@id\":\"https:\/\/bibliotekutvikling.no\/sharedreading\/shared-reading\/prosjekter\/#primaryimage\",\"url\":\"https:\/\/bibliotekutvikling.no\/content\/uploads\/sites\/27\/2023\/06\/gule-lapper-unsplash-scaled.jpg\",\"contentUrl\":\"https:\/\/bibliotekutvikling.no\/content\/uploads\/sites\/27\/2023\/06\/gule-lapper-unsplash-scaled.jpg\",\"width\":2560,\"height\":1734},{\"@type\":\"BreadcrumbList\",\"@id\":\"https:\/\/bibliotekutvikling.no\/sharedreading\/shared-reading\/prosjekter\/#breadcrumb\",\"itemListElement\":[{\"@type\":\"ListItem\",\"position\":1,\"name\":\"Hjem\",\"item\":\"https:\/\/bibliotekutvikling.no\/sharedreading\/\"},{\"@type\":\"ListItem\",\"position\":2,\"name\":\"Shared reading \u2013 samlesing\",\"item\":\"https:\/\/bibliotekutvikling.no\/sharedreading\/\"},{\"@type\":\"ListItem\",\"position\":3,\"name\":\"Prosjekter\"}]},{\"@type\":\"WebSite\",\"@id\":\"https:\/\/bibliotekutvikling.no\/sharedreading\/#website\",\"url\":\"https:\/\/bibliotekutvikling.no\/sharedreading\/\",\"name\":\"Shared reading\",\"description\":\"\",\"potentialAction\":[{\"@type\":\"SearchAction\",\"target\":{\"@type\":\"EntryPoint\",\"urlTemplate\":\"https:\/\/bibliotekutvikling.no\/sharedreading\/?s={search_term_string}\"},\"query-input\":{\"@type\":\"PropertyValueSpecification\",\"valueRequired\":true,\"valueName\":\"search_term_string\"}}],\"inLanguage\":\"nb-NO\"}]}<\/script>\n<!-- \/ Yoast SEO plugin. -->","yoast_head_json":{"title":"Prosjekter - Shared reading","robots":{"index":"index","follow":"follow","max-snippet":"max-snippet:-1","max-image-preview":"max-image-preview:large","max-video-preview":"max-video-preview:-1"},"canonical":"https:\/\/bibliotekutvikling.no\/sharedreading\/shared-reading\/prosjekter\/","og_locale":"nb_NO","og_type":"article","og_title":"Prosjekter - Shared reading","og_url":"https:\/\/bibliotekutvikling.no\/sharedreading\/shared-reading\/prosjekter\/","og_site_name":"Shared reading","article_modified_time":"2025-04-03T10:09:23+00:00","og_image":[{"width":2560,"height":1734,"url":"https:\/\/bibliotekutvikling.no\/content\/uploads\/sites\/27\/2023\/06\/gule-lapper-unsplash-scaled.jpg","type":"image\/jpeg"}],"twitter_card":"summary_large_image","twitter_misc":{"Ansl. lesetid":"2 minutter"},"schema":{"@context":"https:\/\/schema.org","@graph":[{"@type":"WebPage","@id":"https:\/\/bibliotekutvikling.no\/sharedreading\/shared-reading\/prosjekter\/","url":"https:\/\/bibliotekutvikling.no\/sharedreading\/shared-reading\/prosjekter\/","name":"Prosjekter - Shared reading","isPartOf":{"@id":"https:\/\/bibliotekutvikling.no\/sharedreading\/#website"},"primaryImageOfPage":{"@id":"https:\/\/bibliotekutvikling.no\/sharedreading\/shared-reading\/prosjekter\/#primaryimage"},"image":{"@id":"https:\/\/bibliotekutvikling.no\/sharedreading\/shared-reading\/prosjekter\/#primaryimage"},"thumbnailUrl":"https:\/\/bibliotekutvikling.no\/content\/uploads\/sites\/27\/2023\/06\/gule-lapper-unsplash-scaled.jpg","datePublished":"2023-06-29T13:36:35+00:00","dateModified":"2025-04-03T10:09:23+00:00","breadcrumb":{"@id":"https:\/\/bibliotekutvikling.no\/sharedreading\/shared-reading\/prosjekter\/#breadcrumb"},"inLanguage":"nb-NO","potentialAction":[{"@type":"ReadAction","target":["https:\/\/bibliotekutvikling.no\/sharedreading\/shared-reading\/prosjekter\/"]}]},{"@type":"ImageObject","inLanguage":"nb-NO","@id":"https:\/\/bibliotekutvikling.no\/sharedreading\/shared-reading\/prosjekter\/#primaryimage","url":"https:\/\/bibliotekutvikling.no\/content\/uploads\/sites\/27\/2023\/06\/gule-lapper-unsplash-scaled.jpg","contentUrl":"https:\/\/bibliotekutvikling.no\/content\/uploads\/sites\/27\/2023\/06\/gule-lapper-unsplash-scaled.jpg","width":2560,"height":1734},{"@type":"BreadcrumbList","@id":"https:\/\/bibliotekutvikling.no\/sharedreading\/shared-reading\/prosjekter\/#breadcrumb","itemListElement":[{"@type":"ListItem","position":1,"name":"Hjem","item":"https:\/\/bibliotekutvikling.no\/sharedreading\/"},{"@type":"ListItem","position":2,"name":"Shared reading \u2013 samlesing","item":"https:\/\/bibliotekutvikling.no\/sharedreading\/"},{"@type":"ListItem","position":3,"name":"Prosjekter"}]},{"@type":"WebSite","@id":"https:\/\/bibliotekutvikling.no\/sharedreading\/#website","url":"https:\/\/bibliotekutvikling.no\/sharedreading\/","name":"Shared reading","description":"","potentialAction":[{"@type":"SearchAction","target":{"@type":"EntryPoint","urlTemplate":"https:\/\/bibliotekutvikling.no\/sharedreading\/?s={search_term_string}"},"query-input":{"@type":"PropertyValueSpecification","valueRequired":true,"valueName":"search_term_string"}}],"inLanguage":"nb-NO"}]}},"_links":{"self":[{"href":"https:\/\/bibliotekutvikling.no\/sharedreading\/wp-json\/wp\/v2\/pages\/368","targetHints":{"allow":["GET"]}}],"collection":[{"href":"https:\/\/bibliotekutvikling.no\/sharedreading\/wp-json\/wp\/v2\/pages"}],"about":[{"href":"https:\/\/bibliotekutvikling.no\/sharedreading\/wp-json\/wp\/v2\/types\/page"}],"author":[{"embeddable":true,"href":"https:\/\/bibliotekutvikling.no\/sharedreading\/wp-json\/wp\/v2\/users\/2521"}],"replies":[{"embeddable":true,"href":"https:\/\/bibliotekutvikling.no\/sharedreading\/wp-json\/wp\/v2\/comments?post=368"}],"version-history":[{"count":5,"href":"https:\/\/bibliotekutvikling.no\/sharedreading\/wp-json\/wp\/v2\/pages\/368\/revisions"}],"predecessor-version":[{"id":841,"href":"https:\/\/bibliotekutvikling.no\/sharedreading\/wp-json\/wp\/v2\/pages\/368\/revisions\/841"}],"up":[{"embeddable":true,"href":"https:\/\/bibliotekutvikling.no\/sharedreading\/wp-json\/wp\/v2\/pages\/25"}],"wp:featuredmedia":[{"embeddable":true,"href":"https:\/\/bibliotekutvikling.no\/sharedreading\/wp-json\/wp\/v2\/media\/369"}],"wp:attachment":[{"href":"https:\/\/bibliotekutvikling.no\/sharedreading\/wp-json\/wp\/v2\/media?parent=368"}],"curies":[{"name":"wp","href":"https:\/\/api.w.org\/{rel}","templated":true}]}}