{"id":971,"date":"2020-02-06T10:37:34","date_gmt":"2020-02-06T09:37:34","guid":{"rendered":"https:\/\/bibliotekutvikling.no\/kunnskapsorganisering\/?page_id=971"},"modified":"2026-03-26T12:17:22","modified_gmt":"2026-03-26T11:17:22","slug":"metadatabronn","status":"publish","type":"page","link":"https:\/\/bibliotekutvikling.no\/kunnskapsorganisering\/metadata-fra-nasjonalbiblioteket\/metadatabronn\/","title":{"rendered":"Metadatabr\u00f8nnen"},"content":{"rendered":"\n<p><sup>26.mars 2026<\/sup><\/p>\n\n\n\n<h2 class=\"wp-block-heading\" id=\"h-bibliotekenes-metadatabronn-nbsp-2026-nbsp\">Bibliotekenes metadatabr\u00f8nn&nbsp;2026&nbsp;<\/h2>\n\n\n\n<h3 class=\"wp-block-heading\">Bakgrunn for etableringen<\/h3>\n\n\n\n<p>Ett av tiltakene i regjeringens\u00a0<a href=\"https:\/\/bibliotekutvikling.no\/nasjonal-bibliotekutvikling\/nasjonal-bibliotekstrategi-2020-2023-rom-for-demokrati-og-dannelse\/\">bibliotekstrategi 2020-2025<\/a>\u00a0var en metadatabr\u00f8nn:<\/p>\n\n\n\n<blockquote class=\"wp-block-quote is-style-quiet is-layout-flow wp-block-quote-is-layout-flow\"><div class=\"wp-block-t2-icon is-layout-flex wp-block-icon-is-layout-flex\"><svg xmlns=\"http:\/\/www.w3.org\/2000\/svg\" viewBox=\"0 0 32 32\" height=\"24\" width=\"24\" class=\"t2-icon t2-icon-quote\" aria-hidden=\"true\" focusable=\"false\"><path d=\"M28.5868 4L30 5.41176C28.4101 7.35294 23.1104 13.1765 23.1104 16.4412C23.1104 18.1176 28.6751 18.4706 28.6751 23.7647C28.6751 25.3529 27.7918 28 24.5237 28C20.9905 28 18.7823 25.0882 18.7823 20.5C18.7823 14.3235 24.5237 7.79412 28.5868 4ZM11.8044 4L13.2177 5.41176C11.6278 7.35294 6.32808 13.1765 6.32808 16.4412C6.32808 18.1176 11.8927 18.4706 11.8927 23.7647C11.8927 25.3529 11.0095 28 7.74132 28C4.2082 28 2 25.0882 2 20.5C2 14.3235 7.74132 7.79412 11.8044 4Z\" fill=\"currentColor\" \/><\/svg><\/div>\n<p><em>Nasjonalbiblioteket skal i samarbeid med Unit etablere en nasjonal metadatabr\u00f8nn som sikrer \u00e9n autorisert kilde til metadata for norske bibliotek, og som muliggj\u00f8r gjenbruk av metadata b\u00e5de mellom bibliotekene og mellom bibliotekene og andre akt\u00f8rer.\u00bb<\/em><\/p>\n\n\n\n<p><\/p>\n<cite>Utvidet nasjonal bibliotekstrategi 2020-2025 \u2013 Rom for demokrati og dannelse<\/cite><\/blockquote>\n\n\n\n<p><a href=\"https:\/\/bmdb.no\/nb\" target=\"_blank\" rel=\"noreferrer noopener\">Bibliotekenes metadatabr\u00f8nn<\/a>&nbsp;ble offisielt lansert 18. mars 2026.&nbsp;<\/p>\n\n\n\n<p>Etter en \u00e5pen anbudskonkurranse,&nbsp;inngikk Nasjonalbiblioteket&nbsp;i&nbsp;mars 2025&nbsp;avtale med&nbsp;<a href=\"https:\/\/www.bibsent.no\/\" target=\"_blank\" rel=\"noreferrer noopener\">Biblioteksentralen<\/a>&nbsp;om \u00e5 levere og drifte&nbsp;tjenesten som har f\u00e5tt navnet&nbsp;Bibliotekenes metadatabr\u00f8nn.&nbsp;B\u00e5de bibliotek og tjenesteutviklere finner mer informasjon hos&nbsp;<a href=\"https:\/\/www.bibliotekenes.no\/metadata\" target=\"_blank\" rel=\"noreferrer noopener\">Biblioteksentralen<\/a>.&nbsp;<\/p>\n\n\n\n<p>Bibliotekenes metadatabr\u00f8nn&nbsp;er&nbsp;et samlet og permanent sted for tilgang til metadata for norske bibliotek. Den vil ikke v\u00e6re en tjeneste for brukerne av bibliotekene, men et kvalitetssikret datagrunnlag&nbsp;med sikker opprinnelse for&nbsp;utvikling av gode tjenester&nbsp;for bibliotekene.&nbsp;&nbsp;<\/p>\n\n\n\n<p>Nasjonale tjenester&nbsp;som Biblioteks\u00f8k&nbsp;og&nbsp;<a href=\"https:\/\/bibliotekutvikling.no\/felles-formidlingslosning\/\" target=\"_blank\" rel=\"noreferrer noopener\">Felles formidlingsl\u00f8sning<\/a>&nbsp;vil ogs\u00e5 etter hvert&nbsp;kunne&nbsp;hente sitt datagrunnlag i metadatabr\u00f8nnen.&nbsp;&nbsp;&nbsp;<\/p>\n\n\n\n<p>Metadatabr\u00f8nnen inneholder&nbsp;ved oppstarten&nbsp;alle data fra&nbsp; Nasjonalbibliotekets&nbsp;metadataleveranse&nbsp;fra og med 2017,&nbsp;metadata&nbsp;som Biblioteksentralen tilbyr sine kunder&nbsp;og&nbsp;digitale&nbsp;innholdstjenester&nbsp;som bibliotekene abonnerer p\u00e5.&nbsp;Det kan komme til flere data senere.&nbsp;&nbsp;<\/p>\n\n\n\n<p>Dataene&nbsp;er tilgjengelig som MARC 21 for bibliotek og&nbsp;for utviklere som JSON.&nbsp;I l\u00f8pet av 2026 vil det&nbsp;ogs\u00e5&nbsp;bli&nbsp;utviklet et utvekslingsformat for lenkede data&nbsp;etter RDA\/LRM-standarden.&nbsp;&nbsp;<\/p>\n\n\n\n<p>Import av data til&nbsp;metadatabr\u00f8nnen er kostnadsfri for bibliotekene,&nbsp; Nasjonalbiblioteket dekker kostnadene.&nbsp;Bibliografiske data&nbsp;som importeres til&nbsp;metadatabr\u00f8nnen, blir&nbsp;fors\u00f8kt&nbsp;sl\u00e5tt sammen med eksisterende data&nbsp;og&nbsp;dubletter&nbsp;fjernes.&nbsp;&nbsp;<\/p>\n\n\n\n<figure class=\"wp-block-image size-large\"><img loading=\"lazy\" decoding=\"async\" width=\"1024\" height=\"596\" src=\"https:\/\/bibliotekutvikling.no\/content\/uploads\/sites\/8\/2025\/03\/Figur-1024x596.png\" alt=\"\" class=\"wp-image-2486\" style=\"box-shadow:var(--wp--preset--shadow--deep)\" srcset=\"https:\/\/bibliotekutvikling.no\/content\/uploads\/sites\/8\/2025\/03\/Figur-1024x596.png 1024w, https:\/\/bibliotekutvikling.no\/content\/uploads\/sites\/8\/2025\/03\/Figur-300x175.png 300w, https:\/\/bibliotekutvikling.no\/content\/uploads\/sites\/8\/2025\/03\/Figur-768x447.png 768w, https:\/\/bibliotekutvikling.no\/content\/uploads\/sites\/8\/2025\/03\/Figur-1536x894.png 1536w, https:\/\/bibliotekutvikling.no\/content\/uploads\/sites\/8\/2025\/03\/Figur-2048x1192.png 2048w\" sizes=\"auto, (max-width: 1024px) 100vw, 1024px\" \/><figcaption class=\"wp-element-caption\">Modell over metadatabr\u00f8nnen<\/figcaption><\/figure>\n\n\n\n<h2 class=\"wp-block-heading\" id=\"h-entitetsbaserte-metadata-nbsp\">Entitetsbaserte metadata&nbsp;<\/h2>\n\n\n\n<p>Bibliotekstrategien pekte ogs\u00e5 p\u00e5 en overgang fra MARC-format til \u00e5pne lenkede data,&nbsp;realisert som&nbsp;entitetsbaserte metadata.&nbsp;N\u00e5&nbsp;er dette gjort mulig med&nbsp;Bibliotekenes metadatabr\u00f8nn.&nbsp;Metadatabr\u00f8nnen bidrar&nbsp;til&nbsp;en myk&nbsp;overgang. Bibliotek og tjenesteutviklere&nbsp;kan&nbsp;bygge tjenester&nbsp;direkte mot&nbsp;metadatabr\u00f8nnen uten \u00e5 vente p\u00e5 at bibliotekets katalog konverteres til&nbsp;en entitetsbasert struktur&nbsp;\u2013 forutsatt at bibliotekets data er&nbsp;importert.&nbsp;&nbsp;&nbsp;<\/p>\n\n\n\n<p>Datastrukturen&nbsp;i metadatabr\u00f8nnen er&nbsp;basert p\u00e5&nbsp;<a href=\"https:\/\/www.rdaregistry.info\/Elements\/\" target=\"_blank\" rel=\"noreferrer noopener\">RDA\/LRM<\/a>&nbsp;\u2013 en datamodell som Nasjonalbiblioteket ogs\u00e5&nbsp;<a href=\"https:\/\/bibliotekutvikling.no\/kunnskapsorganisering\/datamodell-for-bibliografiske-lenkede-data-i-norske-bibliotek\/\" target=\"_blank\" rel=\"noreferrer noopener\">anbefaler brukt i norske bibliotek<\/a>.&nbsp;&nbsp;<\/p>\n\n\n\n<p>Entitetsbaserte&nbsp;metadata&nbsp;legger et godt grunnlag for&nbsp;ryddige&nbsp;trefflister,&nbsp; effektiv&nbsp;metadataproduksjon&nbsp;og konsistente data.&nbsp;Med&nbsp;entitetsbaserte metadata&nbsp;deles metadataposten opp i&nbsp;<strong>verk,<\/strong>&nbsp;<strong>uttrykk<\/strong>&nbsp;(lydbok\/trykt bok\/svensk utgave),<strong>&nbsp;manifestasjon<\/strong>&nbsp;(konkret utgivelse) og&nbsp;<strong>eksemplar.<\/strong>&nbsp;Alle informasjonselementene f\u00e5r unike identifikatorer.&nbsp; Dataene som er koblet til verksentiteten utgj\u00f8r i praksis et&nbsp;ogs\u00e5 et&nbsp;felles verksregister for bibliotek.&nbsp;&nbsp;<\/p>\n\n\n\n<p>Se ogs\u00e5:&nbsp;<a href=\"https:\/\/bibliotekutvikling.no\/kunnskapsorganisering\/datamodell-for-bibliografiske-lenkede-data-i-norske-bibliotek\/\" target=\"_blank\" rel=\"noreferrer noopener\">Nasjonalbibliotekets anbefaling om datamodell for bibliografiske lenkede data i norske bibliotek.<\/a>&nbsp;<\/p>\n","protected":false},"excerpt":{"rendered":"<p>Metadatabr\u00f8nnen blir et samlet og permanent sted for tilgang til metadata for norske bibliotek. Den vil v\u00e6re et kvalitetssikret og samlet datagrunnlag for utvikling av gode tjenester.<\/p>\n","protected":false},"author":52,"featured_media":2396,"parent":5,"menu_order":0,"comment_status":"closed","ping_status":"closed","template":"","meta":{"nb_hide_title":false,"sub_navigation_option":"","sub_navigation_custom_items":null,"footnotes":""},"class_list":["post-971","page","type-page","status-publish","has-post-thumbnail","hentry"],"yoast_head":"<!-- This site is optimized with the Yoast SEO Premium plugin v27.1 (Yoast SEO v27.1.1) - https:\/\/yoast.com\/product\/yoast-seo-premium-wordpress\/ -->\n<title>Metadatabr\u00f8nnen - Kunnskapsorganisering<\/title>\n<meta name=\"description\" content=\"Metadatabr\u00f8nnen blir et samlet og permanent sted for tilgang til metadata for norske bibliotek. Den vil v\u00e6re et kvalitetssikret og samlet datagrunnlag for utvikling av gode tjenester.\" \/>\n<meta name=\"robots\" content=\"index, follow, max-snippet:-1, max-image-preview:large, max-video-preview:-1\" \/>\n<link rel=\"canonical\" href=\"https:\/\/bibliotekutvikling.no\/kunnskapsorganisering\/metadata-fra-nasjonalbiblioteket\/metadatabronn\/\" \/>\n<meta property=\"og:locale\" content=\"nb_NO\" \/>\n<meta property=\"og:type\" content=\"article\" \/>\n<meta property=\"og:title\" content=\"Metadatabr\u00f8nnen\" \/>\n<meta property=\"og:description\" content=\"Metadatabr\u00f8nnen blir et samlet og permanent sted for tilgang til metadata for norske bibliotek. Den vil v\u00e6re et kvalitetssikret og samlet datagrunnlag for utvikling av gode tjenester.\" \/>\n<meta property=\"og:url\" content=\"https:\/\/bibliotekutvikling.no\/kunnskapsorganisering\/metadata-fra-nasjonalbiblioteket\/metadatabronn\/\" \/>\n<meta property=\"og:site_name\" content=\"Kunnskapsorganisering\" \/>\n<meta property=\"article:modified_time\" content=\"2026-03-26T11:17:22+00:00\" \/>\n<meta property=\"og:image\" content=\"https:\/\/bibliotekutvikling.no\/content\/uploads\/sites\/8\/2024\/11\/fine-bok-i-biblioteket-shutterstock-scaled.jpg\" \/>\n\t<meta property=\"og:image:width\" content=\"2560\" \/>\n\t<meta property=\"og:image:height\" content=\"1703\" \/>\n\t<meta property=\"og:image:type\" content=\"image\/jpeg\" \/>\n<meta name=\"twitter:card\" content=\"summary_large_image\" \/>\n<meta name=\"twitter:label1\" content=\"Ansl. lesetid\" \/>\n\t<meta name=\"twitter:data1\" content=\"3 minutter\" \/>\n<script type=\"application\/ld+json\" class=\"yoast-schema-graph\">{\"@context\":\"https:\/\/schema.org\",\"@graph\":[{\"@type\":\"WebPage\",\"@id\":\"https:\/\/bibliotekutvikling.no\/kunnskapsorganisering\/metadata-fra-nasjonalbiblioteket\/metadatabronn\/\",\"url\":\"https:\/\/bibliotekutvikling.no\/kunnskapsorganisering\/metadata-fra-nasjonalbiblioteket\/metadatabronn\/\",\"name\":\"Metadatabr\u00f8nnen - Kunnskapsorganisering\",\"isPartOf\":{\"@id\":\"https:\/\/bibliotekutvikling.no\/kunnskapsorganisering\/#website\"},\"primaryImageOfPage\":{\"@id\":\"https:\/\/bibliotekutvikling.no\/kunnskapsorganisering\/metadata-fra-nasjonalbiblioteket\/metadatabronn\/#primaryimage\"},\"image\":{\"@id\":\"https:\/\/bibliotekutvikling.no\/kunnskapsorganisering\/metadata-fra-nasjonalbiblioteket\/metadatabronn\/#primaryimage\"},\"thumbnailUrl\":\"https:\/\/bibliotekutvikling.no\/content\/uploads\/sites\/8\/2024\/11\/fine-bok-i-biblioteket-shutterstock-scaled.jpg\",\"datePublished\":\"2020-02-06T09:37:34+00:00\",\"dateModified\":\"2026-03-26T11:17:22+00:00\",\"description\":\"Metadatabr\u00f8nnen blir et samlet og permanent sted for tilgang til metadata for norske bibliotek. Den vil v\u00e6re et kvalitetssikret og samlet datagrunnlag for utvikling av gode tjenester.\",\"breadcrumb\":{\"@id\":\"https:\/\/bibliotekutvikling.no\/kunnskapsorganisering\/metadata-fra-nasjonalbiblioteket\/metadatabronn\/#breadcrumb\"},\"inLanguage\":\"nb-NO\",\"potentialAction\":[{\"@type\":\"ReadAction\",\"target\":[\"https:\/\/bibliotekutvikling.no\/kunnskapsorganisering\/metadata-fra-nasjonalbiblioteket\/metadatabronn\/\"]}]},{\"@type\":\"ImageObject\",\"inLanguage\":\"nb-NO\",\"@id\":\"https:\/\/bibliotekutvikling.no\/kunnskapsorganisering\/metadata-fra-nasjonalbiblioteket\/metadatabronn\/#primaryimage\",\"url\":\"https:\/\/bibliotekutvikling.no\/content\/uploads\/sites\/8\/2024\/11\/fine-bok-i-biblioteket-shutterstock-scaled.jpg\",\"contentUrl\":\"https:\/\/bibliotekutvikling.no\/content\/uploads\/sites\/8\/2024\/11\/fine-bok-i-biblioteket-shutterstock-scaled.jpg\",\"width\":2560,\"height\":1703,\"caption\":\"Arm som henter ut en bok fra bokhylle i biblioteket - shutterstock\"},{\"@type\":\"BreadcrumbList\",\"@id\":\"https:\/\/bibliotekutvikling.no\/kunnskapsorganisering\/metadata-fra-nasjonalbiblioteket\/metadatabronn\/#breadcrumb\",\"itemListElement\":[{\"@type\":\"ListItem\",\"position\":1,\"name\":\"Home\",\"item\":\"https:\/\/bibliotekutvikling.no\/kunnskapsorganisering\/\"},{\"@type\":\"ListItem\",\"position\":2,\"name\":\"Metadata fra Nasjonalbiblioteket\",\"item\":\"https:\/\/bibliotekutvikling.no\/kunnskapsorganisering\/metadata-fra-nasjonalbiblioteket\/\"},{\"@type\":\"ListItem\",\"position\":3,\"name\":\"Metadatabr\u00f8nnen\"}]},{\"@type\":\"WebSite\",\"@id\":\"https:\/\/bibliotekutvikling.no\/kunnskapsorganisering\/#website\",\"url\":\"https:\/\/bibliotekutvikling.no\/kunnskapsorganisering\/\",\"name\":\"Kunnskapsorganisering\",\"description\":\"Ressurser i kunnskapsorganisering\",\"publisher\":{\"@id\":\"https:\/\/bibliotekutvikling.no\/kunnskapsorganisering\/#organization\"},\"potentialAction\":[{\"@type\":\"SearchAction\",\"target\":{\"@type\":\"EntryPoint\",\"urlTemplate\":\"https:\/\/bibliotekutvikling.no\/kunnskapsorganisering\/?s={search_term_string}\"},\"query-input\":{\"@type\":\"PropertyValueSpecification\",\"valueRequired\":true,\"valueName\":\"search_term_string\"}}],\"inLanguage\":\"nb-NO\"},{\"@type\":\"Organization\",\"@id\":\"https:\/\/bibliotekutvikling.no\/kunnskapsorganisering\/#organization\",\"name\":\"Kunnskapsorganisering\",\"url\":\"https:\/\/bibliotekutvikling.no\/kunnskapsorganisering\/\",\"logo\":{\"@type\":\"ImageObject\",\"inLanguage\":\"nb-NO\",\"@id\":\"https:\/\/bibliotekutvikling.no\/kunnskapsorganisering\/#\/schema\/logo\/image\/\",\"url\":\"https:\/\/bibliotekutvikling.no\/content\/uploads\/sites\/8\/2024\/07\/MiniatyrBilde_logo.png\",\"contentUrl\":\"https:\/\/bibliotekutvikling.no\/content\/uploads\/sites\/8\/2024\/07\/MiniatyrBilde_logo.png\",\"width\":824,\"height\":744,\"caption\":\"Kunnskapsorganisering\"},\"image\":{\"@id\":\"https:\/\/bibliotekutvikling.no\/kunnskapsorganisering\/#\/schema\/logo\/image\/\"}}]}<\/script>\n<!-- \/ Yoast SEO Premium plugin. -->","yoast_head_json":{"title":"Metadatabr\u00f8nnen - Kunnskapsorganisering","description":"Metadatabr\u00f8nnen blir et samlet og permanent sted for tilgang til metadata for norske bibliotek. Den vil v\u00e6re et kvalitetssikret og samlet datagrunnlag for utvikling av gode tjenester.","robots":{"index":"index","follow":"follow","max-snippet":"max-snippet:-1","max-image-preview":"max-image-preview:large","max-video-preview":"max-video-preview:-1"},"canonical":"https:\/\/bibliotekutvikling.no\/kunnskapsorganisering\/metadata-fra-nasjonalbiblioteket\/metadatabronn\/","og_locale":"nb_NO","og_type":"article","og_title":"Metadatabr\u00f8nnen","og_description":"Metadatabr\u00f8nnen blir et samlet og permanent sted for tilgang til metadata for norske bibliotek. Den vil v\u00e6re et kvalitetssikret og samlet datagrunnlag for utvikling av gode tjenester.","og_url":"https:\/\/bibliotekutvikling.no\/kunnskapsorganisering\/metadata-fra-nasjonalbiblioteket\/metadatabronn\/","og_site_name":"Kunnskapsorganisering","article_modified_time":"2026-03-26T11:17:22+00:00","og_image":[{"width":2560,"height":1703,"url":"https:\/\/bibliotekutvikling.no\/content\/uploads\/sites\/8\/2024\/11\/fine-bok-i-biblioteket-shutterstock-scaled.jpg","type":"image\/jpeg"}],"twitter_card":"summary_large_image","twitter_misc":{"Ansl. lesetid":"3 minutter"},"schema":{"@context":"https:\/\/schema.org","@graph":[{"@type":"WebPage","@id":"https:\/\/bibliotekutvikling.no\/kunnskapsorganisering\/metadata-fra-nasjonalbiblioteket\/metadatabronn\/","url":"https:\/\/bibliotekutvikling.no\/kunnskapsorganisering\/metadata-fra-nasjonalbiblioteket\/metadatabronn\/","name":"Metadatabr\u00f8nnen - Kunnskapsorganisering","isPartOf":{"@id":"https:\/\/bibliotekutvikling.no\/kunnskapsorganisering\/#website"},"primaryImageOfPage":{"@id":"https:\/\/bibliotekutvikling.no\/kunnskapsorganisering\/metadata-fra-nasjonalbiblioteket\/metadatabronn\/#primaryimage"},"image":{"@id":"https:\/\/bibliotekutvikling.no\/kunnskapsorganisering\/metadata-fra-nasjonalbiblioteket\/metadatabronn\/#primaryimage"},"thumbnailUrl":"https:\/\/bibliotekutvikling.no\/content\/uploads\/sites\/8\/2024\/11\/fine-bok-i-biblioteket-shutterstock-scaled.jpg","datePublished":"2020-02-06T09:37:34+00:00","dateModified":"2026-03-26T11:17:22+00:00","description":"Metadatabr\u00f8nnen blir et samlet og permanent sted for tilgang til metadata for norske bibliotek. Den vil v\u00e6re et kvalitetssikret og samlet datagrunnlag for utvikling av gode tjenester.","breadcrumb":{"@id":"https:\/\/bibliotekutvikling.no\/kunnskapsorganisering\/metadata-fra-nasjonalbiblioteket\/metadatabronn\/#breadcrumb"},"inLanguage":"nb-NO","potentialAction":[{"@type":"ReadAction","target":["https:\/\/bibliotekutvikling.no\/kunnskapsorganisering\/metadata-fra-nasjonalbiblioteket\/metadatabronn\/"]}]},{"@type":"ImageObject","inLanguage":"nb-NO","@id":"https:\/\/bibliotekutvikling.no\/kunnskapsorganisering\/metadata-fra-nasjonalbiblioteket\/metadatabronn\/#primaryimage","url":"https:\/\/bibliotekutvikling.no\/content\/uploads\/sites\/8\/2024\/11\/fine-bok-i-biblioteket-shutterstock-scaled.jpg","contentUrl":"https:\/\/bibliotekutvikling.no\/content\/uploads\/sites\/8\/2024\/11\/fine-bok-i-biblioteket-shutterstock-scaled.jpg","width":2560,"height":1703,"caption":"Arm som henter ut en bok fra bokhylle i biblioteket - shutterstock"},{"@type":"BreadcrumbList","@id":"https:\/\/bibliotekutvikling.no\/kunnskapsorganisering\/metadata-fra-nasjonalbiblioteket\/metadatabronn\/#breadcrumb","itemListElement":[{"@type":"ListItem","position":1,"name":"Home","item":"https:\/\/bibliotekutvikling.no\/kunnskapsorganisering\/"},{"@type":"ListItem","position":2,"name":"Metadata fra Nasjonalbiblioteket","item":"https:\/\/bibliotekutvikling.no\/kunnskapsorganisering\/metadata-fra-nasjonalbiblioteket\/"},{"@type":"ListItem","position":3,"name":"Metadatabr\u00f8nnen"}]},{"@type":"WebSite","@id":"https:\/\/bibliotekutvikling.no\/kunnskapsorganisering\/#website","url":"https:\/\/bibliotekutvikling.no\/kunnskapsorganisering\/","name":"Kunnskapsorganisering","description":"Ressurser i kunnskapsorganisering","publisher":{"@id":"https:\/\/bibliotekutvikling.no\/kunnskapsorganisering\/#organization"},"potentialAction":[{"@type":"SearchAction","target":{"@type":"EntryPoint","urlTemplate":"https:\/\/bibliotekutvikling.no\/kunnskapsorganisering\/?s={search_term_string}"},"query-input":{"@type":"PropertyValueSpecification","valueRequired":true,"valueName":"search_term_string"}}],"inLanguage":"nb-NO"},{"@type":"Organization","@id":"https:\/\/bibliotekutvikling.no\/kunnskapsorganisering\/#organization","name":"Kunnskapsorganisering","url":"https:\/\/bibliotekutvikling.no\/kunnskapsorganisering\/","logo":{"@type":"ImageObject","inLanguage":"nb-NO","@id":"https:\/\/bibliotekutvikling.no\/kunnskapsorganisering\/#\/schema\/logo\/image\/","url":"https:\/\/bibliotekutvikling.no\/content\/uploads\/sites\/8\/2024\/07\/MiniatyrBilde_logo.png","contentUrl":"https:\/\/bibliotekutvikling.no\/content\/uploads\/sites\/8\/2024\/07\/MiniatyrBilde_logo.png","width":824,"height":744,"caption":"Kunnskapsorganisering"},"image":{"@id":"https:\/\/bibliotekutvikling.no\/kunnskapsorganisering\/#\/schema\/logo\/image\/"}}]}},"_links":{"self":[{"href":"https:\/\/bibliotekutvikling.no\/kunnskapsorganisering\/wp-json\/wp\/v2\/pages\/971","targetHints":{"allow":["GET"]}}],"collection":[{"href":"https:\/\/bibliotekutvikling.no\/kunnskapsorganisering\/wp-json\/wp\/v2\/pages"}],"about":[{"href":"https:\/\/bibliotekutvikling.no\/kunnskapsorganisering\/wp-json\/wp\/v2\/types\/page"}],"author":[{"embeddable":true,"href":"https:\/\/bibliotekutvikling.no\/kunnskapsorganisering\/wp-json\/wp\/v2\/users\/52"}],"replies":[{"embeddable":true,"href":"https:\/\/bibliotekutvikling.no\/kunnskapsorganisering\/wp-json\/wp\/v2\/comments?post=971"}],"version-history":[{"count":4,"href":"https:\/\/bibliotekutvikling.no\/kunnskapsorganisering\/wp-json\/wp\/v2\/pages\/971\/revisions"}],"predecessor-version":[{"id":2819,"href":"https:\/\/bibliotekutvikling.no\/kunnskapsorganisering\/wp-json\/wp\/v2\/pages\/971\/revisions\/2819"}],"up":[{"embeddable":true,"href":"https:\/\/bibliotekutvikling.no\/kunnskapsorganisering\/wp-json\/wp\/v2\/pages\/5"}],"wp:featuredmedia":[{"embeddable":true,"href":"https:\/\/bibliotekutvikling.no\/kunnskapsorganisering\/wp-json\/wp\/v2\/media\/2396"}],"wp:attachment":[{"href":"https:\/\/bibliotekutvikling.no\/kunnskapsorganisering\/wp-json\/wp\/v2\/media?parent=971"}],"curies":[{"name":"wp","href":"https:\/\/api.w.org\/{rel}","templated":true}]}}