{"id":769,"date":"2019-12-11T22:51:59","date_gmt":"2019-12-11T21:51:59","guid":{"rendered":"https:\/\/bibliotekutvikling.no\/kunnskapsorganisering\/?page_id=769"},"modified":"2026-03-23T16:25:05","modified_gmt":"2026-03-23T15:25:05","slug":"vokabularer","status":"publish","type":"page","link":"https:\/\/bibliotekutvikling.no\/kunnskapsorganisering\/vokabularer\/","title":{"rendered":"Autoritetsregistre og vokabularer"},"content":{"rendered":"\n<p>Under finnes informasjon om vokabularer og kodelister som brukes i metadata. Det er hovedsakelig vokabularer forvaltet av Nasjonalbiblioteket som er inkludert, samt noen f\u00e5 eksterne som forvaltes av organer utenfor biblioteksektoren. <\/p>\n\n\n\n<h2 class=\"wp-block-heading\" id=\"h-nasjonalbibliotekets-vokabulartjeneste-nbvok\">Nasjonalbibliotekets vokabulartjeneste (nbvok)<\/h2>\n\n\n\n<p>Nbvok er <a href=\"https:\/\/www.nb.no\/nbvok\/nb\/\" target=\"_blank\" rel=\"noreferrer noopener\">Nasjonalbibliotekets vokabulartjeneste<\/a>, hvor kontrollerte vokabularer publiseres som \u00e5pne lenkede data i henhold til <a href=\"https:\/\/www.w3.org\/2004\/02\/skos\/\" target=\"_blank\" rel=\"noreferrer noopener\">SKOS<\/a>-ontologien. Det betyr blant annet at hvert begrep har en globalt unik id (URI), som entydig representerer begrepet og den informasjon som er registrert om det. <\/p>\n\n\n\n<p>Som publiseringsplattform har vi valgt <a href=\"https:\/\/skosmos.org\/\" target=\"_blank\" rel=\"noreferrer noopener\">SKOSMOS<\/a>, en applikasjon utviklet ved Nasjonalbiblioteket i Finland, spesielt designet for navigering og s\u00f8k i strukturerte vokabularer.<\/p>\n\n\n\n<h3 class=\"wp-block-heading\">F\u00f8lgende vokabularer er tilgjengelige i nbvok:<\/h3>\n\n\n\n<h2 class=\"wp-block-heading\">Norsk tesaurus for sjanger og form<\/h2>\n\n\n\n<p>En tesaurus med form- og sjangerbegreper for trykt materiale og e-publikasjoner, samt for film og TV-programmer. Tesaurusen dekker b\u00e5de barne- og voksenlitteratur. Termene finnes p\u00e5 bokm\u00e5l, nynorsk og engelsk. Der det er sammenfallende begreper, er det referanser til <a href=\"https:\/\/id.loc.gov\/authorities\/genreForms.html\" target=\"_blank\" rel=\"noreferrer noopener\">Library of Congress Genre\/Form Terms<\/a>.<br><br>Tesaurusen bygger p\u00e5 Biblioteksentralens, Bokbasens og Nasjonalbibliotekets opprinnelige sjanger- og formlister. Humords formtermer og formtermene i Realfagstermer er ogs\u00e5 innlemmet. Tesaurusen blir vedlikeholdt av en gruppe med medlemmer fra Nasjonalbiblioteket, Biblioteksentralen, Bokbasen  og Universitetsbiblioteket i Oslo.<br>Marc-kode: <strong>ntsf<\/strong><br><a href=\"https:\/\/www.nb.no\/nbvok\/ntsf\/nb\/\">Norsk tesaurus for sjanger og form<\/a><\/p>\n\n\n\n<p>Forslag til nye termer eller endringer sendes ntsf@nb.no. <br><a href=\"http:\/\/bibliotekutvikling.no\/kunnskapsorganisering\/kunnskapsorganisering\/vokabularer-utkast\/norsk-tesaurus-for-sjanger-og-form\/\">Mer informasjon<\/a><\/p>\n\n\n\n<h2 class=\"wp-block-heading\" id=\"h-norsk-musikkvokabular-musvok\">Norsk musikkvokabular (Musvok)<\/h2>\n\n\n\n<p>Norsk musikkvokabular best\u00e5r av to tesauruser med termer beregnet p\u00e5 indeksering av musikktrykk og innspilt musikk. <\/p>\n\n\n\n<p>Tesaurusene dekker hvert sitt aspekt ved musikkindeksering:<\/p>\n\n\n\n<ul class=\"wp-block-list\">\n<li>(1) Musikksjangre og -former  <\/li>\n\n\n\n<li>(2) Besetning (dvs. instrumenteringen et stykke musikk er skrevet for, eller fremf\u00f8rt med). <\/li>\n<\/ul>\n\n\n\n<p>Termene fra de to vokabularene skal dermed ikke brukes for emneindeksering (f.eks. materiale som <em>handler<\/em> <em>om<\/em> en musikksjanger, eller som er <em>beskrivelser<\/em> <em>av<\/em> et spesifikt instrument).<\/p>\n\n\n\n<p>Alle termene har bruksnoter og\/eller en kortfattet definisjon for \u00e5 avgrense begrepene. Det er dessuten, s\u00e5 langt det har latt seg gj\u00f8re, opprettet referanser til eksterne tilsvarende vokabularer.<\/p>\n\n\n\n<p>Sjanger- og formtesaurusen har referanser til musikkdelen av <a href=\"http:\/\/id.loc.gov\/authorities\/genreForms\/gf2014026952\"><em>Library\u202fof\u202fCongress Genre\/Form Terms<\/em><\/a> (LCGFT) og <a href=\"https:\/\/finto.fi\/slm\/sv\/\"><em>FGF &#8211; Finl\u00e4ndsk genre- och formlista<\/em><\/a>. <\/p>\n\n\n\n<p>Tesaurusen over instrumenter og ensembler har referanser til <a href=\"http:\/\/id.loc.gov\/authorities\/performanceMediums\"><em>Library of Congress Medium of Performance Thesaurus for Music<\/em><\/a> (LCMPT).<\/p>\n\n\n\n<p>Tesaurusene er utarbeidet p\u00e5 initiativ fra Norsk musikkbibliotekforening (NMBF) og har tatt utgangspunkt i <em>Emneord for musikkdokument i EDB-kataloger<\/em> (Statens bibliotektilsyn, 1993), senest publisert i en nyere utgave p\u00e5 Bergen offentlige biblioteks nettsider.<\/p>\n\n\n\n<p>Marc-koder:<\/p>\n\n\n\n<p><em>Sjangre- og former<\/em>: <strong>musvok-sf<\/strong><\/p>\n\n\n\n<p><em>Instrumenter og ensembler<\/em>: <strong>musvok-ie<\/strong><\/p>\n\n\n\n<p><a href=\"https:\/\/www.nb.no\/nbvok\/musikk\/nb\/\">Norsk musikkvokabular: Sjangre og former<\/a> (nbmusvok)<\/p>\n\n\n\n<p><a href=\"https:\/\/www.nb.no\/nbvok\/instrumenter\/nb\/\">Norsk musikkvokabular: Instrumenter og ensembler<\/a> (nbmusvok)<\/p>\n\n\n\n<p>Forslag til nye termer eller andre endringer rettes til redaksjonen: <a href=\"mailto:musvok@nb.no\" target=\"_blank\" rel=\"noreferrer noopener\">musvok@nb.no<\/a><\/p>\n\n\n\n<h2 class=\"wp-block-heading\">M\u00e5lgrupper<\/h2>\n\n\n\n<p>To korte lister over m\u00e5lgrupper som kan knyttes til dokumenter: (i) Aldersbaserte m\u00e5lgrupper for barne- og ungdomslitteratur (ii) Spesielle m\u00e5lgrupper uavhengig av alder<br>Marc-kode: <strong>nortarget<\/strong> <\/p>\n\n\n\n<p><a href=\"https:\/\/www.nb.no\/nbvok\/tg\/nb\/\">Vokabular for m\u00e5lgrupper<\/a> (nbvok)<\/p>\n\n\n\n<h2 class=\"wp-block-heading\">Aldersgrenser for film<\/h2>\n\n\n\n<p>Medietilsynets aldersgrenser for film<br>Marc-kode: <strong>nma<\/strong> <\/p>\n\n\n\n<p><a href=\"https:\/\/www.nb.no\/nbvok\/nma\/nb\/\" target=\"_blank\" rel=\"noreferrer noopener\">Vokabular for aldersgrenser for film<\/a>(nbvok)<\/p>\n\n\n\n<h2 class=\"wp-block-heading\">Aldersgrenser for dataspill<\/h2>\n\n\n\n<p>System for aldersmerking av dataspill, forvaltet av Pan European Game Information (PEGI).<br>Marc-kode: <strong>pegi<\/strong><\/p>\n\n\n\n<p><a href=\"https:\/\/www.nb.no\/nbvok\/pegi\/nb\/\" target=\"_blank\" rel=\"noreferrer noopener\">Vokabular for aldersmerking av dataspill<\/a><\/p>\n\n\n\n<h2 class=\"wp-block-heading\">Verkstyper<\/h2>\n\n\n\n<p>Typologi for verk. Hver type er spesifisert ved URI, betegnelse, definisjon og omfang \u2013 p\u00e5 norsk og engelsk.<br><a href=\"https:\/\/www.nb.no\/nbvok\/vtp\/nb\/\">Vokabular for verkstyper<\/a><\/p>\n\n\n\n<h3 class=\"wp-block-heading\" id=\"h-andre-vokabularer\">Andre vokabularer<\/h3>\n\n\n\n<h2 class=\"wp-block-heading\" id=\"h-neo-norske-emneord\">Neo (Norske emneord)<\/h2>\n\n\n\n<p>Metadataleveransen fra Nasjonalbiblioteket, som Bokbasen produserer, vil fra juni 2025 bli levert med emneord fra <a href=\"https:\/\/www.nb.no\/nbvok\/neo\/nb\/\">Neo (Norske emneord).<\/a><\/p>\n\n\n\n<p>Tesaurusen er utviklet av, og vedlikeholdes av, Bokbasen og Biblioteksentralen i fellesskap. &nbsp;Tesaurusen dekker b\u00e5de barne- og voksenlitteratur, og inneholder generelle emneord, geografiske stedsnavn, tidsperioder og fiktive personer\/vesener. Termene finnes p\u00e5 bokm\u00e5l og nynorsk, og de har unike URI-er.<\/p>\n\n\n\n<p>Se mer informasjon hos <a href=\"https:\/\/www.bokbasen.no\/hjelp\/neo-tesaurus-for-norske-emneord\">Bokbasen<\/a>.<\/p>\n\n\n\n<h2 class=\"wp-block-heading\">Nasjonalbibliotekets emnevokabular for spesialbibliografier<\/h2>\n\n\n\n<p>Termer for emner brukt i forfatter- og spesialbibliografier (p.t. 1814-bibliografien, bibliografiene over Bj\u00f8rnson, Collett, Fosse, Hamsun, Ibsen og Solstad, samt bibliografiene Norsk-amerikansk samling, Norske tidsskrifter 1700-1820,  Norske b\u00f8ker 1519-1850 og Norsk lokalhistorisk bibliografi). <br>Marc-kode: <strong>norvok<\/strong> <br><a href=\"https:\/\/tematres.nb.no\/norvok\/\" target=\"_blank\" rel=\"noreferrer noopener\">Emneord<\/a><\/p>\n\n\n\n<h2 class=\"wp-block-heading\">NBIs emneordsliste for faglitteratur (om barnelitteratur)<\/h2>\n\n\n\n<p>Marc-kode: <strong>nbiemnfag<\/strong> <br><a href=\"\/content\/uploads\/2019\/12\/Emneordsliste-sekund%C3%A6rlitteratur-NBI.pdf\">Emneord<\/a><\/p>\n\n\n\n<h2 class=\"wp-block-heading\">Emneord for Samisk bibliografi<\/h2>\n\n\n\n<p>Termer for emner brukt i Samisk bibliografi. For sjanger- og formbegreper, se <a href=\"https:\/\/www.nb.no\/nbvok\/ntsf\/nb\/\" target=\"_blank\" rel=\"noreferrer noopener\">Norsk tesaurus for sjanger og form<\/a>.<br>Marc-kode: <strong>samisk <\/strong><br><a href=\"\/content\/uploads\/2019\/12\/687-Emneordliste-Kort-versjon-bearb.pdf\">Emneord<\/a><\/p>\n\n\n\n<h2 class=\"wp-block-heading\">Landekoder (ISO 3166)<\/h2>\n\n\n\n<p>Landekoder fra ISO 3166 angir dokumenters utgivelsesland. Landekoder kan hentes fra ISO. F\u00f8lg lenken Online Browsing Platform.<br><a href=\"https:\/\/www.iso.org\/iso-3166-country-codes.html\">https:\/\/www.iso.org\/iso-3166-country-codes.html<\/a><\/p>\n\n\n\n<h2 class=\"wp-block-heading\">Spr\u00e5kkoder (ISO 639)<\/h2>\n\n\n\n<p>Spr\u00e5kkoder fra ISO 639-3 angir dokumenters spr\u00e5k, eventuelt ogs\u00e5 originalspr\u00e5k. Spr\u00e5kkoder kan hentes fra SIL International.<br><a href=\"https:\/\/iso639-3.sil.org\/code_tables\/639\/data\">https:\/\/iso639-3.sil.org\/code_tables\/639\/data<\/a> <br>Marc-kode: <strong>iso639-3<\/strong><\/p>\n\n\n\n<h2 class=\"wp-block-heading\">Felles autoritetsregister for personer og korporasjoner<\/h2>\n\n\n\n<p>Personer og korporasjoner som er bidragsytere til eller omtalt i materiale forvaltet av norske bibliotek. <em><strong>Pr. 2022: <\/strong><\/em>Registeret omfatter autoriteter produsert av Nasjonalbiblioteket og bibliotek i BIBSYS-konsortiet, Bokbasen, Biblioteksentralen og NRK.<\/p>\n\n\n\n<p>Nasjonalbibliotekets autoriteter kan h\u00f8stes ved&nbsp;<a href=\"https:\/\/authority.bibsys.no\/authority\/rest\/oai?verb=ListRecords&amp;metadataPrefix=marcxchange&amp;set=national_authorities\">denne OAI-sp\u00f8rringen<\/a>&nbsp;(+ resumptionToken) <br><a href=\"https:\/\/authority.bibsys.no\/authority\/\">REST-basert API<\/a> (OAI eller SRU) <br>Marc-kode: <strong>bare<\/strong><\/p>\n\n\n\n<p><a href=\"https:\/\/bibliotekutvikling.no\/kunnskapsorganisering\/kunnskapsorganisering\/felles-autoritetsregister-for-personer-og-korporasjoner\/\">Mer informasjon<\/a><\/p>\n\n\n\n<h2 class=\"wp-block-heading\">Norske bokbindstermer<\/h2>\n\n\n\n<p>Utgitt som <a href=\"https:\/\/www.bokselskap.no\/boker\/bokbindstermer\/tittelside\">bok<\/a>: <em>Eidsfeldt, Anne og Nina <em>Hesselberg-Wang<\/em>. Med tapp og hektering. Norsk begrepsapparat og manualer for beskrivelse av bokbind. (NB tema 9). Oslo, Nasjonalbiblioteket,  2020.<\/em><br><strong>G\u00e5 direkte til deler av boken:<\/strong><br>1. <a href=\"https:\/\/www.bokselskap.no\/boker\/bokbindstermer\/alfabetisk-ordliste\">Alfabetisk liste over norske bokbindstermer<\/a>, med definisjon, engelsk term, merknader, kildehenvisninger og referanse til tilsvarende begrep i <a href=\"https:\/\/www.ligatus.org.uk\/lob\/\">Language of Bindings<\/a>.<br>2. <a href=\"https:\/\/www.bokselskap.no\/boker\/bokbindstermer\/systematisk-ordliste\">Metode for bindbeskrivelse<\/a>: Systematisk ordliste over norske bokbindstermer, til bruk som metode for beskrivelse av bokbind.<br>3. <a href=\"https:\/\/www.bokselskap.no\/boker\/bokbindstermer\/enkle-bindbeskrivelser\">Enkel bind-beskrivelse:<\/a> Eksempler p\u00e5 og anbefalinger om enkle bindbeskrivelser i bibliotekkataloger. <\/p>\n\n\n\n<h2 class=\"wp-block-heading\">RDA Registry<\/h2>\n\n\n\n<p>Offisiell norsk oversettelse av vokabularer til bruk sammen med RDA Toolkit.<br><a href=\"https:\/\/bibliotekutvikling.no\/kunnskapsorganisering\/kunnskapsorganisering\/katalogiseringsregler\/rda-registry\/\">RDA Registry<\/a><\/p>\n\n\n\n<h2 class=\"wp-block-heading\" id=\"h-liste-over-norsk-terminologi-for-marc-583-action-note-a-action-spanor\">Liste over norsk terminologi for MARC 583 \u00abAction Note\u00bb $a Action (Spanor)<\/h2>\n\n\n\n<p>Listen er basert p\u00e5 <a href=\"https:\/\/www.loc.gov\/marc\/bibliographic\/pda.html\">Preservation &amp; digitization actions: terminology for MARC 21 Field 583 (PDA) <\/a>, og utarbeidet av BOTT-bibliotekene og Nasjonalbiblioteket<\/p>\n\n\n\n<p><a href=\"https:\/\/bibliotekutvikling.no\/kunnskapsorganisering\/vokabularer\/spanor-liste\/\">Spanor-liste<\/a><\/p>\n","protected":false},"excerpt":{"rendered":"<p>Informasjon om vokabularer og kodelister som brukes i metadata. Hovedsakelig vokabularer forvaltet av Nasjonalbiblioteket er inkludert, samt noen eksterne som forvaltes av organer utenfor biblioteksektoren. <\/p>\n","protected":false},"author":6868,"featured_media":690,"parent":0,"menu_order":0,"comment_status":"closed","ping_status":"closed","template":"","meta":{"nb_hide_title":false,"sub_navigation_option":"","sub_navigation_custom_items":null,"footnotes":""},"class_list":["post-769","page","type-page","status-publish","has-post-thumbnail","hentry"],"yoast_head":"<!-- This site is optimized with the Yoast SEO Premium plugin v27.1 (Yoast SEO v27.1.1) - https:\/\/yoast.com\/product\/yoast-seo-premium-wordpress\/ -->\n<title>Autoritetsregistre og vokabularer - Kunnskapsorganisering<\/title>\n<meta name=\"description\" content=\"Informasjon om vokabularer og kodelister som brukes i metadata. Hovedsakelig vokabularer forvaltet av Nasjonalbiblioteket, samt noen eksterne\" \/>\n<meta name=\"robots\" content=\"index, follow, max-snippet:-1, max-image-preview:large, max-video-preview:-1\" \/>\n<link rel=\"canonical\" href=\"https:\/\/bibliotekutvikling.no\/kunnskapsorganisering\/vokabularer\/\" \/>\n<meta property=\"og:locale\" content=\"nb_NO\" \/>\n<meta property=\"og:type\" content=\"article\" \/>\n<meta property=\"og:title\" content=\"Autoritetsregistre og vokabularer\" \/>\n<meta property=\"og:description\" content=\"Informasjon om vokabularer og kodelister som brukes i metadata. Hovedsakelig vokabularer forvaltet av Nasjonalbiblioteket, samt noen eksterne\" \/>\n<meta property=\"og:url\" content=\"https:\/\/bibliotekutvikling.no\/kunnskapsorganisering\/vokabularer\/\" \/>\n<meta property=\"og:site_name\" content=\"Kunnskapsorganisering\" \/>\n<meta property=\"article:modified_time\" content=\"2026-03-23T15:25:05+00:00\" \/>\n<meta property=\"og:image\" content=\"https:\/\/bibliotekutvikling.no\/content\/uploads\/sites\/8\/2019\/12\/Lambertseter_bibliotek_NETT-21.jpg\" \/>\n\t<meta property=\"og:image:width\" content=\"2500\" \/>\n\t<meta property=\"og:image:height\" content=\"1669\" \/>\n\t<meta property=\"og:image:type\" content=\"image\/jpeg\" \/>\n<meta name=\"twitter:card\" content=\"summary_large_image\" \/>\n<meta name=\"twitter:label1\" content=\"Ansl. lesetid\" \/>\n\t<meta name=\"twitter:data1\" content=\"5 minutter\" \/>\n<script type=\"application\/ld+json\" class=\"yoast-schema-graph\">{\"@context\":\"https:\/\/schema.org\",\"@graph\":[{\"@type\":\"WebPage\",\"@id\":\"https:\/\/bibliotekutvikling.no\/kunnskapsorganisering\/vokabularer\/\",\"url\":\"https:\/\/bibliotekutvikling.no\/kunnskapsorganisering\/vokabularer\/\",\"name\":\"Autoritetsregistre og vokabularer - Kunnskapsorganisering\",\"isPartOf\":{\"@id\":\"https:\/\/bibliotekutvikling.no\/kunnskapsorganisering\/#website\"},\"primaryImageOfPage\":{\"@id\":\"https:\/\/bibliotekutvikling.no\/kunnskapsorganisering\/vokabularer\/#primaryimage\"},\"image\":{\"@id\":\"https:\/\/bibliotekutvikling.no\/kunnskapsorganisering\/vokabularer\/#primaryimage\"},\"thumbnailUrl\":\"https:\/\/bibliotekutvikling.no\/content\/uploads\/sites\/8\/2019\/12\/Lambertseter_bibliotek_NETT-21.jpg\",\"datePublished\":\"2019-12-11T21:51:59+00:00\",\"dateModified\":\"2026-03-23T15:25:05+00:00\",\"description\":\"Informasjon om vokabularer og kodelister som brukes i metadata. Hovedsakelig vokabularer forvaltet av Nasjonalbiblioteket, samt noen eksterne\",\"breadcrumb\":{\"@id\":\"https:\/\/bibliotekutvikling.no\/kunnskapsorganisering\/vokabularer\/#breadcrumb\"},\"inLanguage\":\"nb-NO\",\"potentialAction\":[{\"@type\":\"ReadAction\",\"target\":[\"https:\/\/bibliotekutvikling.no\/kunnskapsorganisering\/vokabularer\/\"]}]},{\"@type\":\"ImageObject\",\"inLanguage\":\"nb-NO\",\"@id\":\"https:\/\/bibliotekutvikling.no\/kunnskapsorganisering\/vokabularer\/#primaryimage\",\"url\":\"https:\/\/bibliotekutvikling.no\/content\/uploads\/sites\/8\/2019\/12\/Lambertseter_bibliotek_NETT-21.jpg\",\"contentUrl\":\"https:\/\/bibliotekutvikling.no\/content\/uploads\/sites\/8\/2019\/12\/Lambertseter_bibliotek_NETT-21.jpg\",\"width\":2500,\"height\":1669},{\"@type\":\"BreadcrumbList\",\"@id\":\"https:\/\/bibliotekutvikling.no\/kunnskapsorganisering\/vokabularer\/#breadcrumb\",\"itemListElement\":[{\"@type\":\"ListItem\",\"position\":1,\"name\":\"Home\",\"item\":\"https:\/\/bibliotekutvikling.no\/kunnskapsorganisering\/\"},{\"@type\":\"ListItem\",\"position\":2,\"name\":\"Autoritetsregistre og vokabularer\"}]},{\"@type\":\"WebSite\",\"@id\":\"https:\/\/bibliotekutvikling.no\/kunnskapsorganisering\/#website\",\"url\":\"https:\/\/bibliotekutvikling.no\/kunnskapsorganisering\/\",\"name\":\"Kunnskapsorganisering\",\"description\":\"Ressurser i kunnskapsorganisering\",\"publisher\":{\"@id\":\"https:\/\/bibliotekutvikling.no\/kunnskapsorganisering\/#organization\"},\"potentialAction\":[{\"@type\":\"SearchAction\",\"target\":{\"@type\":\"EntryPoint\",\"urlTemplate\":\"https:\/\/bibliotekutvikling.no\/kunnskapsorganisering\/?s={search_term_string}\"},\"query-input\":{\"@type\":\"PropertyValueSpecification\",\"valueRequired\":true,\"valueName\":\"search_term_string\"}}],\"inLanguage\":\"nb-NO\"},{\"@type\":\"Organization\",\"@id\":\"https:\/\/bibliotekutvikling.no\/kunnskapsorganisering\/#organization\",\"name\":\"Kunnskapsorganisering\",\"url\":\"https:\/\/bibliotekutvikling.no\/kunnskapsorganisering\/\",\"logo\":{\"@type\":\"ImageObject\",\"inLanguage\":\"nb-NO\",\"@id\":\"https:\/\/bibliotekutvikling.no\/kunnskapsorganisering\/#\/schema\/logo\/image\/\",\"url\":\"https:\/\/bibliotekutvikling.no\/content\/uploads\/sites\/8\/2024\/07\/MiniatyrBilde_logo.png\",\"contentUrl\":\"https:\/\/bibliotekutvikling.no\/content\/uploads\/sites\/8\/2024\/07\/MiniatyrBilde_logo.png\",\"width\":824,\"height\":744,\"caption\":\"Kunnskapsorganisering\"},\"image\":{\"@id\":\"https:\/\/bibliotekutvikling.no\/kunnskapsorganisering\/#\/schema\/logo\/image\/\"}}]}<\/script>\n<!-- \/ Yoast SEO Premium plugin. -->","yoast_head_json":{"title":"Autoritetsregistre og vokabularer - Kunnskapsorganisering","description":"Informasjon om vokabularer og kodelister som brukes i metadata. Hovedsakelig vokabularer forvaltet av Nasjonalbiblioteket, samt noen eksterne","robots":{"index":"index","follow":"follow","max-snippet":"max-snippet:-1","max-image-preview":"max-image-preview:large","max-video-preview":"max-video-preview:-1"},"canonical":"https:\/\/bibliotekutvikling.no\/kunnskapsorganisering\/vokabularer\/","og_locale":"nb_NO","og_type":"article","og_title":"Autoritetsregistre og vokabularer","og_description":"Informasjon om vokabularer og kodelister som brukes i metadata. Hovedsakelig vokabularer forvaltet av Nasjonalbiblioteket, samt noen eksterne","og_url":"https:\/\/bibliotekutvikling.no\/kunnskapsorganisering\/vokabularer\/","og_site_name":"Kunnskapsorganisering","article_modified_time":"2026-03-23T15:25:05+00:00","og_image":[{"width":2500,"height":1669,"url":"https:\/\/bibliotekutvikling.no\/content\/uploads\/sites\/8\/2019\/12\/Lambertseter_bibliotek_NETT-21.jpg","type":"image\/jpeg"}],"twitter_card":"summary_large_image","twitter_misc":{"Ansl. lesetid":"5 minutter"},"schema":{"@context":"https:\/\/schema.org","@graph":[{"@type":"WebPage","@id":"https:\/\/bibliotekutvikling.no\/kunnskapsorganisering\/vokabularer\/","url":"https:\/\/bibliotekutvikling.no\/kunnskapsorganisering\/vokabularer\/","name":"Autoritetsregistre og vokabularer - Kunnskapsorganisering","isPartOf":{"@id":"https:\/\/bibliotekutvikling.no\/kunnskapsorganisering\/#website"},"primaryImageOfPage":{"@id":"https:\/\/bibliotekutvikling.no\/kunnskapsorganisering\/vokabularer\/#primaryimage"},"image":{"@id":"https:\/\/bibliotekutvikling.no\/kunnskapsorganisering\/vokabularer\/#primaryimage"},"thumbnailUrl":"https:\/\/bibliotekutvikling.no\/content\/uploads\/sites\/8\/2019\/12\/Lambertseter_bibliotek_NETT-21.jpg","datePublished":"2019-12-11T21:51:59+00:00","dateModified":"2026-03-23T15:25:05+00:00","description":"Informasjon om vokabularer og kodelister som brukes i metadata. Hovedsakelig vokabularer forvaltet av Nasjonalbiblioteket, samt noen eksterne","breadcrumb":{"@id":"https:\/\/bibliotekutvikling.no\/kunnskapsorganisering\/vokabularer\/#breadcrumb"},"inLanguage":"nb-NO","potentialAction":[{"@type":"ReadAction","target":["https:\/\/bibliotekutvikling.no\/kunnskapsorganisering\/vokabularer\/"]}]},{"@type":"ImageObject","inLanguage":"nb-NO","@id":"https:\/\/bibliotekutvikling.no\/kunnskapsorganisering\/vokabularer\/#primaryimage","url":"https:\/\/bibliotekutvikling.no\/content\/uploads\/sites\/8\/2019\/12\/Lambertseter_bibliotek_NETT-21.jpg","contentUrl":"https:\/\/bibliotekutvikling.no\/content\/uploads\/sites\/8\/2019\/12\/Lambertseter_bibliotek_NETT-21.jpg","width":2500,"height":1669},{"@type":"BreadcrumbList","@id":"https:\/\/bibliotekutvikling.no\/kunnskapsorganisering\/vokabularer\/#breadcrumb","itemListElement":[{"@type":"ListItem","position":1,"name":"Home","item":"https:\/\/bibliotekutvikling.no\/kunnskapsorganisering\/"},{"@type":"ListItem","position":2,"name":"Autoritetsregistre og vokabularer"}]},{"@type":"WebSite","@id":"https:\/\/bibliotekutvikling.no\/kunnskapsorganisering\/#website","url":"https:\/\/bibliotekutvikling.no\/kunnskapsorganisering\/","name":"Kunnskapsorganisering","description":"Ressurser i kunnskapsorganisering","publisher":{"@id":"https:\/\/bibliotekutvikling.no\/kunnskapsorganisering\/#organization"},"potentialAction":[{"@type":"SearchAction","target":{"@type":"EntryPoint","urlTemplate":"https:\/\/bibliotekutvikling.no\/kunnskapsorganisering\/?s={search_term_string}"},"query-input":{"@type":"PropertyValueSpecification","valueRequired":true,"valueName":"search_term_string"}}],"inLanguage":"nb-NO"},{"@type":"Organization","@id":"https:\/\/bibliotekutvikling.no\/kunnskapsorganisering\/#organization","name":"Kunnskapsorganisering","url":"https:\/\/bibliotekutvikling.no\/kunnskapsorganisering\/","logo":{"@type":"ImageObject","inLanguage":"nb-NO","@id":"https:\/\/bibliotekutvikling.no\/kunnskapsorganisering\/#\/schema\/logo\/image\/","url":"https:\/\/bibliotekutvikling.no\/content\/uploads\/sites\/8\/2024\/07\/MiniatyrBilde_logo.png","contentUrl":"https:\/\/bibliotekutvikling.no\/content\/uploads\/sites\/8\/2024\/07\/MiniatyrBilde_logo.png","width":824,"height":744,"caption":"Kunnskapsorganisering"},"image":{"@id":"https:\/\/bibliotekutvikling.no\/kunnskapsorganisering\/#\/schema\/logo\/image\/"}}]}},"_links":{"self":[{"href":"https:\/\/bibliotekutvikling.no\/kunnskapsorganisering\/wp-json\/wp\/v2\/pages\/769","targetHints":{"allow":["GET"]}}],"collection":[{"href":"https:\/\/bibliotekutvikling.no\/kunnskapsorganisering\/wp-json\/wp\/v2\/pages"}],"about":[{"href":"https:\/\/bibliotekutvikling.no\/kunnskapsorganisering\/wp-json\/wp\/v2\/types\/page"}],"author":[{"embeddable":true,"href":"https:\/\/bibliotekutvikling.no\/kunnskapsorganisering\/wp-json\/wp\/v2\/users\/6868"}],"replies":[{"embeddable":true,"href":"https:\/\/bibliotekutvikling.no\/kunnskapsorganisering\/wp-json\/wp\/v2\/comments?post=769"}],"version-history":[{"count":5,"href":"https:\/\/bibliotekutvikling.no\/kunnskapsorganisering\/wp-json\/wp\/v2\/pages\/769\/revisions"}],"predecessor-version":[{"id":2809,"href":"https:\/\/bibliotekutvikling.no\/kunnskapsorganisering\/wp-json\/wp\/v2\/pages\/769\/revisions\/2809"}],"wp:featuredmedia":[{"embeddable":true,"href":"https:\/\/bibliotekutvikling.no\/kunnskapsorganisering\/wp-json\/wp\/v2\/media\/690"}],"wp:attachment":[{"href":"https:\/\/bibliotekutvikling.no\/kunnskapsorganisering\/wp-json\/wp\/v2\/media?parent=769"}],"curies":[{"name":"wp","href":"https:\/\/api.w.org\/{rel}","templated":true}]}}