{"id":525,"date":"2019-12-03T11:07:43","date_gmt":"2019-12-03T10:07:43","guid":{"rendered":"https:\/\/bibliotekutvikling.prod.dekodes.no\/kunnskapsorganisering\/?page_id=525"},"modified":"2020-05-12T11:24:50","modified_gmt":"2020-05-12T09:24:50","slug":"nyhetslister-fra-norsk-bokfortegnelse","status":"publish","type":"page","link":"https:\/\/bibliotekutvikling.no\/kunnskapsorganisering\/nyhetslister-fra-norsk-bokfortegnelse\/","title":{"rendered":"Nyhetslister fra Norsk bokfortegnelse"},"content":{"rendered":"\n<h2 class=\"wp-block-heading\">2020<\/h2>\n\n\n\n<p>Det publiseres ikke lenger nyhetslister fra Norsk bokfortegnelse. I stedet tilbyr vi mulighet til \u00e5 hente ut egne nyhetslister basert p\u00e5 valgfri mottaksdato. V\u00e6r oppmerksom p\u00e5 at det kan ta noen uker fra en bok er mottatt til den er ferdig katalogisert og dermed kommer med p\u00e5 nyhetslisten.<\/p>\n\n\n\n<p>Ved veldig mange treff kan s\u00f8ket ta for lang tid og bli avbrutt. Pr\u00f8v p\u00e5 nytt med kortere datointervall for \u00e5 redusere treffmengden. <\/p>\n\n\n\n<p>Nyhetslister hentes i et spesials\u00f8k via <a href=\"http:\/\/oria.no\/nyhetslister\/nasjonalbiblioteket\/valgfri_dato.php\" target=\"_blank\" rel=\"noreferrer noopener\">Oria<\/a><\/p>\n\n\n\n<p><\/p>\n\n\n\n<h2 class=\"wp-block-heading\">2019<\/h2>\n\n\n\n<h3 class=\"wp-block-heading\">Systematisk liste \/ Classified index<\/h3>\n\n\n\n<ul class=\"wp-block-list\"><li><a href=\"\/content\/uploads\/sites\/8\/2019\/12\/nyhetsliste_systematisk_2019-01-07-2019-01-20.pdf\">Systematisk nyhetsliste 2019.01.20<\/a><\/li><li><a href=\"\/content\/uploads\/sites\/8\/2019\/12\/nyhetsliste_systematisk_2019-01-21-2019-02-03.pdf\">Systematisk nyhetsliste 2019.02.03<\/a><\/li><li><a href=\"\/content\/uploads\/sites\/8\/2019\/12\/nyhetsliste_systematisk_2019-02-04-2019-02-17.pdf\">Systematisk nyhetsliste 2019.02.17<\/a><\/li><li><a href=\"\/content\/uploads\/sites\/8\/2019\/12\/nyhetsliste_systematisk_2019-02-18-2019-03-03.pdf\">Systematisk nyhetsliste 2019.03.03<\/a><\/li><li><a href=\"\/content\/uploads\/sites\/8\/2019\/12\/nyhetsliste_systematisk_2019-03-04-2019-03-17.pdf\">Systematisk nyhetsliste 2019.03.17<\/a><\/li><li><a href=\"\/content\/uploads\/sites\/8\/2019\/12\/nyhetsliste_systematisk_2019-03-18-2019-03-31.pdf\">Systematisk nyhetsliste 2019.03.31<\/a><\/li><li><a href=\"https:\/\/bibliotekutvikling.no\/content\/uploads\/sites\/8\/2020\/02\/nyhetsliste_systematisk_2019-04-01-2019-04-14.pdf\">Systematisk nyhetsliste 2019.04.14<\/a><\/li><li><a href=\"\/content\/uploads\/sites\/8\/2019\/12\/nyhetsliste_systematisk_2019-04-15-2019-04-28.pdf\">Systematisk nyhetsliste 2019.04.28<\/a><\/li><li><a href=\"\/content\/uploads\/sites\/8\/2019\/12\/nyhetsliste_systematisk_2019-04-29-2019-05-12.pdf\">Systematisk nyhetsliste 2019.05.12<\/a><\/li><li><a href=\"https:\/\/bibliotekutvikling.no\/content\/uploads\/sites\/8\/2020\/03\/nyhetsliste_systematisk_2019-05-26.pdf\">Systematisk nyhetsliste 2019.05.26<\/a><\/li><li><a href=\"\/content\/uploads\/sites\/8\/2019\/12\/nyhetsliste_systematisk_2019-05-27-2019-06-09.pdf\">Systematisk nyhetsliste 2019.06.09<\/a><\/li><li><a href=\"\/content\/uploads\/sites\/8\/2019\/12\/nyhetsliste_systematisk_2019-06-10-2019-06-23.pdf\">Systematisk nyhetsliste 2019.06.23<\/a><\/li><li><a href=\"\/content\/uploads\/sites\/8\/2019\/12\/nyhetsliste_systematisk_2019-06-24-2019-07-07.pdf\">Systematisk nyhetsliste 2019.07.07<\/a><\/li><li><a href=\"\/content\/uploads\/sites\/8\/2019\/12\/nyhetsliste_systematisk_2019-07-08-2019-07-21.pdf\">Systematisk nyhetsliste 2019.07.21<\/a><\/li><li><a href=\"https:\/\/bibliotekutvikling.no\/content\/uploads\/sites\/8\/2020\/03\/nyhetsliste_systematisk_2019-08-04.pdf\">Systematisk nyhetsliste 2019.08.04<\/a><\/li><li><a href=\"\/content\/uploads\/sites\/8\/2019\/12\/nyhetsliste_systematisk_2019-08-05-2019-08-18.pdf\">Systematisk nyhetsliste 2019.08.18<\/a><\/li><li><a href=\"\/content\/uploads\/sites\/8\/2019\/12\/nyhetsliste_systematisk_2019-08-19-2019-09-01.pdf\">Systematisk nyhetsliste 2019.09.01<\/a><\/li><li><a href=\"https:\/\/bibliotekutvikling.no\/content\/uploads\/sites\/8\/2020\/03\/nyhetsliste_systematisk_2019-09-15.pdf\">Systematisk nyhetsliste 2019.09.15<\/a><\/li><li><a href=\"https:\/\/bibliotekutvikling.no\/content\/uploads\/sites\/8\/2020\/03\/nyhetsliste_systematisk_2019-09-29.pdf\">Systematisk nyhetsliste 2019.09.29<\/a><\/li><li><a href=\"https:\/\/bibliotekutvikling.no\/content\/uploads\/sites\/8\/2020\/03\/nyhetsliste_systematisk_2019-10-13.pdf\">Systematisk nyhetsliste 2019.10.13<\/a><\/li><li><a href=\"https:\/\/bibliotekutvikling.no\/content\/uploads\/sites\/8\/2020\/03\/nyhetsliste_systematisk_2019-10-27.pdf\">Systematisk nyhetsliste 2019.10.27<\/a><\/li><li><a href=\"https:\/\/bibliotekutvikling.no\/content\/uploads\/sites\/8\/2020\/03\/nyhetsliste_systematisk_2019-11-10.pdf\">Systematisk nyhetsliste 2019.11.10 <\/a>  <\/li><li><a href=\"https:\/\/bibliotekutvikling.no\/content\/uploads\/sites\/8\/2020\/03\/nyhetsliste_systematisk_2019-11-24.pdf\">Systematisk nyhetsliste 2019.11.24 <\/a><\/li><li><a href=\"https:\/\/bibliotekutvikling.no\/content\/uploads\/sites\/8\/2020\/03\/nyhetsliste_systematisk_2019-12-08.pdf\">Systematisk nyhetsliste 2019.12.08<\/a><\/li><li><a href=\"https:\/\/bibliotekutvikling.no\/content\/uploads\/sites\/8\/2020\/03\/nyhetsliste_systematisk_2019-12-31.pdf\">Systematisk nyhetsliste 2019.12.31<\/a><\/li><\/ul>\n\n\n\n<h2 class=\"wp-block-heading\">Alfabetisk liste \/ Alphabetical bibliography<\/h2>\n\n\n\n<ul class=\"wp-block-list\"><li><a href=\"\/content\/uploads\/sites\/8\/2019\/12\/nyhetsliste_alfabetisk_2019-01-07-2019-01-20.pdf\">Alfabetisk nyhetsliste 2019.01.20<\/a><\/li><li><a href=\"\/content\/uploads\/sites\/8\/2019\/12\/nyhetsliste_alfabetisk_2019-01-21-2019-02-03.pdf\">Alfabetisk nyhetsliste 2019.02.03<\/a><\/li><li><a href=\"\/content\/uploads\/sites\/8\/2019\/12\/nyhetsliste_alfabetisk_2019-02-04-2019-02-17.pdf\">Alfabetisk nyhetsliste 2019.02.17<\/a><\/li><li><a href=\"\/content\/uploads\/sites\/8\/2019\/12\/nyhetsliste_alfabetisk_2019-02-18-2019-03-03.pdf\">Alfabetisk nyhetsliste 2019.03.03<\/a><\/li><li><a href=\"\/content\/uploads\/sites\/8\/2019\/12\/nyhetsliste_alfabetisk_2019-03-04-2019-03-17.pdf\">Alfabetisk nyhetsliste 2019.03.17<\/a><\/li><li><a href=\"\/content\/uploads\/sites\/8\/2019\/12\/nyhetsliste_alfabetisk_2019-03-18-2019-03-31.pdf\">Alfabetisk nyhetsliste 2019.03.31<\/a><\/li><li><a href=\"\/content\/uploads\/sites\/8\/2019\/12\/nyhetsliste_alfabetisk_2019-04-01-2019-04-14.pdf\">Alfabetisk nyhetsliste 2019.04.14<\/a><\/li><li><a href=\"\/content\/uploads\/sites\/8\/2019\/12\/nyhetsliste_alfabetisk_2019-04-15-2019-04-28.pdf\">Alfabetisk nyhetsliste 2019.04.28<\/a><\/li><li><a href=\"\/content\/uploads\/sites\/8\/2019\/12\/nyhetsliste_alfabetisk_2019-04-29-2019-05-12.pdf\">Alfabetisk nyhetsliste 2019.05.12<\/a><\/li><li><a href=\"https:\/\/bibliotekutvikling.no\/content\/uploads\/sites\/8\/2020\/03\/nyhetsliste_alfabetisk_2019-05-26.pdf\">Alfabetisk nyhetsliste 2019.05.26<\/a><\/li><li><a href=\"\/content\/uploads\/sites\/8\/2019\/12\/nyhetsliste_alfabetisk_2019-05-27-2019-06-09.pdf\">Alfabetisk nyhetsliste 2019.06.09<\/a><\/li><li><a href=\"\/content\/uploads\/sites\/8\/2019\/12\/nyhetsliste_alfabetisk_2019-06-10-2019-06-23.pdf\">Alfabetisk nyhetsliste 2019.06.23<\/a><\/li><li><a href=\"\/content\/uploads\/sites\/8\/2019\/12\/nyhetsliste_alfabetisk_2019-06-24-2019-07-07.pdf\">Alfabetisk nyhetsliste 2019.07.07<\/a><\/li><li><a href=\"\/content\/uploads\/sites\/8\/2019\/12\/nyhetsliste_alfabetisk_2019-07-08-2019-07-21.pdf\">Alfabetisk nyhetsliste 2019.07.21<\/a><\/li><li><a href=\"https:\/\/bibliotekutvikling.no\/content\/uploads\/sites\/8\/2020\/03\/nyhetsliste_alfabetisk_2019-08-04.pdf\">Alfabetisk nyhetsliste 2019.08.04<\/a><\/li><li><a href=\"\/content\/uploads\/sites\/8\/2019\/12\/nyhetsliste_alfabetisk_2019-08-05-2019-08-18.pdf\">Alfabetisk nyhetsliste 2019.08.18<\/a><\/li><li><a href=\"\/content\/uploads\/sites\/8\/2019\/12\/nyhetsliste_alfabetisk_2019-08-19-2019-09-01.pdf\">Alfabetisk nyhetsliste 2019.09.01<\/a><\/li><li><a href=\"https:\/\/bibliotekutvikling.no\/content\/uploads\/sites\/8\/2020\/03\/nyhetsliste_alfabetisk_2019-09-15.pdf\">Alfabetisk nyhetsliste 2019.09.15<\/a><\/li><li><a href=\"https:\/\/bibliotekutvikling.no\/content\/uploads\/sites\/8\/2020\/03\/nyhetsliste_alfabetisk_2019-09-29.pdf\">Alfabetisk nyhetsliste 2019.09.29 <\/a><\/li><li><a href=\"https:\/\/bibliotekutvikling.no\/content\/uploads\/sites\/8\/2020\/03\/nyhetsliste_alfabetisk_2019-10-13.pdf\">Alfabetisk nyhetsliste 2019.10.13<\/a><\/li><li><a href=\"https:\/\/bibliotekutvikling.no\/content\/uploads\/sites\/8\/2020\/03\/nyhetsliste_alfabetisk_2019-10-27.pdf\">Alfabetisk nyhetsliste 2019.10.27 <\/a><\/li><li><a href=\"https:\/\/bibliotekutvikling.no\/content\/uploads\/sites\/8\/2020\/03\/nyhetsliste_alfabetisk_2019-11-10.pdf\">Alfabetisk nyhetsliste 2019.11.10<\/a> <\/li><li><a href=\"https:\/\/bibliotekutvikling.no\/content\/uploads\/sites\/8\/2020\/03\/nyhetsliste_alfabetisk_2019-11-24.pdf\">Alfabetisk nyhetsliste 2019.11.24 <\/a><\/li><li><a href=\"https:\/\/bibliotekutvikling.no\/content\/uploads\/sites\/8\/2020\/03\/nyhetsliste_alfabetisk_2019-12-08.pdf\">Alfabetisk nyhetsliste 2019.12.08<\/a> <\/li><li><a href=\"https:\/\/bibliotekutvikling.no\/content\/uploads\/sites\/8\/2020\/03\/nyhetsliste_alfabetisk_2019-12-31.pdf\">Alfabetisk nyhetsliste 2019.12.31<\/a><\/li><\/ul>\n\n\n\n<h2 class=\"wp-block-heading\">2018<\/h2>\n\n\n\n<h3 class=\"wp-block-heading\">Systematisk liste \/ Classified index<\/h3>\n\n\n\n<ul class=\"wp-block-list\"><li><a href=\"\/content\/uploads\/sites\/8\/2019\/12\/nyhetsliste_systematisk_2018-12-24-2019-01-06.pdf\">Systematisk nyhetsliste 2018.12.24<\/a><\/li><li><a href=\"\/content\/uploads\/sites\/8\/2019\/12\/nyhetsliste_systematisk_2018-12-10-2018-12-23.pdf\">Systematisk nyhetsliste 2018.12.10<\/a><\/li><li><a href=\"\/content\/uploads\/sites\/8\/2019\/12\/nyhetsliste_systematisk_2018-11-26-2018-12-09.pdf\">Systematisk nyhetsliste 2018.11.26<\/a><\/li><li><a href=\"\/content\/uploads\/sites\/8\/2019\/12\/nyhetsliste_systematisk_2018-11-12-2018-11-25.pdf\">Systematisk nyhetsliste 2018.11.12<\/a><\/li><li><a href=\"\/content\/uploads\/sites\/8\/2019\/12\/nyhetsliste_systematisk_2018-10-29-2018-11-11.pdf\">Systematisk nyhetsliste 2018.10.29<\/a><\/li><li><a href=\"\/content\/uploads\/sites\/8\/2019\/12\/nyhetsliste_systematisk_2018-10-15-2018-10-28.pdf\">Systematisk nyhetsliste 2018.10.15<\/a><\/li><li><a href=\"\/content\/uploads\/sites\/8\/2019\/12\/nyhetsliste_systematisk_2018-10-01-2018-10-14-1.pdf\">Systematisk nyhetsliste 2018.10.01<\/a><\/li><li><a href=\"\/content\/uploads\/sites\/8\/2019\/12\/nyhetsliste_systematisk_2018-09-17-2018-09-30.pdf\">Systematisk nyhetsliste 2018.09.17<\/a><\/li><li><a href=\"\/content\/uploads\/sites\/8\/2019\/12\/nyhetsliste_systematisk_2018-09-03-2018-09-16.pdf\">Systematisk nyhetsliste 2018.09.03<\/a><\/li><li><a href=\"\/content\/uploads\/sites\/8\/2019\/12\/nyhetsliste_systematisk_2018-08-20-2018-09-02-2.pdf\">Systematisk nyhetsliste 2018.08.20<\/a><\/li><li><a href=\"\/content\/uploads\/sites\/8\/2019\/12\/nyhetsliste_systematisk_2018-08-06-2018-08-19.pdf\">Systematisk nyhetsliste 2018.08.06<\/a><\/li><li><a href=\"\/content\/uploads\/sites\/8\/2019\/12\/nyhetsliste_systematisk_2018-07-23-2018-08-05.pdf\">Systematisk nyhetsliste 2018.07.23<\/a><\/li><li><a href=\"\/content\/uploads\/sites\/8\/2019\/12\/nyhetsliste_systematisk_2018-07-09-2018-07-22.pdf\">Systematisk nyhetsliste 2018.07.09<\/a><\/li><li><a href=\"\/content\/uploads\/sites\/8\/2019\/12\/nyhetsliste_systematisk_2018-06-25-2018-07-08.pdf\">Systematisk nyhetsliste 2018.06.25<\/a><\/li><li><a href=\"\/content\/uploads\/sites\/8\/2019\/12\/nyhetsliste_systematisk_2018-06-11-2018-06-24.pdf\">Systematisk nyhetsliste 2018.06.11<\/a><\/li><li><a href=\"\/content\/uploads\/sites\/8\/2019\/12\/nyhetsliste_systematisk_2018-05-28-2018-06-10.pdf\">Systematisk nyhetsliste 2018.05.28<\/a><\/li><li><a href=\"\/content\/uploads\/sites\/8\/2019\/12\/nyhetsliste_systematisk_2018-05-14-2018-05-27.pdf\">Systematisk nyhetsliste 2018.05.14<\/a><\/li><li><a href=\"\/content\/uploads\/sites\/8\/2019\/12\/nyhetsliste_systematisk_2018-04-30-2018-05-13.pdf\">Systematisk nyhetsliste 2018.04.30<\/a><\/li><li><a href=\"\/content\/uploads\/sites\/8\/2019\/12\/nyhetsliste_systematisk_2018-04-16-2018-04-29.pdf\">Systematisk nyhetsliste 2018.04.16<\/a><\/li><li><a href=\"\/content\/uploads\/sites\/8\/2019\/12\/nyhetsliste_systematisk_2018-04-02-2018-04-15.pdf\">Systematisk nyhetsliste 2018.04.02<\/a><\/li><li><a href=\"\/content\/uploads\/sites\/8\/2019\/12\/nyhetsliste_systematisk_2018-03-19-2018-04-01.pdf\">Systematisk nyhetsliste 2018.03.19<\/a><\/li><li><a href=\"\/content\/uploads\/sites\/8\/2019\/12\/nyhetsliste_systematisk_2018-03-05-2018-03-18.pdf\">Systematisk nyhetsliste 2018.03.05<\/a><\/li><li><a href=\"\/content\/uploads\/sites\/8\/2019\/12\/nyhetsliste_systematisk_2018-02-19-2018-03-04.pdf\">Systematisk nyhetsliste 2018.02.19<\/a><\/li><li><a href=\"\/content\/uploads\/sites\/8\/2019\/12\/nyhetsliste_systematisk_2018-02-05-2018-02-18.pdf\">Systematisk nyhetsliste 2018.02.05<\/a><\/li><li><a href=\"\/content\/uploads\/sites\/8\/2019\/12\/nyhetsliste_systematisk_2018-01-22-2018-02-04.pdf\">Systematisk nyhetsliste 2018.01.22<\/a><\/li><li><a href=\"\/content\/uploads\/sites\/8\/2019\/12\/nyhetsliste_systematisk_2018-01-08-2018-01-21.pdf\">Systematisk nyhetsliste 2018.01.08<\/a><\/li><li><\/li><\/ul>\n\n\n\n<h3 class=\"wp-block-heading\">Alfabetisk liste \/ Alphabetical bibliography<\/h3>\n\n\n\n<ul class=\"wp-block-list\"><li><a href=\"\/content\/uploads\/sites\/8\/2019\/12\/nyhetsliste_alfabetisk_2018-12-10-2018-12-23.pdf\">Alfabetisk nyhetsliste 2018.12.10<\/a><\/li><li><a href=\"\/content\/uploads\/sites\/8\/2019\/12\/nyhetsliste_alfabetisk-2018-11-12-2018-11-25.pdf\">Alfabetisk nyhetsliste 2018.11.12<\/a><\/li><li><a href=\"\/content\/uploads\/sites\/8\/2019\/12\/nyhetsliste_alfabetisk_2018-11-26-2018-12-09.pdf\">Alfabetisk nyhetsliste 2018.11.26<\/a><\/li><li><a href=\"\/content\/uploads\/sites\/8\/2019\/12\/nyhetsliste_alfabetisk_2018-10-29-2018-11-11.pdf\">Alfabetisk nyhetsliste 2018.10.29<\/a><\/li><li><a href=\"\/content\/uploads\/sites\/8\/2019\/12\/nyhetsliste_alfabetisk_2018-10-15-2018-10-28.pdf\">Alfabetisk nyhetsliste 2018.10.15<\/a><\/li><li><a href=\"\/content\/uploads\/sites\/8\/2019\/12\/nyhetsliste_alfabetisk_2018-10-01-2018-10-14.pdf\">Alfabetisk nyhetsliste 2018.10.01<\/a><\/li><li><a href=\"\/content\/uploads\/sites\/8\/2019\/12\/nyhetsliste_alfabetisk_2018-09-17-2018-09-30-1.pdf\">Alfabetisk nyhetsliste 2018.09.17<\/a><\/li><li><a href=\"\/content\/uploads\/sites\/8\/2019\/12\/nyhetsliste_alfabetisk_2018-09-03-2018-09-16.pdf\">Alfabetisk nyhetsliste 2018.09.03<\/a><\/li><li><a href=\"\/content\/uploads\/sites\/8\/2019\/12\/nyhetsliste_systematisk_2018-09-03-2018-09-16.pdf\">Alfabetisk nyhetsliste 2018.09.03<\/a><\/li><li><a href=\"\/content\/uploads\/sites\/8\/2019\/12\/nyhetsliste_alfabetisk_2018-08-20-2018-09-02.pdf\">Alfabetisk nyhetsliste 2018.08.20<\/a><\/li><li><a href=\"\/content\/uploads\/sites\/8\/2019\/12\/nyhetsliste_alfabetisk_2018-08-06-2018-08-19.pdf\">Alfabetisk nyhetsliste 2018.08.06<\/a><\/li><li><a href=\"\/content\/uploads\/sites\/8\/2019\/12\/nyhetsliste_alfabetisk_2018-07-23-2018-08-05.pdf\">Alfabetisk nyhetsliste 2018.07.23<\/a><\/li><li><a href=\"\/content\/uploads\/sites\/8\/2019\/12\/nyhetsliste_alfabetisk_2018-07-09-2018-07-22.pdf\">Alfabetisk nyhetsliste 2018.07.09<\/a><\/li><li><a href=\"\/content\/uploads\/sites\/8\/2019\/12\/nyhetsliste_alfabetisk_2018-06-25-2018-07-08.pdf\">Alfabetisk nyhetsliste 2018.06.25<\/a><\/li><li><a href=\"\/content\/uploads\/sites\/8\/2019\/12\/nyhetsliste_alfabetisk_2018-06-11-2018-06-24.pdf\">Alfabetisk nyhetsliste 2018.06.11<\/a><\/li><li><a href=\"\/content\/uploads\/sites\/8\/2019\/12\/nyhetsliste_alfabetisk_2018-05-28-2018-06-10.pdf\">Alfabetisk nyhetsliste 2018.05.28<\/a><\/li><li><a href=\"\/content\/uploads\/sites\/8\/2019\/12\/nyhetsliste_alfabetisk_2018-05-14-2018-05-27.pdf\">Alfabetisk nyhetsliste 2018.05.14<\/a><\/li><li><a href=\"\/content\/uploads\/sites\/8\/2019\/12\/nyhetsliste_alfabetisk_2018-04-30-2018-05-13.pdf\">Alfabetisk nyhetsliste 2018.04.30<\/a><\/li><li><a href=\"\/content\/uploads\/sites\/8\/2019\/12\/nyhetsliste_alfabetisk_2018-04-16-2018-04-29.pdf\">Alfabetisk nyhetsliste 2018.04.16<\/a><\/li><li><a href=\"\/content\/uploads\/sites\/8\/2019\/12\/nyhetsliste_alfabetisk_2018-04-02-2018-04-15.pdf\">Alfabetisk nyhetsliste 2018.04.02<\/a><\/li><li><a href=\"\/content\/uploads\/sites\/8\/2019\/12\/nyhetsliste_alfabetisk_2018-03-19-2018-04-01.pdf\">Alfabetisk nyhetsliste 2018.03.19<\/a><\/li><li><a href=\"\/content\/uploads\/sites\/8\/2019\/12\/nyhetsliste_alfabetisk_2018-03-05-2018-03-18.pdf\">Alfabetisk nyhetsliste 2018.03.05<\/a><\/li><li><a href=\"\/content\/uploads\/sites\/8\/2019\/12\/nyhetsliste_alfabetisk_2018-02-19-2018-03-04.pdf\">Alfabetisk nyhetsliste 2018.02.19<\/a><\/li><li><a href=\"\/content\/uploads\/sites\/8\/2019\/12\/nyhetsliste_alfabetisk_2018-02-05-2018-02-18.pdf\">Alfabetisk nyhetsliste 2018.02.05<\/a><\/li><li><a href=\"\/content\/uploads\/sites\/8\/2019\/12\/nyhetsliste_alfabetisk_2018-01-22-2018-02-04.pdf\">Alfabetisk nyhetsliste 2018.01.22<\/a><\/li><li><a href=\"\/content\/uploads\/sites\/8\/2019\/12\/nyhetsliste_alfabetisk_2018-01-08-2018-01-21.pdf\">Alfabetisk nyhetsliste 2018.01.08<\/a><\/li><li><a href=\"\/content\/uploads\/sites\/8\/2019\/12\/nyhetsliste_alfabetisk_2018-12-24-2019-01-06.pdf\">Alfabetisk nyhetsliste 2018.12.24<\/a><\/li><\/ul>\n\n\n\n<p><\/p>\n\n\n\n<p><\/p>\n\n\n\n<div class=\"wp-block-group is-layout-flow wp-block-group-is-layout-flow\"><div class=\"wp-block-group__inner-container\"><\/div><\/div>\n","protected":false},"excerpt":{"rendered":"","protected":false},"author":52,"featured_media":0,"parent":0,"menu_order":0,"comment_status":"closed","ping_status":"closed","template":"","meta":{"nb_hide_title":false,"sub_navigation_option":"","sub_navigation_custom_items":null,"footnotes":""},"class_list":["post-525","page","type-page","status-publish","hentry"],"yoast_head":"<!-- This site is optimized with the Yoast SEO Premium plugin v27.1 (Yoast SEO v27.1.1) - https:\/\/yoast.com\/product\/yoast-seo-premium-wordpress\/ -->\n<title>Nyhetslister fra Norsk bokfortegnelse - Kunnskapsorganisering<\/title>\n<meta name=\"robots\" content=\"index, follow, max-snippet:-1, max-image-preview:large, max-video-preview:-1\" \/>\n<link rel=\"canonical\" href=\"https:\/\/bibliotekutvikling.no\/kunnskapsorganisering\/nyhetslister-fra-norsk-bokfortegnelse\/\" \/>\n<meta property=\"og:locale\" content=\"nb_NO\" \/>\n<meta property=\"og:type\" content=\"article\" \/>\n<meta property=\"og:title\" content=\"Nyhetslister fra Norsk bokfortegnelse\" \/>\n<meta property=\"og:url\" content=\"https:\/\/bibliotekutvikling.no\/kunnskapsorganisering\/nyhetslister-fra-norsk-bokfortegnelse\/\" \/>\n<meta property=\"og:site_name\" content=\"Kunnskapsorganisering\" \/>\n<meta property=\"article:modified_time\" content=\"2020-05-12T09:24:50+00:00\" \/>\n<meta name=\"twitter:card\" content=\"summary_large_image\" \/>\n<meta name=\"twitter:label1\" content=\"Ansl. lesetid\" \/>\n\t<meta name=\"twitter:data1\" content=\"2 minutter\" \/>\n<script type=\"application\/ld+json\" class=\"yoast-schema-graph\">{\"@context\":\"https:\/\/schema.org\",\"@graph\":[{\"@type\":\"WebPage\",\"@id\":\"https:\/\/bibliotekutvikling.no\/kunnskapsorganisering\/nyhetslister-fra-norsk-bokfortegnelse\/\",\"url\":\"https:\/\/bibliotekutvikling.no\/kunnskapsorganisering\/nyhetslister-fra-norsk-bokfortegnelse\/\",\"name\":\"Nyhetslister fra Norsk bokfortegnelse - Kunnskapsorganisering\",\"isPartOf\":{\"@id\":\"https:\/\/bibliotekutvikling.no\/kunnskapsorganisering\/#website\"},\"datePublished\":\"2019-12-03T10:07:43+00:00\",\"dateModified\":\"2020-05-12T09:24:50+00:00\",\"breadcrumb\":{\"@id\":\"https:\/\/bibliotekutvikling.no\/kunnskapsorganisering\/nyhetslister-fra-norsk-bokfortegnelse\/#breadcrumb\"},\"inLanguage\":\"nb-NO\",\"potentialAction\":[{\"@type\":\"ReadAction\",\"target\":[\"https:\/\/bibliotekutvikling.no\/kunnskapsorganisering\/nyhetslister-fra-norsk-bokfortegnelse\/\"]}]},{\"@type\":\"BreadcrumbList\",\"@id\":\"https:\/\/bibliotekutvikling.no\/kunnskapsorganisering\/nyhetslister-fra-norsk-bokfortegnelse\/#breadcrumb\",\"itemListElement\":[{\"@type\":\"ListItem\",\"position\":1,\"name\":\"Home\",\"item\":\"https:\/\/bibliotekutvikling.no\/kunnskapsorganisering\/\"},{\"@type\":\"ListItem\",\"position\":2,\"name\":\"Nyhetslister fra Norsk bokfortegnelse\"}]},{\"@type\":\"WebSite\",\"@id\":\"https:\/\/bibliotekutvikling.no\/kunnskapsorganisering\/#website\",\"url\":\"https:\/\/bibliotekutvikling.no\/kunnskapsorganisering\/\",\"name\":\"Kunnskapsorganisering\",\"description\":\"Ressurser i kunnskapsorganisering\",\"publisher\":{\"@id\":\"https:\/\/bibliotekutvikling.no\/kunnskapsorganisering\/#organization\"},\"potentialAction\":[{\"@type\":\"SearchAction\",\"target\":{\"@type\":\"EntryPoint\",\"urlTemplate\":\"https:\/\/bibliotekutvikling.no\/kunnskapsorganisering\/?s={search_term_string}\"},\"query-input\":{\"@type\":\"PropertyValueSpecification\",\"valueRequired\":true,\"valueName\":\"search_term_string\"}}],\"inLanguage\":\"nb-NO\"},{\"@type\":\"Organization\",\"@id\":\"https:\/\/bibliotekutvikling.no\/kunnskapsorganisering\/#organization\",\"name\":\"Kunnskapsorganisering\",\"url\":\"https:\/\/bibliotekutvikling.no\/kunnskapsorganisering\/\",\"logo\":{\"@type\":\"ImageObject\",\"inLanguage\":\"nb-NO\",\"@id\":\"https:\/\/bibliotekutvikling.no\/kunnskapsorganisering\/#\/schema\/logo\/image\/\",\"url\":\"https:\/\/bibliotekutvikling.no\/content\/uploads\/sites\/8\/2024\/07\/MiniatyrBilde_logo.png\",\"contentUrl\":\"https:\/\/bibliotekutvikling.no\/content\/uploads\/sites\/8\/2024\/07\/MiniatyrBilde_logo.png\",\"width\":824,\"height\":744,\"caption\":\"Kunnskapsorganisering\"},\"image\":{\"@id\":\"https:\/\/bibliotekutvikling.no\/kunnskapsorganisering\/#\/schema\/logo\/image\/\"}}]}<\/script>\n<!-- \/ Yoast SEO Premium plugin. -->","yoast_head_json":{"title":"Nyhetslister fra Norsk bokfortegnelse - Kunnskapsorganisering","robots":{"index":"index","follow":"follow","max-snippet":"max-snippet:-1","max-image-preview":"max-image-preview:large","max-video-preview":"max-video-preview:-1"},"canonical":"https:\/\/bibliotekutvikling.no\/kunnskapsorganisering\/nyhetslister-fra-norsk-bokfortegnelse\/","og_locale":"nb_NO","og_type":"article","og_title":"Nyhetslister fra Norsk bokfortegnelse","og_url":"https:\/\/bibliotekutvikling.no\/kunnskapsorganisering\/nyhetslister-fra-norsk-bokfortegnelse\/","og_site_name":"Kunnskapsorganisering","article_modified_time":"2020-05-12T09:24:50+00:00","twitter_card":"summary_large_image","twitter_misc":{"Ansl. lesetid":"2 minutter"},"schema":{"@context":"https:\/\/schema.org","@graph":[{"@type":"WebPage","@id":"https:\/\/bibliotekutvikling.no\/kunnskapsorganisering\/nyhetslister-fra-norsk-bokfortegnelse\/","url":"https:\/\/bibliotekutvikling.no\/kunnskapsorganisering\/nyhetslister-fra-norsk-bokfortegnelse\/","name":"Nyhetslister fra Norsk bokfortegnelse - Kunnskapsorganisering","isPartOf":{"@id":"https:\/\/bibliotekutvikling.no\/kunnskapsorganisering\/#website"},"datePublished":"2019-12-03T10:07:43+00:00","dateModified":"2020-05-12T09:24:50+00:00","breadcrumb":{"@id":"https:\/\/bibliotekutvikling.no\/kunnskapsorganisering\/nyhetslister-fra-norsk-bokfortegnelse\/#breadcrumb"},"inLanguage":"nb-NO","potentialAction":[{"@type":"ReadAction","target":["https:\/\/bibliotekutvikling.no\/kunnskapsorganisering\/nyhetslister-fra-norsk-bokfortegnelse\/"]}]},{"@type":"BreadcrumbList","@id":"https:\/\/bibliotekutvikling.no\/kunnskapsorganisering\/nyhetslister-fra-norsk-bokfortegnelse\/#breadcrumb","itemListElement":[{"@type":"ListItem","position":1,"name":"Home","item":"https:\/\/bibliotekutvikling.no\/kunnskapsorganisering\/"},{"@type":"ListItem","position":2,"name":"Nyhetslister fra Norsk bokfortegnelse"}]},{"@type":"WebSite","@id":"https:\/\/bibliotekutvikling.no\/kunnskapsorganisering\/#website","url":"https:\/\/bibliotekutvikling.no\/kunnskapsorganisering\/","name":"Kunnskapsorganisering","description":"Ressurser i kunnskapsorganisering","publisher":{"@id":"https:\/\/bibliotekutvikling.no\/kunnskapsorganisering\/#organization"},"potentialAction":[{"@type":"SearchAction","target":{"@type":"EntryPoint","urlTemplate":"https:\/\/bibliotekutvikling.no\/kunnskapsorganisering\/?s={search_term_string}"},"query-input":{"@type":"PropertyValueSpecification","valueRequired":true,"valueName":"search_term_string"}}],"inLanguage":"nb-NO"},{"@type":"Organization","@id":"https:\/\/bibliotekutvikling.no\/kunnskapsorganisering\/#organization","name":"Kunnskapsorganisering","url":"https:\/\/bibliotekutvikling.no\/kunnskapsorganisering\/","logo":{"@type":"ImageObject","inLanguage":"nb-NO","@id":"https:\/\/bibliotekutvikling.no\/kunnskapsorganisering\/#\/schema\/logo\/image\/","url":"https:\/\/bibliotekutvikling.no\/content\/uploads\/sites\/8\/2024\/07\/MiniatyrBilde_logo.png","contentUrl":"https:\/\/bibliotekutvikling.no\/content\/uploads\/sites\/8\/2024\/07\/MiniatyrBilde_logo.png","width":824,"height":744,"caption":"Kunnskapsorganisering"},"image":{"@id":"https:\/\/bibliotekutvikling.no\/kunnskapsorganisering\/#\/schema\/logo\/image\/"}}]}},"_links":{"self":[{"href":"https:\/\/bibliotekutvikling.no\/kunnskapsorganisering\/wp-json\/wp\/v2\/pages\/525","targetHints":{"allow":["GET"]}}],"collection":[{"href":"https:\/\/bibliotekutvikling.no\/kunnskapsorganisering\/wp-json\/wp\/v2\/pages"}],"about":[{"href":"https:\/\/bibliotekutvikling.no\/kunnskapsorganisering\/wp-json\/wp\/v2\/types\/page"}],"author":[{"embeddable":true,"href":"https:\/\/bibliotekutvikling.no\/kunnskapsorganisering\/wp-json\/wp\/v2\/users\/52"}],"replies":[{"embeddable":true,"href":"https:\/\/bibliotekutvikling.no\/kunnskapsorganisering\/wp-json\/wp\/v2\/comments?post=525"}],"version-history":[{"count":62,"href":"https:\/\/bibliotekutvikling.no\/kunnskapsorganisering\/wp-json\/wp\/v2\/pages\/525\/revisions"}],"predecessor-version":[{"id":1104,"href":"https:\/\/bibliotekutvikling.no\/kunnskapsorganisering\/wp-json\/wp\/v2\/pages\/525\/revisions\/1104"}],"wp:attachment":[{"href":"https:\/\/bibliotekutvikling.no\/kunnskapsorganisering\/wp-json\/wp\/v2\/media?parent=525"}],"curies":[{"name":"wp","href":"https:\/\/api.w.org\/{rel}","templated":true}]}}