{"id":354,"date":"2019-11-25T13:55:08","date_gmt":"2019-11-25T12:55:08","guid":{"rendered":"https:\/\/bibliotekutvikling.dev04.dekodes.no\/kunnskapsorganisering\/?page_id=354"},"modified":"2025-12-10T10:03:53","modified_gmt":"2025-12-10T09:03:53","slug":"lisenser","status":"publish","type":"page","link":"https:\/\/bibliotekutvikling.no\/kunnskapsorganisering\/norsk-webdewey\/lisenser\/","title":{"rendered":"Hvordan f\u00e5 lisenser til Norsk Webdewey"},"content":{"rendered":"\n<p>Tilgangen til WebDewey g\u00e5r via en lisens, det finnes tre typer lisenser:<\/p>\n\n\n\n<ol class=\"wp-block-list\">\n<li>WebDewey enkeltbruker<\/li>\n\n\n\n<li>WebDewey 2-9 brukere<\/li>\n\n\n\n<li>WebDewey 10+ brukere<\/li>\n<\/ol>\n\n\n\n<p>Til hver lisens knyttes det brukere som f\u00e5r eget brukernavn og passord.&nbsp;Brukernavnet og passordet kan deles av flere i en institusjon, og flere kan v\u00e6re inne i WebDewey samtidig.<\/p>\n\n\n\n<p>Alle brukere kan koble Norsk WebDewey opp mot egen katalog slik at man kan gj\u00f8re oppslag mot tidligere klassifikasjonspraksis. Hver bruker kan endre p\u00e5 grensesnittsinnstillinger, lagre kommentarer og bygde numre. Brukere innenfor samme lisens deler kommentarer og bygde numre.<\/p>\n\n\n\n<p>Foresp\u00f8rsler om lisenser eller andre sp\u00f8rsm\u00e5l kan sendes til\u00a0<a href=\"mailto:webdewey-lisenser@nb.no\">webdewey-lisenser@nb.no<\/a>\u00a0<\/p>\n\n\n\n<h2 class=\"wp-block-heading\" id=\"h-lisenser-til-fylkes-folke-og-skolebibliotek\">Lisenser til fylkes-, folke- og skolebibliotek<\/h2>\n\n\n\n<p>Nasjonalbiblioteket dekker utgiftene til lisenser for Norsk WebDewey for norske fylkesbibliotek, folkebibliotek og skolebibliotek til og med videreg\u00e5ende skole.<\/p>\n\n\n\n<p>Hvert fylkesbibliotek f\u00e5r tildelt <strong>to <\/strong>10+ brukere-lisenser som er felles for hele fylket:<\/p>\n\n\n\n<ul class=\"wp-block-list\">\n<li>En lisens g\u00e5r til for folkebibliotekene, som kan gi skolebibliotekene i kommunen tilgang ved behov, <\/li>\n\n\n\n<li>En lisens g\u00e5r til bibliotekene i de videreg\u00e5ende skolene. <\/li>\n<\/ul>\n\n\n\n<p>Hvert bibliotek blir en bruker med eget brukernavn, men alle deler samme lisens.<\/p>\n\n\n\n<p>Nasjonalbiblioteket fordeler lisenser til fylkesbibliotekene. Fylkesbiblioteket administrer utdeling av brukernavn og passord til bibliotekene i fylket.<\/p>\n\n\n\n<p>St\u00f8rre bibliotek som \u00f8nsker \u00e5 ha en egen lisens med flere brukere, kan kj\u00f8pe ekstralisenser p\u00e5 samme vilk\u00e5r som fagbibliotekene.<\/p>\n\n\n\n<h2 class=\"wp-block-heading\" id=\"h-lisenser-til-fagbibliotek\">Lisenser til fagbibliotek<\/h2>\n\n\n\n<p>Fagbibliotekene f\u00e5r gratis tilgang til \u00e9n felles enkeltbruker-lisens. Der kan alle gj\u00f8re oppslag og bruke Norsk WebDewey p\u00e5 en enkel m\u00e5te. Innstillinger, bygde nummer og eventuelle kommentarer vil v\u00e6re felles for alle.<\/p>\n\n\n\n<p>Bibliotek som \u00f8nsker \u00e5 ha en egen lisens, kan kj\u00f8pe lisenser til en pris som dekker Nasjonalbibliotekets utgifter til royalty til OCLC, dvs. 15 % av prisen for en lisens.&nbsp; Prisen reguleres hvert \u00e5r av OCLC.<\/p>\n","protected":false},"excerpt":{"rendered":"","protected":false},"author":54,"featured_media":690,"parent":290,"menu_order":0,"comment_status":"closed","ping_status":"closed","template":"","meta":{"nb_hide_title":false,"sub_navigation_option":"","sub_navigation_custom_items":null,"footnotes":""},"class_list":["post-354","page","type-page","status-publish","has-post-thumbnail","hentry"],"yoast_head":"<!-- This site is optimized with the Yoast SEO Premium plugin v27.1 (Yoast SEO v27.1.1) - https:\/\/yoast.com\/product\/yoast-seo-premium-wordpress\/ -->\n<title>Hvordan f\u00e5 lisenser til Norsk Webdewey - Kunnskapsorganisering<\/title>\n<meta name=\"robots\" content=\"index, follow, max-snippet:-1, max-image-preview:large, max-video-preview:-1\" \/>\n<link rel=\"canonical\" href=\"https:\/\/bibliotekutvikling.no\/kunnskapsorganisering\/norsk-webdewey\/lisenser\/\" \/>\n<meta property=\"og:locale\" content=\"nb_NO\" \/>\n<meta property=\"og:type\" content=\"article\" \/>\n<meta property=\"og:title\" content=\"Hvordan f\u00e5 lisenser til Norsk Webdewey\" \/>\n<meta property=\"og:url\" content=\"https:\/\/bibliotekutvikling.no\/kunnskapsorganisering\/norsk-webdewey\/lisenser\/\" \/>\n<meta property=\"og:site_name\" content=\"Kunnskapsorganisering\" \/>\n<meta property=\"article:modified_time\" content=\"2025-12-10T09:03:53+00:00\" \/>\n<meta property=\"og:image\" content=\"https:\/\/bibliotekutvikling.no\/content\/uploads\/sites\/8\/2019\/12\/Lambertseter_bibliotek_NETT-21.jpg\" \/>\n\t<meta property=\"og:image:width\" content=\"2500\" \/>\n\t<meta property=\"og:image:height\" content=\"1669\" \/>\n\t<meta property=\"og:image:type\" content=\"image\/jpeg\" \/>\n<meta name=\"twitter:card\" content=\"summary_large_image\" \/>\n<meta name=\"twitter:label1\" content=\"Ansl. lesetid\" \/>\n\t<meta name=\"twitter:data1\" content=\"2 minutter\" \/>\n<script type=\"application\/ld+json\" class=\"yoast-schema-graph\">{\"@context\":\"https:\/\/schema.org\",\"@graph\":[{\"@type\":\"WebPage\",\"@id\":\"https:\/\/bibliotekutvikling.no\/kunnskapsorganisering\/norsk-webdewey\/lisenser\/\",\"url\":\"https:\/\/bibliotekutvikling.no\/kunnskapsorganisering\/norsk-webdewey\/lisenser\/\",\"name\":\"Hvordan f\u00e5 lisenser til Norsk Webdewey - Kunnskapsorganisering\",\"isPartOf\":{\"@id\":\"https:\/\/bibliotekutvikling.no\/kunnskapsorganisering\/#website\"},\"primaryImageOfPage\":{\"@id\":\"https:\/\/bibliotekutvikling.no\/kunnskapsorganisering\/norsk-webdewey\/lisenser\/#primaryimage\"},\"image\":{\"@id\":\"https:\/\/bibliotekutvikling.no\/kunnskapsorganisering\/norsk-webdewey\/lisenser\/#primaryimage\"},\"thumbnailUrl\":\"https:\/\/bibliotekutvikling.no\/content\/uploads\/sites\/8\/2019\/12\/Lambertseter_bibliotek_NETT-21.jpg\",\"datePublished\":\"2019-11-25T12:55:08+00:00\",\"dateModified\":\"2025-12-10T09:03:53+00:00\",\"breadcrumb\":{\"@id\":\"https:\/\/bibliotekutvikling.no\/kunnskapsorganisering\/norsk-webdewey\/lisenser\/#breadcrumb\"},\"inLanguage\":\"nb-NO\",\"potentialAction\":[{\"@type\":\"ReadAction\",\"target\":[\"https:\/\/bibliotekutvikling.no\/kunnskapsorganisering\/norsk-webdewey\/lisenser\/\"]}]},{\"@type\":\"ImageObject\",\"inLanguage\":\"nb-NO\",\"@id\":\"https:\/\/bibliotekutvikling.no\/kunnskapsorganisering\/norsk-webdewey\/lisenser\/#primaryimage\",\"url\":\"https:\/\/bibliotekutvikling.no\/content\/uploads\/sites\/8\/2019\/12\/Lambertseter_bibliotek_NETT-21.jpg\",\"contentUrl\":\"https:\/\/bibliotekutvikling.no\/content\/uploads\/sites\/8\/2019\/12\/Lambertseter_bibliotek_NETT-21.jpg\",\"width\":2500,\"height\":1669},{\"@type\":\"BreadcrumbList\",\"@id\":\"https:\/\/bibliotekutvikling.no\/kunnskapsorganisering\/norsk-webdewey\/lisenser\/#breadcrumb\",\"itemListElement\":[{\"@type\":\"ListItem\",\"position\":1,\"name\":\"Home\",\"item\":\"https:\/\/bibliotekutvikling.no\/kunnskapsorganisering\/\"},{\"@type\":\"ListItem\",\"position\":2,\"name\":\"Norsk WebDewey\",\"item\":\"https:\/\/bibliotekutvikling.no\/kunnskapsorganisering\/norsk-webdewey\/\"},{\"@type\":\"ListItem\",\"position\":3,\"name\":\"Hvordan f\u00e5 lisenser til Norsk Webdewey\"}]},{\"@type\":\"WebSite\",\"@id\":\"https:\/\/bibliotekutvikling.no\/kunnskapsorganisering\/#website\",\"url\":\"https:\/\/bibliotekutvikling.no\/kunnskapsorganisering\/\",\"name\":\"Kunnskapsorganisering\",\"description\":\"Ressurser i kunnskapsorganisering\",\"publisher\":{\"@id\":\"https:\/\/bibliotekutvikling.no\/kunnskapsorganisering\/#organization\"},\"potentialAction\":[{\"@type\":\"SearchAction\",\"target\":{\"@type\":\"EntryPoint\",\"urlTemplate\":\"https:\/\/bibliotekutvikling.no\/kunnskapsorganisering\/?s={search_term_string}\"},\"query-input\":{\"@type\":\"PropertyValueSpecification\",\"valueRequired\":true,\"valueName\":\"search_term_string\"}}],\"inLanguage\":\"nb-NO\"},{\"@type\":\"Organization\",\"@id\":\"https:\/\/bibliotekutvikling.no\/kunnskapsorganisering\/#organization\",\"name\":\"Kunnskapsorganisering\",\"url\":\"https:\/\/bibliotekutvikling.no\/kunnskapsorganisering\/\",\"logo\":{\"@type\":\"ImageObject\",\"inLanguage\":\"nb-NO\",\"@id\":\"https:\/\/bibliotekutvikling.no\/kunnskapsorganisering\/#\/schema\/logo\/image\/\",\"url\":\"https:\/\/bibliotekutvikling.no\/content\/uploads\/sites\/8\/2024\/07\/MiniatyrBilde_logo.png\",\"contentUrl\":\"https:\/\/bibliotekutvikling.no\/content\/uploads\/sites\/8\/2024\/07\/MiniatyrBilde_logo.png\",\"width\":824,\"height\":744,\"caption\":\"Kunnskapsorganisering\"},\"image\":{\"@id\":\"https:\/\/bibliotekutvikling.no\/kunnskapsorganisering\/#\/schema\/logo\/image\/\"}}]}<\/script>\n<!-- \/ Yoast SEO Premium plugin. -->","yoast_head_json":{"title":"Hvordan f\u00e5 lisenser til Norsk Webdewey - Kunnskapsorganisering","robots":{"index":"index","follow":"follow","max-snippet":"max-snippet:-1","max-image-preview":"max-image-preview:large","max-video-preview":"max-video-preview:-1"},"canonical":"https:\/\/bibliotekutvikling.no\/kunnskapsorganisering\/norsk-webdewey\/lisenser\/","og_locale":"nb_NO","og_type":"article","og_title":"Hvordan f\u00e5 lisenser til Norsk Webdewey","og_url":"https:\/\/bibliotekutvikling.no\/kunnskapsorganisering\/norsk-webdewey\/lisenser\/","og_site_name":"Kunnskapsorganisering","article_modified_time":"2025-12-10T09:03:53+00:00","og_image":[{"width":2500,"height":1669,"url":"https:\/\/bibliotekutvikling.no\/content\/uploads\/sites\/8\/2019\/12\/Lambertseter_bibliotek_NETT-21.jpg","type":"image\/jpeg"}],"twitter_card":"summary_large_image","twitter_misc":{"Ansl. lesetid":"2 minutter"},"schema":{"@context":"https:\/\/schema.org","@graph":[{"@type":"WebPage","@id":"https:\/\/bibliotekutvikling.no\/kunnskapsorganisering\/norsk-webdewey\/lisenser\/","url":"https:\/\/bibliotekutvikling.no\/kunnskapsorganisering\/norsk-webdewey\/lisenser\/","name":"Hvordan f\u00e5 lisenser til Norsk Webdewey - Kunnskapsorganisering","isPartOf":{"@id":"https:\/\/bibliotekutvikling.no\/kunnskapsorganisering\/#website"},"primaryImageOfPage":{"@id":"https:\/\/bibliotekutvikling.no\/kunnskapsorganisering\/norsk-webdewey\/lisenser\/#primaryimage"},"image":{"@id":"https:\/\/bibliotekutvikling.no\/kunnskapsorganisering\/norsk-webdewey\/lisenser\/#primaryimage"},"thumbnailUrl":"https:\/\/bibliotekutvikling.no\/content\/uploads\/sites\/8\/2019\/12\/Lambertseter_bibliotek_NETT-21.jpg","datePublished":"2019-11-25T12:55:08+00:00","dateModified":"2025-12-10T09:03:53+00:00","breadcrumb":{"@id":"https:\/\/bibliotekutvikling.no\/kunnskapsorganisering\/norsk-webdewey\/lisenser\/#breadcrumb"},"inLanguage":"nb-NO","potentialAction":[{"@type":"ReadAction","target":["https:\/\/bibliotekutvikling.no\/kunnskapsorganisering\/norsk-webdewey\/lisenser\/"]}]},{"@type":"ImageObject","inLanguage":"nb-NO","@id":"https:\/\/bibliotekutvikling.no\/kunnskapsorganisering\/norsk-webdewey\/lisenser\/#primaryimage","url":"https:\/\/bibliotekutvikling.no\/content\/uploads\/sites\/8\/2019\/12\/Lambertseter_bibliotek_NETT-21.jpg","contentUrl":"https:\/\/bibliotekutvikling.no\/content\/uploads\/sites\/8\/2019\/12\/Lambertseter_bibliotek_NETT-21.jpg","width":2500,"height":1669},{"@type":"BreadcrumbList","@id":"https:\/\/bibliotekutvikling.no\/kunnskapsorganisering\/norsk-webdewey\/lisenser\/#breadcrumb","itemListElement":[{"@type":"ListItem","position":1,"name":"Home","item":"https:\/\/bibliotekutvikling.no\/kunnskapsorganisering\/"},{"@type":"ListItem","position":2,"name":"Norsk WebDewey","item":"https:\/\/bibliotekutvikling.no\/kunnskapsorganisering\/norsk-webdewey\/"},{"@type":"ListItem","position":3,"name":"Hvordan f\u00e5 lisenser til Norsk Webdewey"}]},{"@type":"WebSite","@id":"https:\/\/bibliotekutvikling.no\/kunnskapsorganisering\/#website","url":"https:\/\/bibliotekutvikling.no\/kunnskapsorganisering\/","name":"Kunnskapsorganisering","description":"Ressurser i kunnskapsorganisering","publisher":{"@id":"https:\/\/bibliotekutvikling.no\/kunnskapsorganisering\/#organization"},"potentialAction":[{"@type":"SearchAction","target":{"@type":"EntryPoint","urlTemplate":"https:\/\/bibliotekutvikling.no\/kunnskapsorganisering\/?s={search_term_string}"},"query-input":{"@type":"PropertyValueSpecification","valueRequired":true,"valueName":"search_term_string"}}],"inLanguage":"nb-NO"},{"@type":"Organization","@id":"https:\/\/bibliotekutvikling.no\/kunnskapsorganisering\/#organization","name":"Kunnskapsorganisering","url":"https:\/\/bibliotekutvikling.no\/kunnskapsorganisering\/","logo":{"@type":"ImageObject","inLanguage":"nb-NO","@id":"https:\/\/bibliotekutvikling.no\/kunnskapsorganisering\/#\/schema\/logo\/image\/","url":"https:\/\/bibliotekutvikling.no\/content\/uploads\/sites\/8\/2024\/07\/MiniatyrBilde_logo.png","contentUrl":"https:\/\/bibliotekutvikling.no\/content\/uploads\/sites\/8\/2024\/07\/MiniatyrBilde_logo.png","width":824,"height":744,"caption":"Kunnskapsorganisering"},"image":{"@id":"https:\/\/bibliotekutvikling.no\/kunnskapsorganisering\/#\/schema\/logo\/image\/"}}]}},"_links":{"self":[{"href":"https:\/\/bibliotekutvikling.no\/kunnskapsorganisering\/wp-json\/wp\/v2\/pages\/354","targetHints":{"allow":["GET"]}}],"collection":[{"href":"https:\/\/bibliotekutvikling.no\/kunnskapsorganisering\/wp-json\/wp\/v2\/pages"}],"about":[{"href":"https:\/\/bibliotekutvikling.no\/kunnskapsorganisering\/wp-json\/wp\/v2\/types\/page"}],"author":[{"embeddable":true,"href":"https:\/\/bibliotekutvikling.no\/kunnskapsorganisering\/wp-json\/wp\/v2\/users\/54"}],"replies":[{"embeddable":true,"href":"https:\/\/bibliotekutvikling.no\/kunnskapsorganisering\/wp-json\/wp\/v2\/comments?post=354"}],"version-history":[{"count":4,"href":"https:\/\/bibliotekutvikling.no\/kunnskapsorganisering\/wp-json\/wp\/v2\/pages\/354\/revisions"}],"predecessor-version":[{"id":2634,"href":"https:\/\/bibliotekutvikling.no\/kunnskapsorganisering\/wp-json\/wp\/v2\/pages\/354\/revisions\/2634"}],"up":[{"embeddable":true,"href":"https:\/\/bibliotekutvikling.no\/kunnskapsorganisering\/wp-json\/wp\/v2\/pages\/290"}],"wp:featuredmedia":[{"embeddable":true,"href":"https:\/\/bibliotekutvikling.no\/kunnskapsorganisering\/wp-json\/wp\/v2\/media\/690"}],"wp:attachment":[{"href":"https:\/\/bibliotekutvikling.no\/kunnskapsorganisering\/wp-json\/wp\/v2\/media?parent=354"}],"curies":[{"name":"wp","href":"https:\/\/api.w.org\/{rel}","templated":true}]}}