{"id":338,"date":"2019-11-25T13:43:07","date_gmt":"2019-11-25T12:43:07","guid":{"rendered":"https:\/\/bibliotekutvikling.dev04.dekodes.no\/kunnskapsorganisering\/?page_id=338"},"modified":"2025-03-18T10:44:07","modified_gmt":"2025-03-18T09:44:07","slug":"opplaering-i-norsk-webdewey","status":"publish","type":"page","link":"https:\/\/bibliotekutvikling.no\/kunnskapsorganisering\/norsk-webdewey\/opplaering-i-norsk-webdewey\/","title":{"rendered":"Oppl\u00e6ring i norsk WebDewey"},"content":{"rendered":"\n<p>Nasjonalbiblioteket er ansvarlig for oppl\u00e6ringen i Norsk WebDewey gjennom et samarbeid med Universitetsbiblioteket i Oslo, Biblioteksentralen og bibliotekutdanningene ved Oslo Met og Universitetet i Troms\u00f8 \u2013 Norges arktiske universitet.<\/p>\n\n\n\n<h2 class=\"wp-block-heading\">Kontakt<\/h2>\n\n\n\n<p>Sp\u00f8rsm\u00e5l om oppl\u00e6ring kan rettes til epostgruppen <strong><a href=\"mailto:webdewey@nb.no\">webdewey@nb.no<\/a><\/strong><\/p>\n\n\n\n<h2 class=\"wp-block-heading\">Oppl\u00e6ring <\/h2>\n\n\n\n<p><\/p>\n\n\n\n<div class=\"wp-block-buttons is-layout-flex wp-block-buttons-is-layout-flex\">\n<div class=\"wp-block-button\"><a class=\"wp-block-button__link wp-element-button\" href=\"https:\/\/bibliotekutvikling.no\/kompetansebank\/courses\/webdewey\/\">Nettkurset Norsk WebDewey<\/a><\/div>\n<\/div>\n\n\n\n<h2 class=\"wp-block-heading\" id=\"presentasjoner\">Tidligere presentasjoner for oppl\u00e6ring <\/h2>\n\n\n<ul class=\"t2-link-list has-3-items has-1-columns wp-block-t2-link-list\">\n\t<li class=\"t2-link-list-item wp-block-t2-link-list-item\">\n\t\t<a\n\t\t\thref=\"\/content\/uploads\/sites\/8\/2019\/11\/0-9_med_Dewey.pptx\"\n\t\t\tclass=\"t2-link-list-item__link t2-link-list__icon--right\"\n\t\t\t\t\t>\n\t\t\t<span class=\"t2-link-list-item__icon\"><span class=\"t2-link-list-item__icon-box\"><\/span><svg xmlns=\"http:\/\/www.w3.org\/2000\/svg\" viewBox=\"0 0 24 24\" height=\"24\" width=\"24\" class=\"t2-icon t2-icon-external\" aria-hidden=\"true\" focusable=\"false\"><path d=\"M19 19H5V5h7V3H3v18h18v-9h-2v7zM14 3v2h3.6l-9.8 9.8 1.4 1.4L19 6.4V10h2V3h-7z\"\/><\/svg><\/span>\t\t\t<div class=\"t2-link-list-item__content\">\n\n\t\t\t\t\n\t\t\t\t<span id=\"link-list-item-text\" class=\"t2-link-list-item__text\">\n\t\t\t\t\t0-9 med Dewey\t\t\t\t<\/span>\n\t\t\t\t\t\t\t<\/div>\n\t\t<\/a>\n\t<\/li>\n\t\n\n\t<li class=\"t2-link-list-item wp-block-t2-link-list-item\">\n\t\t<a\n\t\t\thref=\"\/content\/uploads\/sites\/8\/2019\/11\/Klassifikasjonspolitikk_og_-praksis_ny.pptx\"\n\t\t\tclass=\"t2-link-list-item__link t2-link-list__icon--right\"\n\t\t\t\t\t>\n\t\t\t<span class=\"t2-link-list-item__icon\"><span class=\"t2-link-list-item__icon-box\"><\/span><svg xmlns=\"http:\/\/www.w3.org\/2000\/svg\" viewBox=\"0 0 24 24\" height=\"24\" width=\"24\" class=\"t2-icon t2-icon-external\" aria-hidden=\"true\" focusable=\"false\"><path d=\"M19 19H5V5h7V3H3v18h18v-9h-2v7zM14 3v2h3.6l-9.8 9.8 1.4 1.4L19 6.4V10h2V3h-7z\"\/><\/svg><\/span>\t\t\t<div class=\"t2-link-list-item__content\">\n\n\t\t\t\t\n\t\t\t\t<span id=\"link-list-item-text-1\" class=\"t2-link-list-item__text\">\n\t\t\t\t\tKlassifikasjonspolitikk og praksis\t\t\t\t<\/span>\n\t\t\t\t\t\t\t<\/div>\n\t\t<\/a>\n\t<\/li>\n\t\n\n\t<li class=\"t2-link-list-item wp-block-t2-link-list-item\">\n\t\t<a\n\t\t\thref=\"\/content\/uploads\/sites\/8\/2019\/11\/NorskWebDewey-sluttbrukertjenester-1.pptx\"\n\t\t\tclass=\"t2-link-list-item__link t2-link-list__icon--right\"\n\t\t\t\t\t>\n\t\t\t<span class=\"t2-link-list-item__icon\"><span class=\"t2-link-list-item__icon-box\"><\/span><svg xmlns=\"http:\/\/www.w3.org\/2000\/svg\" viewBox=\"0 0 24 24\" height=\"24\" width=\"24\" class=\"t2-icon t2-icon-external\" aria-hidden=\"true\" focusable=\"false\"><path d=\"M19 19H5V5h7V3H3v18h18v-9h-2v7zM14 3v2h3.6l-9.8 9.8 1.4 1.4L19 6.4V10h2V3h-7z\"\/><\/svg><\/span>\t\t\t<div class=\"t2-link-list-item__content\">\n\n\t\t\t\t\n\t\t\t\t<span id=\"link-list-item-text-2\" class=\"t2-link-list-item__text\">\n\t\t\t\t\tNorsk WebDewey og sluttbrukere\t\t\t\t<\/span>\n\t\t\t\t\t\t\t<\/div>\n\t\t<\/a>\n\t<\/li>\n\t\n<\/ul>","protected":false},"excerpt":{"rendered":"","protected":false},"author":54,"featured_media":1806,"parent":290,"menu_order":0,"comment_status":"closed","ping_status":"closed","template":"","meta":{"nb_hide_title":false,"sub_navigation_option":"","sub_navigation_custom_items":null,"footnotes":""},"class_list":["post-338","page","type-page","status-publish","has-post-thumbnail","hentry"],"yoast_head":"<!-- This site is optimized with the Yoast SEO Premium plugin v26.9 (Yoast SEO v26.9) - https:\/\/yoast.com\/product\/yoast-seo-premium-wordpress\/ -->\n<title>Oppl\u00e6ring i norsk WebDewey - Kunnskapsorganisering<\/title>\n<meta name=\"robots\" content=\"index, follow, max-snippet:-1, max-image-preview:large, max-video-preview:-1\" \/>\n<link rel=\"canonical\" href=\"https:\/\/bibliotekutvikling.no\/kunnskapsorganisering\/norsk-webdewey\/opplaering-i-norsk-webdewey\/\" \/>\n<meta property=\"og:locale\" content=\"nb_NO\" \/>\n<meta property=\"og:type\" content=\"article\" \/>\n<meta property=\"og:title\" content=\"Oppl\u00e6ring i norsk WebDewey\" \/>\n<meta property=\"og:url\" content=\"https:\/\/bibliotekutvikling.no\/kunnskapsorganisering\/norsk-webdewey\/opplaering-i-norsk-webdewey\/\" \/>\n<meta property=\"og:site_name\" content=\"Kunnskapsorganisering\" \/>\n<meta property=\"article:modified_time\" content=\"2025-03-18T09:44:07+00:00\" \/>\n<meta property=\"og:image\" content=\"https:\/\/bibliotekutvikling.no\/content\/uploads\/sites\/8\/2023\/03\/webdewey-forside-kurs-liten-variant-1024x539.png\" \/>\n\t<meta property=\"og:image:width\" content=\"1024\" \/>\n\t<meta property=\"og:image:height\" content=\"539\" \/>\n\t<meta property=\"og:image:type\" content=\"image\/png\" \/>\n<meta name=\"twitter:card\" content=\"summary_large_image\" \/>\n<meta name=\"twitter:label1\" content=\"Ansl. lesetid\" \/>\n\t<meta name=\"twitter:data1\" content=\"1 minutt\" \/>\n<script type=\"application\/ld+json\" class=\"yoast-schema-graph\">{\"@context\":\"https:\/\/schema.org\",\"@graph\":[{\"@type\":\"WebPage\",\"@id\":\"https:\/\/bibliotekutvikling.no\/kunnskapsorganisering\/norsk-webdewey\/opplaering-i-norsk-webdewey\/\",\"url\":\"https:\/\/bibliotekutvikling.no\/kunnskapsorganisering\/norsk-webdewey\/opplaering-i-norsk-webdewey\/\",\"name\":\"Oppl\u00e6ring i norsk WebDewey - Kunnskapsorganisering\",\"isPartOf\":{\"@id\":\"https:\/\/bibliotekutvikling.no\/kunnskapsorganisering\/#website\"},\"primaryImageOfPage\":{\"@id\":\"https:\/\/bibliotekutvikling.no\/kunnskapsorganisering\/norsk-webdewey\/opplaering-i-norsk-webdewey\/#primaryimage\"},\"image\":{\"@id\":\"https:\/\/bibliotekutvikling.no\/kunnskapsorganisering\/norsk-webdewey\/opplaering-i-norsk-webdewey\/#primaryimage\"},\"thumbnailUrl\":\"https:\/\/bibliotekutvikling.no\/content\/uploads\/sites\/8\/2023\/03\/webdewey-forside-kurs-liten-variant.png\",\"datePublished\":\"2019-11-25T12:43:07+00:00\",\"dateModified\":\"2025-03-18T09:44:07+00:00\",\"breadcrumb\":{\"@id\":\"https:\/\/bibliotekutvikling.no\/kunnskapsorganisering\/norsk-webdewey\/opplaering-i-norsk-webdewey\/#breadcrumb\"},\"inLanguage\":\"nb-NO\",\"potentialAction\":[{\"@type\":\"ReadAction\",\"target\":[\"https:\/\/bibliotekutvikling.no\/kunnskapsorganisering\/norsk-webdewey\/opplaering-i-norsk-webdewey\/\"]}]},{\"@type\":\"ImageObject\",\"inLanguage\":\"nb-NO\",\"@id\":\"https:\/\/bibliotekutvikling.no\/kunnskapsorganisering\/norsk-webdewey\/opplaering-i-norsk-webdewey\/#primaryimage\",\"url\":\"https:\/\/bibliotekutvikling.no\/content\/uploads\/sites\/8\/2023\/03\/webdewey-forside-kurs-liten-variant.png\",\"contentUrl\":\"https:\/\/bibliotekutvikling.no\/content\/uploads\/sites\/8\/2023\/03\/webdewey-forside-kurs-liten-variant.png\",\"width\":1996,\"height\":1050},{\"@type\":\"BreadcrumbList\",\"@id\":\"https:\/\/bibliotekutvikling.no\/kunnskapsorganisering\/norsk-webdewey\/opplaering-i-norsk-webdewey\/#breadcrumb\",\"itemListElement\":[{\"@type\":\"ListItem\",\"position\":1,\"name\":\"Home\",\"item\":\"https:\/\/bibliotekutvikling.no\/kunnskapsorganisering\/\"},{\"@type\":\"ListItem\",\"position\":2,\"name\":\"Norsk WebDewey\",\"item\":\"https:\/\/bibliotekutvikling.no\/kunnskapsorganisering\/norsk-webdewey\/\"},{\"@type\":\"ListItem\",\"position\":3,\"name\":\"Oppl\u00e6ring i norsk WebDewey\"}]},{\"@type\":\"WebSite\",\"@id\":\"https:\/\/bibliotekutvikling.no\/kunnskapsorganisering\/#website\",\"url\":\"https:\/\/bibliotekutvikling.no\/kunnskapsorganisering\/\",\"name\":\"Kunnskapsorganisering\",\"description\":\"Ressurser i kunnskapsorganisering\",\"publisher\":{\"@id\":\"https:\/\/bibliotekutvikling.no\/kunnskapsorganisering\/#organization\"},\"potentialAction\":[{\"@type\":\"SearchAction\",\"target\":{\"@type\":\"EntryPoint\",\"urlTemplate\":\"https:\/\/bibliotekutvikling.no\/kunnskapsorganisering\/?s={search_term_string}\"},\"query-input\":{\"@type\":\"PropertyValueSpecification\",\"valueRequired\":true,\"valueName\":\"search_term_string\"}}],\"inLanguage\":\"nb-NO\"},{\"@type\":\"Organization\",\"@id\":\"https:\/\/bibliotekutvikling.no\/kunnskapsorganisering\/#organization\",\"name\":\"Kunnskapsorganisering\",\"url\":\"https:\/\/bibliotekutvikling.no\/kunnskapsorganisering\/\",\"logo\":{\"@type\":\"ImageObject\",\"inLanguage\":\"nb-NO\",\"@id\":\"https:\/\/bibliotekutvikling.no\/kunnskapsorganisering\/#\/schema\/logo\/image\/\",\"url\":\"https:\/\/bibliotekutvikling.no\/content\/uploads\/sites\/8\/2024\/07\/MiniatyrBilde_logo.png\",\"contentUrl\":\"https:\/\/bibliotekutvikling.no\/content\/uploads\/sites\/8\/2024\/07\/MiniatyrBilde_logo.png\",\"width\":824,\"height\":744,\"caption\":\"Kunnskapsorganisering\"},\"image\":{\"@id\":\"https:\/\/bibliotekutvikling.no\/kunnskapsorganisering\/#\/schema\/logo\/image\/\"}}]}<\/script>\n<!-- \/ Yoast SEO Premium plugin. -->","yoast_head_json":{"title":"Oppl\u00e6ring i norsk WebDewey - Kunnskapsorganisering","robots":{"index":"index","follow":"follow","max-snippet":"max-snippet:-1","max-image-preview":"max-image-preview:large","max-video-preview":"max-video-preview:-1"},"canonical":"https:\/\/bibliotekutvikling.no\/kunnskapsorganisering\/norsk-webdewey\/opplaering-i-norsk-webdewey\/","og_locale":"nb_NO","og_type":"article","og_title":"Oppl\u00e6ring i norsk WebDewey","og_url":"https:\/\/bibliotekutvikling.no\/kunnskapsorganisering\/norsk-webdewey\/opplaering-i-norsk-webdewey\/","og_site_name":"Kunnskapsorganisering","article_modified_time":"2025-03-18T09:44:07+00:00","og_image":[{"width":1024,"height":539,"url":"https:\/\/bibliotekutvikling.no\/content\/uploads\/sites\/8\/2023\/03\/webdewey-forside-kurs-liten-variant-1024x539.png","type":"image\/png"}],"twitter_card":"summary_large_image","twitter_misc":{"Ansl. lesetid":"1 minutt"},"schema":{"@context":"https:\/\/schema.org","@graph":[{"@type":"WebPage","@id":"https:\/\/bibliotekutvikling.no\/kunnskapsorganisering\/norsk-webdewey\/opplaering-i-norsk-webdewey\/","url":"https:\/\/bibliotekutvikling.no\/kunnskapsorganisering\/norsk-webdewey\/opplaering-i-norsk-webdewey\/","name":"Oppl\u00e6ring i norsk WebDewey - Kunnskapsorganisering","isPartOf":{"@id":"https:\/\/bibliotekutvikling.no\/kunnskapsorganisering\/#website"},"primaryImageOfPage":{"@id":"https:\/\/bibliotekutvikling.no\/kunnskapsorganisering\/norsk-webdewey\/opplaering-i-norsk-webdewey\/#primaryimage"},"image":{"@id":"https:\/\/bibliotekutvikling.no\/kunnskapsorganisering\/norsk-webdewey\/opplaering-i-norsk-webdewey\/#primaryimage"},"thumbnailUrl":"https:\/\/bibliotekutvikling.no\/content\/uploads\/sites\/8\/2023\/03\/webdewey-forside-kurs-liten-variant.png","datePublished":"2019-11-25T12:43:07+00:00","dateModified":"2025-03-18T09:44:07+00:00","breadcrumb":{"@id":"https:\/\/bibliotekutvikling.no\/kunnskapsorganisering\/norsk-webdewey\/opplaering-i-norsk-webdewey\/#breadcrumb"},"inLanguage":"nb-NO","potentialAction":[{"@type":"ReadAction","target":["https:\/\/bibliotekutvikling.no\/kunnskapsorganisering\/norsk-webdewey\/opplaering-i-norsk-webdewey\/"]}]},{"@type":"ImageObject","inLanguage":"nb-NO","@id":"https:\/\/bibliotekutvikling.no\/kunnskapsorganisering\/norsk-webdewey\/opplaering-i-norsk-webdewey\/#primaryimage","url":"https:\/\/bibliotekutvikling.no\/content\/uploads\/sites\/8\/2023\/03\/webdewey-forside-kurs-liten-variant.png","contentUrl":"https:\/\/bibliotekutvikling.no\/content\/uploads\/sites\/8\/2023\/03\/webdewey-forside-kurs-liten-variant.png","width":1996,"height":1050},{"@type":"BreadcrumbList","@id":"https:\/\/bibliotekutvikling.no\/kunnskapsorganisering\/norsk-webdewey\/opplaering-i-norsk-webdewey\/#breadcrumb","itemListElement":[{"@type":"ListItem","position":1,"name":"Home","item":"https:\/\/bibliotekutvikling.no\/kunnskapsorganisering\/"},{"@type":"ListItem","position":2,"name":"Norsk WebDewey","item":"https:\/\/bibliotekutvikling.no\/kunnskapsorganisering\/norsk-webdewey\/"},{"@type":"ListItem","position":3,"name":"Oppl\u00e6ring i norsk WebDewey"}]},{"@type":"WebSite","@id":"https:\/\/bibliotekutvikling.no\/kunnskapsorganisering\/#website","url":"https:\/\/bibliotekutvikling.no\/kunnskapsorganisering\/","name":"Kunnskapsorganisering","description":"Ressurser i kunnskapsorganisering","publisher":{"@id":"https:\/\/bibliotekutvikling.no\/kunnskapsorganisering\/#organization"},"potentialAction":[{"@type":"SearchAction","target":{"@type":"EntryPoint","urlTemplate":"https:\/\/bibliotekutvikling.no\/kunnskapsorganisering\/?s={search_term_string}"},"query-input":{"@type":"PropertyValueSpecification","valueRequired":true,"valueName":"search_term_string"}}],"inLanguage":"nb-NO"},{"@type":"Organization","@id":"https:\/\/bibliotekutvikling.no\/kunnskapsorganisering\/#organization","name":"Kunnskapsorganisering","url":"https:\/\/bibliotekutvikling.no\/kunnskapsorganisering\/","logo":{"@type":"ImageObject","inLanguage":"nb-NO","@id":"https:\/\/bibliotekutvikling.no\/kunnskapsorganisering\/#\/schema\/logo\/image\/","url":"https:\/\/bibliotekutvikling.no\/content\/uploads\/sites\/8\/2024\/07\/MiniatyrBilde_logo.png","contentUrl":"https:\/\/bibliotekutvikling.no\/content\/uploads\/sites\/8\/2024\/07\/MiniatyrBilde_logo.png","width":824,"height":744,"caption":"Kunnskapsorganisering"},"image":{"@id":"https:\/\/bibliotekutvikling.no\/kunnskapsorganisering\/#\/schema\/logo\/image\/"}}]}},"_links":{"self":[{"href":"https:\/\/bibliotekutvikling.no\/kunnskapsorganisering\/wp-json\/wp\/v2\/pages\/338","targetHints":{"allow":["GET"]}}],"collection":[{"href":"https:\/\/bibliotekutvikling.no\/kunnskapsorganisering\/wp-json\/wp\/v2\/pages"}],"about":[{"href":"https:\/\/bibliotekutvikling.no\/kunnskapsorganisering\/wp-json\/wp\/v2\/types\/page"}],"author":[{"embeddable":true,"href":"https:\/\/bibliotekutvikling.no\/kunnskapsorganisering\/wp-json\/wp\/v2\/users\/54"}],"replies":[{"embeddable":true,"href":"https:\/\/bibliotekutvikling.no\/kunnskapsorganisering\/wp-json\/wp\/v2\/comments?post=338"}],"version-history":[{"count":5,"href":"https:\/\/bibliotekutvikling.no\/kunnskapsorganisering\/wp-json\/wp\/v2\/pages\/338\/revisions"}],"predecessor-version":[{"id":2499,"href":"https:\/\/bibliotekutvikling.no\/kunnskapsorganisering\/wp-json\/wp\/v2\/pages\/338\/revisions\/2499"}],"up":[{"embeddable":true,"href":"https:\/\/bibliotekutvikling.no\/kunnskapsorganisering\/wp-json\/wp\/v2\/pages\/290"}],"wp:featuredmedia":[{"embeddable":true,"href":"https:\/\/bibliotekutvikling.no\/kunnskapsorganisering\/wp-json\/wp\/v2\/media\/1806"}],"wp:attachment":[{"href":"https:\/\/bibliotekutvikling.no\/kunnskapsorganisering\/wp-json\/wp\/v2\/media?parent=338"}],"curies":[{"name":"wp","href":"https:\/\/api.w.org\/{rel}","templated":true}]}}