{"id":275,"date":"2019-11-21T15:08:41","date_gmt":"2019-11-21T14:08:41","guid":{"rendered":"https:\/\/bibliotekutvikling.dev04.dekodes.no\/kunnskapsorganisering\/?page_id=275"},"modified":"2025-05-21T11:05:26","modified_gmt":"2025-05-21T09:05:26","slug":"metadata-til-folke-og-skolebibliotek","status":"publish","type":"page","link":"https:\/\/bibliotekutvikling.no\/kunnskapsorganisering\/metadata-fra-nasjonalbiblioteket\/metadata-til-folke-og-skolebibliotek\/","title":{"rendered":"Metadata til folke- og skolebibliotek"},"content":{"rendered":"\n<p class=\"has-primary-color has-text-color has-link-color wp-elements-9129dda047dd5298ea1e966eb9d9e0f8\"><sub>Sist oppdatert 21. mai 2025<\/sub><\/p>\n\n\n\n<p>I\u00a0henhold til\u00a0<a href=\"https:\/\/bibliotekutvikling.no\/nyheter\/utvida-nasjonal-bibliotekstrategi-ut-2025\/\" target=\"_blank\" rel=\"noreferrer noopener\">Utvidet nasjonal bibliotekstrategi \u2013 ut 2025<\/a>\u00a0videref\u00f8rer Nasjonalbiblioteket ordningen med fri tilgang til metadata til alle bibliotek. Metadataleveransen best\u00e5r av metadata og forsidebilder for dokument som er omfattet av Lov om pliktavlevering. I praksis betyr dette\u00a0norsk forlagslitteratur,\u00a0trykte b\u00f8ker,\u00a0e-b\u00f8ker,\u00a0lydb\u00f8ker\u00a0og l\u00e6reb\u00f8ker\/l\u00e6ringsressurser i grunn- og videreg\u00e5ende skoler.\u00a0\u00a0<\/p>\n\n\n\n<p>En forh\u00e5ndsbeskrivelse skal v\u00e6re tilgjengelig senest to virkedager etter at utgivelsen er gjort kjent, og en fullstendig bibliografisk beskrivelse, inkludert emnebeskrivelse, forsidebilder og et sammendrag senest to virkedager etter utgivelse. Hele beskrivelsen leveres av Bokbasen.<\/p>\n\n\n\n<h2 class=\"wp-block-heading\" id=\"om-dataene\">Om dataene i metadataleveransen<\/h2>\n\n\n\n<h3 class=\"wp-block-heading\" id=\"h-merking-i-marc-21-poster-nbsp\">Merking i MARC 21-poster: &nbsp;<\/h3>\n\n\n\n<ul class=\"wp-block-list\">\n<li>Leverand\u00f8r av bibliografisk beskrivelse: felt 035 $a (NO-OsBAS)&nbsp;<\/li>\n\n\n\n<li>Kilde for katalogisering: 040 $a NO-OsBAS $d NO-OsBA (*)&nbsp;<\/li>\n\n\n\n<li>Leverand\u00f8r av Dewey-klassifikasjon: felt 082 $q a (NO-OsBAS)&nbsp;<\/li>\n\n\n\n<li>Leverand\u00f8r av emneord: 6xx $0 (NO-OsBAS)&nbsp;<\/li>\n\n\n\n<li>Forh\u00e5ndspost (beskrivelsesniv\u00e5): Leader pos 17 verdi 5&nbsp;<\/li>\n\n\n\n<li>Fullstendig post (beskrivelsesniv\u00e5): Leader pos 17 verdi #&nbsp;<\/li>\n\n\n\n<li>Ny post: Leader pos 5 med verdi n&nbsp;&nbsp;<\/li>\n\n\n\n<li>Endret post: Leader pos 5 med verdi c&nbsp;&nbsp;<\/li>\n\n\n\n<li>Slettet forh\u00e5ndspost: Leader pos 5 med verdi d&nbsp;<\/li>\n\n\n\n<li>Verks-id fra Metadatabr\u00f8nnen: 758 $0<\/li>\n\n\n\n<li>Verks-id fra Metadatabr\u00f8nnen for verk som emne: 630 $0<\/li>\n<\/ul>\n\n\n\n<p><\/p>\n\n\n\n<p>(*) 040 $a viser at Bokbasen har gjort katalogiseringen, 040 $d viser at Biblioteksentralen har gjort noen modifikasjoner for \u00e5 tilpasse posten til Metadatabr\u00f8nnen, for eksempel \u00e5 knytte en utgivelse til et tidligere registrert verk.<\/p>\n\n\n\n<h3 class=\"wp-block-heading\" id=\"h-bibliografisk-beskrivelse-nbsp\">Bibliografisk beskrivelse&nbsp;<\/h3>\n\n\n\n<p>De bibliografiske dataene som leveres, vil v\u00e6re registrert i henhold til gjeldende&nbsp;<a href=\"https:\/\/bibliotekutvikling.no\/kunnskapsorganisering\/katalogiseringsregler\/\" target=\"_blank\" rel=\"noreferrer noopener\">norsk regelverk for katalogisering<\/a>&nbsp;Resource Description and Access (RDA), Nasjonale anbefalinger og Nasjonalbibliotekets retningslinjer for bruk av RDA.&nbsp;<\/p>\n\n\n\n<p>Metadatabeskrivelsene er basert p\u00e5 entitetsbasert katalogisering. Dette inneb\u00e6rer noen forenklinger i konverteringen til MARC 21, blant annet er sorteringsindikatoren utelatt.&nbsp;&nbsp;<\/p>\n\n\n\n<p>Se oversikt over hvilke dataelementer som er tilgjengelige i leveransen:<\/p>\n\n\n\n<p><a href=\"https:\/\/bibliotekutvikling.no\/content\/uploads\/sites\/8\/2024\/11\/Vedlegg-1_metadata-i-leveransen.pdf\">Metadataelementer i leveransen<\/a><\/p>\n\n\n\n<h3 class=\"wp-block-heading\" id=\"h-felles-autoritetsregister-for-personer-og-korporasjoner\">Felles autoritetsregister for personer og korporasjoner<\/h3>\n\n\n\n<p>Alle navneautoriteter som forekommer i autoriserte s\u00f8keinnganger og som emne, hentes fra&nbsp;<a href=\"https:\/\/bibliotekutvikling.no\/kunnskapsorganisering\/vokabularer-utkast\/felles-autoritetsregister-for-personer-og-korporasjoner\/\">Felles autoritetsregister for personer og korporasjoner.&nbsp;<\/a><\/p>\n\n\n\n<p>Den bibliografiske posten vil ogs\u00e5 inneholde en unik identifikator fra Felles autoritetsregister for personer og korporasjoner i delfelt 0 i feltene 100, 110, 111 og 130, 600, 610, 611 og 630, 700, 710, 711 og 730, 800, 810, 811 og 830. Det er viktig at identifikatoren beholdes i postene.&nbsp;<\/p>\n\n\n\n<h3 class=\"wp-block-heading\" id=\"h-klassifikasjon\">Klassifikasjon<\/h3>\n\n\n\n<p>Dokumentene som beskrives i de bibliografiske postene, vil v\u00e6re klassifisert fullt ut etter gjeldende norske utgave av Deweys desimalklassifikasjon (<a href=\"https:\/\/bibliotekutvikling.no\/kunnskapsorganisering\/kunnskapsorganisering\/norsk-webdewey\/\">Norsk WebDewey<\/a>) og &nbsp;<a href=\"https:\/\/bibliotekutvikling.no\/kunnskapsorganisering\/kunnskapsorganisering\/norsk-webdewey\/anbefalinger\/\">Anbefalinger for bruk av Norsk WebDewey<\/a>.&nbsp;<br>&nbsp;<br>Klassifikasjonen skal gjenspeile emnet i dokumentet spesifikt. Det kan i tillegg bli brukt alternative numre der dette er hensiktsmessig. Det skal v\u00e6re en konsistent klassifikasjonspraksis slik at samme emne klassifiseres p\u00e5 samme m\u00e5te over tid.&nbsp;<br>&nbsp;<br>Skj\u00f8nnlitteratur klassifiseres som litteratur, ikke ut fra hva den handler om. Det klassifiseres med periodeinndeling s\u00e5 sant perioden er lett tilgjengelig.&nbsp;&nbsp;<\/p>\n\n\n\n<p>Klassifikasjonen skal inng\u00e5 i Nasjonalbibliografien.&nbsp;&nbsp;<\/p>\n\n\n\n<p>F\u00f8lgende typer publikasjoner klassifiseres ikke eller f\u00e5r en forenklet klassifikasjon i metadataleveransen:<\/p>\n\n\n\n<ul class=\"wp-block-list\">\n<li><em>Utstillingskataloger <\/em>klassifiseres ikke.&nbsp;<\/li>\n<\/ul>\n\n\n\n<ul class=\"wp-block-list\">\n<li><em>Fagb\u00f8ker for sm\u00e5 barn<\/em>, dvs. bildeb\u00f8ker, fagb\u00f8ker for sm\u00e5 barn, aktivitetsb\u00f8ker, lekeb\u00f8ker, myldreb\u00f8ker og pekeb\u00f8ker (se definisjoner i NTSF) klassifiseres ikke.<\/li>\n<\/ul>\n\n\n\n<ul class=\"wp-block-list\">\n<li><em>B\u00f8ker om personlig kristenliv<\/em>samles p\u00e5 Dewey-nummer 248.4. B\u00f8ker som handler om et spesielt emne som b\u00f8nn, et dogme, Bibelen osv. settes p\u00e5 klassenummer for emnet.&nbsp;&nbsp;<\/li>\n<\/ul>\n\n\n\n<ul class=\"wp-block-list\">\n<li><em>Publikasjoner om personlig utvikling<\/em>, dvs. personlige betraktninger om livet og verden, som ikke handler om noe mer konkret og ikke er biografier, samles p\u00e5 158.1.<\/li>\n<\/ul>\n\n\n\n<ul class=\"wp-block-list\">\n<li><em>L\u00e6reb\u00f8ker<\/em> og tilh\u00f8rende metodeb\u00f8ker for l\u00e6reren klassifiseres p\u00e5 samme nummer.&nbsp;<\/li>\n<\/ul>\n\n\n\n<ul class=\"wp-block-list\">\n<li><em>Jubileumsb\u00f8ker<\/em> klassifiseres uten geografisk eller periodisk inndeling.&nbsp;&nbsp;<\/li>\n<\/ul>\n\n\n\n<h3 class=\"wp-block-heading\" id=\"h-hyllesignatur\">Hyllesignatur<\/h3>\n\n\n\n<p>Metadatapostene inneholder hyllesignatur for faglitteraturen. Klassifikasjonsnummeret i hyllesignaturen angis som forkortet nummer i henhold til forkortelsesangivelsene i Norsk WebDewey og registreres slik i MARC 21:&nbsp;<\/p>\n\n\n\n<p>MARC 21-felt 852&nbsp;<\/p>\n\n\n\n<ul class=\"wp-block-list\">\n<li>$h &lt; klassifikasjonsnummer&gt;&nbsp;<\/li>\n\n\n\n<li>$i &lt;f\u00f8rste bokstav i ordningsordet&gt;&nbsp;<\/li>\n\n\n\n<li>$k &lt;st\u00f8rrelse&gt;&nbsp;<\/li>\n<\/ul>\n\n\n\n<h3 class=\"wp-block-heading\" id=\"h-emneord\"><strong>Emneord<\/strong><\/h3>\n\n\n\n<p>Metadataleveransen leveres med generelle emneord, emnebeskrivelse for omhandlet person, korporasjon, konferanse, m\u00f8te eller utstilling, geografisk sted, verk og fiktiv karakter i skj\u00f8nnlitteratur.&nbsp;Termene leveres p\u00e5 bokm\u00e5l og nynorsk, og de har unike URI-er. I MARC 21 kodes emneordets spr\u00e5k i felt 650 $9. <\/p>\n\n\n\n<p>Emneordene i metadataleveransen skal tilordnes i henhold til gjeldende prinsipper for emneordskatalogisering (Ellen Hjorts\u00e6ter: &nbsp;<a href=\"https:\/\/urn.nb.no\/URN:NBN:no-nb_digibok_2015101906004\">Emneordskatalogisering<\/a>). Emneordene skal v\u00e6re spesifikke, dvs. det skal v\u00e6re st\u00f8rst mulig overensstemmelse mellom emneordet som velges og innholdet i dokumentet som helhet. Det skal f\u00f8lges en konsistent praksis slik at samme emne behandles p\u00e5 samme m\u00e5te over tid.&nbsp;<\/p>\n\n\n\n<p>Metadataleveransen vil fra juni 2025 bli levert med emneord fra tesaurusen <a href=\"https:\/\/www.nb.no\/nbvok\/neo\/nb\/\">Neo (Norske emneord)<\/a>. &nbsp;Neo er utviklet av, og vedlikeholdes av, Bokbasen og Biblioteksentralen i fellesskap. Begge parter kan komme med forslag til nye emneord. Disse behandles fortl\u00f8pende av en felles redaksjon som vurderer om nye emneord skal tas inn og hvor de eventuelt skal plasseres i hierarkiet, eller avvises fordi eksisterende vokabular allerede dekker behovet.<\/p>\n\n\n\n<p>Se mer informasjon hos <a href=\"https:\/\/www.bokbasen.no\/hjelp\/neo-tesaurus-for-norske-emneord\">Bokbasen<\/a>.<\/p>\n\n\n\n<p>Sp\u00f8rsm\u00e5l om Neo kan sendes til e-postadressen <a href=\"mailto:neo@bokbasen.no\">neo@bokbasen.no<\/a>.<\/p>\n\n\n\n<h3 class=\"wp-block-heading\" id=\"h-sjanger-og-form\">Sjanger og form<\/h3>\n\n\n\n<p>De bibliografiske dataene vil bli levert med sjanger- og formtermer fra <a href=\"https:\/\/www.nb.no\/nbvok\/ntsf\/nb\/\">Norsk tesaurus for sjanger og form<\/a>, inkludert en unik identifikator.<\/p>\n\n\n\n<p>Sjanger- og formtermer leveres b\u00e5de p\u00e5 bokm\u00e5l og nynorsk. Den bibliografiske posten vil ogs\u00e5 inneholde en unik identifikator fra Norsk tesaurus for sjanger og form. Det er viktig at identifikatoren beholdes i postene.&nbsp;<\/p>\n\n\n\n<h3 class=\"wp-block-heading\" id=\"h-forsidebilder\">Forsidebilder<\/h3>\n\n\n\n<p>Omslagsbildene leveres i form av en lenke til et jpg-bilde av forsiden av boken slik:&nbsp;<\/p>\n\n\n\n<p>MARC 21: Felt 856 Indikator 1=4, 2=1&nbsp;<\/p>\n\n\n\n<ul class=\"wp-block-list\">\n<li>$a \u2013 Host name (R)&nbsp;<\/li>\n\n\n\n<li>$3 \u2013 Materials specified (NR)&nbsp;<\/li>\n\n\n\n<li>$u \u2013 Uniform Resource Identifier (R)&nbsp;<\/li>\n\n\n\n<li>$q \u2013 Electronic format type (NR)&nbsp;<\/li>\n<\/ul>\n\n\n\n<h2 class=\"wp-block-heading\" id=\"tilgang-til\">Tilgang til metadata<\/h2>\n\n\n\n<p>Metadataleveransen vil v\u00e6re tilgjengelig fra <a href=\"https:\/\/bibliotekutvikling.no\/kunnskapsorganisering\/metadata-fra-nasjonalbiblioteket\/metadatabronn\/\">Metadatabr\u00f8nnen<\/a> hos Biblioteksentralen. &nbsp;&nbsp;<\/p>\n\n\n\n<p>Data gj\u00f8res tilgjengelig i MARC 21 via OAI-PMH og SRU. Tegnsettet er UTF-8.&nbsp;<\/p>\n\n\n\n<p>F\u00f8lgende lenker kan brukes for \u00e5 f\u00e5 tilgang til metadatapostene fra Biblioteksentralen:&nbsp;<\/p>\n\n\n\n<ul class=\"wp-block-list\">\n<li>OAI-PMH:&nbsp;<a href=\"https:\/\/oai.aja.bs.no\/mlnb\">https:\/\/oai.aja.bs.no\/mlnb<\/a><\/li>\n\n\n\n<li>SRU:&nbsp;<a href=\"https:\/\/sru.aja.bs.no\/mlnb\">https:\/\/sru.aja.bs.no\/mlnb<\/a><\/li>\n\n\n\n<li>Dokumentasjonen:&nbsp;<a href=\"https:\/\/doc.aja.bs.no\/hente\/bibliografiske-data\/mlnb.html\">https:\/\/doc.aja.bs.no\/hente\/bibliografiske-data\/mlnb.html<\/a><\/li>\n<\/ul>\n\n\n\n<p>Ta kontakt med egen systemleverand\u00f8r for \u00e5 f\u00e5 avklart hvordan importen av metadataleveransen kan gj\u00f8res til bibliotekets katalog.&nbsp;&nbsp;<\/p>\n\n\n\n<h2 class=\"wp-block-heading\" id=\"h-kontakt-og-sporsmal-om-metadataleveransen\">Kontakt og sp\u00f8rsm\u00e5l om metadataleveransen<\/h2>\n\n\n\n<p>Ta kontakt med Nasjonalbiblioteket p\u00e5 e-postadressen&nbsp;<a href=\"mailto:metadataleveranse@nb.no\">metadataleveranse@nb.no<\/a>&nbsp;hvis dere har sp\u00f8rsm\u00e5l eller \u00f8nsker \u00e5 melde fra om feil i leveransen.<\/p>\n\n\n\n<h2 class=\"wp-block-heading\" id=\"bibliografiske-data\">Tilgang til bibliografiske data direkte fra Nasjonalbiblioteket<\/h2>\n\n\n\n<p>Bibliografiske data som Nasjonalbiblioteket produserer til Nasjonalbibliografien og spesialbibliografiene i Alma (BIBSYS-konsortiets felleskatalog) er tilgjengelig i MARC 21 og Dublin Core via Sikts OAI-PMH-tjener.&nbsp;<a href=\"https:\/\/bibliotekutvikling.no\/kunnskapsorganisering\/kunnskapsorganisering\/metadata-fra-nasjonalbiblioteket\/hosting-av-nasjonalbibliografien-og-spesialbibliografien\/\">Mer informasjon om h\u00f8sting av nasjonalbibliografien og spesialbibliografien.&nbsp;<br><\/a>&nbsp;<br>Merk at siden Nasjonalbiblioteket selv h\u00f8ster metadata fra Bokbasen\/Biblioteksentralen for \u00e5 lage nasjonalbibliografi og katalog, vil det v\u00e6re overlapp mellom det som kan h\u00f8stes fra Bokbasen\/Biblioteksentralen og det som kan h\u00f8stes fra Nasjonalbiblioteket\/Sikt. Alle poster som produsert av Bokbasen er merket med Bokbasens postidentifikator: MARC-felt 035 $a (NO-OsBAS)&lt;post-id&gt;.&nbsp;<\/p>\n\n\n\n<p><\/p>\n","protected":false},"excerpt":{"rendered":"","protected":false},"author":54,"featured_media":417,"parent":5,"menu_order":0,"comment_status":"closed","ping_status":"closed","template":"","meta":{"nb_hide_title":false,"sub_navigation_option":"","sub_navigation_custom_items":null,"footnotes":""},"class_list":["post-275","page","type-page","status-publish","has-post-thumbnail","hentry"],"yoast_head":"<!-- This site is optimized with the Yoast SEO Premium plugin v26.9 (Yoast SEO v26.9) - https:\/\/yoast.com\/product\/yoast-seo-premium-wordpress\/ -->\n<title>Metadata til folke- og skolebibliotek - Kunnskapsorganisering<\/title>\n<meta name=\"description\" content=\"Nasjonalbiblioteket s\u00f8rger for fri tilgang til metadata til alle bibliotek.\" \/>\n<meta name=\"robots\" content=\"index, follow, max-snippet:-1, max-image-preview:large, max-video-preview:-1\" \/>\n<link rel=\"canonical\" href=\"https:\/\/bibliotekutvikling.no\/kunnskapsorganisering\/metadata-fra-nasjonalbiblioteket\/metadata-til-folke-og-skolebibliotek\/\" \/>\n<meta property=\"og:locale\" content=\"nb_NO\" \/>\n<meta property=\"og:type\" content=\"article\" \/>\n<meta property=\"og:title\" content=\"Metadata til folke- og skolebibliotek\" \/>\n<meta property=\"og:description\" content=\"Nasjonalbiblioteket s\u00f8rger for fri tilgang til metadata til alle bibliotek.\" \/>\n<meta property=\"og:url\" content=\"https:\/\/bibliotekutvikling.no\/kunnskapsorganisering\/metadata-fra-nasjonalbiblioteket\/metadata-til-folke-og-skolebibliotek\/\" \/>\n<meta property=\"og:site_name\" content=\"Kunnskapsorganisering\" \/>\n<meta property=\"article:modified_time\" content=\"2025-05-21T09:05:26+00:00\" \/>\n<meta property=\"og:image\" content=\"https:\/\/bibliotekutvikling.no\/content\/uploads\/sites\/8\/2019\/11\/images.jpg\" \/>\n\t<meta property=\"og:image:width\" content=\"276\" \/>\n\t<meta property=\"og:image:height\" content=\"183\" \/>\n\t<meta property=\"og:image:type\" content=\"image\/jpeg\" \/>\n<meta name=\"twitter:card\" content=\"summary_large_image\" \/>\n<meta name=\"twitter:label1\" content=\"Ansl. lesetid\" \/>\n\t<meta name=\"twitter:data1\" content=\"6 minutter\" \/>\n<script type=\"application\/ld+json\" class=\"yoast-schema-graph\">{\"@context\":\"https:\/\/schema.org\",\"@graph\":[{\"@type\":\"WebPage\",\"@id\":\"https:\/\/bibliotekutvikling.no\/kunnskapsorganisering\/metadata-fra-nasjonalbiblioteket\/metadata-til-folke-og-skolebibliotek\/\",\"url\":\"https:\/\/bibliotekutvikling.no\/kunnskapsorganisering\/metadata-fra-nasjonalbiblioteket\/metadata-til-folke-og-skolebibliotek\/\",\"name\":\"Metadata til folke- og skolebibliotek - Kunnskapsorganisering\",\"isPartOf\":{\"@id\":\"https:\/\/bibliotekutvikling.no\/kunnskapsorganisering\/#website\"},\"primaryImageOfPage\":{\"@id\":\"https:\/\/bibliotekutvikling.no\/kunnskapsorganisering\/metadata-fra-nasjonalbiblioteket\/metadata-til-folke-og-skolebibliotek\/#primaryimage\"},\"image\":{\"@id\":\"https:\/\/bibliotekutvikling.no\/kunnskapsorganisering\/metadata-fra-nasjonalbiblioteket\/metadata-til-folke-og-skolebibliotek\/#primaryimage\"},\"thumbnailUrl\":\"https:\/\/bibliotekutvikling.no\/content\/uploads\/sites\/8\/2019\/11\/images.jpg\",\"datePublished\":\"2019-11-21T14:08:41+00:00\",\"dateModified\":\"2025-05-21T09:05:26+00:00\",\"description\":\"Nasjonalbiblioteket s\u00f8rger for fri tilgang til metadata til alle bibliotek.\",\"breadcrumb\":{\"@id\":\"https:\/\/bibliotekutvikling.no\/kunnskapsorganisering\/metadata-fra-nasjonalbiblioteket\/metadata-til-folke-og-skolebibliotek\/#breadcrumb\"},\"inLanguage\":\"nb-NO\",\"potentialAction\":[{\"@type\":\"ReadAction\",\"target\":[\"https:\/\/bibliotekutvikling.no\/kunnskapsorganisering\/metadata-fra-nasjonalbiblioteket\/metadata-til-folke-og-skolebibliotek\/\"]}]},{\"@type\":\"ImageObject\",\"inLanguage\":\"nb-NO\",\"@id\":\"https:\/\/bibliotekutvikling.no\/kunnskapsorganisering\/metadata-fra-nasjonalbiblioteket\/metadata-til-folke-og-skolebibliotek\/#primaryimage\",\"url\":\"https:\/\/bibliotekutvikling.no\/content\/uploads\/sites\/8\/2019\/11\/images.jpg\",\"contentUrl\":\"https:\/\/bibliotekutvikling.no\/content\/uploads\/sites\/8\/2019\/11\/images.jpg\",\"width\":276,\"height\":183},{\"@type\":\"BreadcrumbList\",\"@id\":\"https:\/\/bibliotekutvikling.no\/kunnskapsorganisering\/metadata-fra-nasjonalbiblioteket\/metadata-til-folke-og-skolebibliotek\/#breadcrumb\",\"itemListElement\":[{\"@type\":\"ListItem\",\"position\":1,\"name\":\"Home\",\"item\":\"https:\/\/bibliotekutvikling.no\/kunnskapsorganisering\/\"},{\"@type\":\"ListItem\",\"position\":2,\"name\":\"Metadata fra Nasjonalbiblioteket\",\"item\":\"https:\/\/bibliotekutvikling.no\/kunnskapsorganisering\/metadata-fra-nasjonalbiblioteket\/\"},{\"@type\":\"ListItem\",\"position\":3,\"name\":\"Metadata til folke- og skolebibliotek\"}]},{\"@type\":\"WebSite\",\"@id\":\"https:\/\/bibliotekutvikling.no\/kunnskapsorganisering\/#website\",\"url\":\"https:\/\/bibliotekutvikling.no\/kunnskapsorganisering\/\",\"name\":\"Kunnskapsorganisering\",\"description\":\"Ressurser i kunnskapsorganisering\",\"publisher\":{\"@id\":\"https:\/\/bibliotekutvikling.no\/kunnskapsorganisering\/#organization\"},\"potentialAction\":[{\"@type\":\"SearchAction\",\"target\":{\"@type\":\"EntryPoint\",\"urlTemplate\":\"https:\/\/bibliotekutvikling.no\/kunnskapsorganisering\/?s={search_term_string}\"},\"query-input\":{\"@type\":\"PropertyValueSpecification\",\"valueRequired\":true,\"valueName\":\"search_term_string\"}}],\"inLanguage\":\"nb-NO\"},{\"@type\":\"Organization\",\"@id\":\"https:\/\/bibliotekutvikling.no\/kunnskapsorganisering\/#organization\",\"name\":\"Kunnskapsorganisering\",\"url\":\"https:\/\/bibliotekutvikling.no\/kunnskapsorganisering\/\",\"logo\":{\"@type\":\"ImageObject\",\"inLanguage\":\"nb-NO\",\"@id\":\"https:\/\/bibliotekutvikling.no\/kunnskapsorganisering\/#\/schema\/logo\/image\/\",\"url\":\"https:\/\/bibliotekutvikling.no\/content\/uploads\/sites\/8\/2024\/07\/MiniatyrBilde_logo.png\",\"contentUrl\":\"https:\/\/bibliotekutvikling.no\/content\/uploads\/sites\/8\/2024\/07\/MiniatyrBilde_logo.png\",\"width\":824,\"height\":744,\"caption\":\"Kunnskapsorganisering\"},\"image\":{\"@id\":\"https:\/\/bibliotekutvikling.no\/kunnskapsorganisering\/#\/schema\/logo\/image\/\"}}]}<\/script>\n<!-- \/ Yoast SEO Premium plugin. -->","yoast_head_json":{"title":"Metadata til folke- og skolebibliotek - Kunnskapsorganisering","description":"Nasjonalbiblioteket s\u00f8rger for fri tilgang til metadata til alle bibliotek.","robots":{"index":"index","follow":"follow","max-snippet":"max-snippet:-1","max-image-preview":"max-image-preview:large","max-video-preview":"max-video-preview:-1"},"canonical":"https:\/\/bibliotekutvikling.no\/kunnskapsorganisering\/metadata-fra-nasjonalbiblioteket\/metadata-til-folke-og-skolebibliotek\/","og_locale":"nb_NO","og_type":"article","og_title":"Metadata til folke- og skolebibliotek","og_description":"Nasjonalbiblioteket s\u00f8rger for fri tilgang til metadata til alle bibliotek.","og_url":"https:\/\/bibliotekutvikling.no\/kunnskapsorganisering\/metadata-fra-nasjonalbiblioteket\/metadata-til-folke-og-skolebibliotek\/","og_site_name":"Kunnskapsorganisering","article_modified_time":"2025-05-21T09:05:26+00:00","og_image":[{"width":276,"height":183,"url":"https:\/\/bibliotekutvikling.no\/content\/uploads\/sites\/8\/2019\/11\/images.jpg","type":"image\/jpeg"}],"twitter_card":"summary_large_image","twitter_misc":{"Ansl. lesetid":"6 minutter"},"schema":{"@context":"https:\/\/schema.org","@graph":[{"@type":"WebPage","@id":"https:\/\/bibliotekutvikling.no\/kunnskapsorganisering\/metadata-fra-nasjonalbiblioteket\/metadata-til-folke-og-skolebibliotek\/","url":"https:\/\/bibliotekutvikling.no\/kunnskapsorganisering\/metadata-fra-nasjonalbiblioteket\/metadata-til-folke-og-skolebibliotek\/","name":"Metadata til folke- og skolebibliotek - Kunnskapsorganisering","isPartOf":{"@id":"https:\/\/bibliotekutvikling.no\/kunnskapsorganisering\/#website"},"primaryImageOfPage":{"@id":"https:\/\/bibliotekutvikling.no\/kunnskapsorganisering\/metadata-fra-nasjonalbiblioteket\/metadata-til-folke-og-skolebibliotek\/#primaryimage"},"image":{"@id":"https:\/\/bibliotekutvikling.no\/kunnskapsorganisering\/metadata-fra-nasjonalbiblioteket\/metadata-til-folke-og-skolebibliotek\/#primaryimage"},"thumbnailUrl":"https:\/\/bibliotekutvikling.no\/content\/uploads\/sites\/8\/2019\/11\/images.jpg","datePublished":"2019-11-21T14:08:41+00:00","dateModified":"2025-05-21T09:05:26+00:00","description":"Nasjonalbiblioteket s\u00f8rger for fri tilgang til metadata til alle bibliotek.","breadcrumb":{"@id":"https:\/\/bibliotekutvikling.no\/kunnskapsorganisering\/metadata-fra-nasjonalbiblioteket\/metadata-til-folke-og-skolebibliotek\/#breadcrumb"},"inLanguage":"nb-NO","potentialAction":[{"@type":"ReadAction","target":["https:\/\/bibliotekutvikling.no\/kunnskapsorganisering\/metadata-fra-nasjonalbiblioteket\/metadata-til-folke-og-skolebibliotek\/"]}]},{"@type":"ImageObject","inLanguage":"nb-NO","@id":"https:\/\/bibliotekutvikling.no\/kunnskapsorganisering\/metadata-fra-nasjonalbiblioteket\/metadata-til-folke-og-skolebibliotek\/#primaryimage","url":"https:\/\/bibliotekutvikling.no\/content\/uploads\/sites\/8\/2019\/11\/images.jpg","contentUrl":"https:\/\/bibliotekutvikling.no\/content\/uploads\/sites\/8\/2019\/11\/images.jpg","width":276,"height":183},{"@type":"BreadcrumbList","@id":"https:\/\/bibliotekutvikling.no\/kunnskapsorganisering\/metadata-fra-nasjonalbiblioteket\/metadata-til-folke-og-skolebibliotek\/#breadcrumb","itemListElement":[{"@type":"ListItem","position":1,"name":"Home","item":"https:\/\/bibliotekutvikling.no\/kunnskapsorganisering\/"},{"@type":"ListItem","position":2,"name":"Metadata fra Nasjonalbiblioteket","item":"https:\/\/bibliotekutvikling.no\/kunnskapsorganisering\/metadata-fra-nasjonalbiblioteket\/"},{"@type":"ListItem","position":3,"name":"Metadata til folke- og skolebibliotek"}]},{"@type":"WebSite","@id":"https:\/\/bibliotekutvikling.no\/kunnskapsorganisering\/#website","url":"https:\/\/bibliotekutvikling.no\/kunnskapsorganisering\/","name":"Kunnskapsorganisering","description":"Ressurser i kunnskapsorganisering","publisher":{"@id":"https:\/\/bibliotekutvikling.no\/kunnskapsorganisering\/#organization"},"potentialAction":[{"@type":"SearchAction","target":{"@type":"EntryPoint","urlTemplate":"https:\/\/bibliotekutvikling.no\/kunnskapsorganisering\/?s={search_term_string}"},"query-input":{"@type":"PropertyValueSpecification","valueRequired":true,"valueName":"search_term_string"}}],"inLanguage":"nb-NO"},{"@type":"Organization","@id":"https:\/\/bibliotekutvikling.no\/kunnskapsorganisering\/#organization","name":"Kunnskapsorganisering","url":"https:\/\/bibliotekutvikling.no\/kunnskapsorganisering\/","logo":{"@type":"ImageObject","inLanguage":"nb-NO","@id":"https:\/\/bibliotekutvikling.no\/kunnskapsorganisering\/#\/schema\/logo\/image\/","url":"https:\/\/bibliotekutvikling.no\/content\/uploads\/sites\/8\/2024\/07\/MiniatyrBilde_logo.png","contentUrl":"https:\/\/bibliotekutvikling.no\/content\/uploads\/sites\/8\/2024\/07\/MiniatyrBilde_logo.png","width":824,"height":744,"caption":"Kunnskapsorganisering"},"image":{"@id":"https:\/\/bibliotekutvikling.no\/kunnskapsorganisering\/#\/schema\/logo\/image\/"}}]}},"_links":{"self":[{"href":"https:\/\/bibliotekutvikling.no\/kunnskapsorganisering\/wp-json\/wp\/v2\/pages\/275","targetHints":{"allow":["GET"]}}],"collection":[{"href":"https:\/\/bibliotekutvikling.no\/kunnskapsorganisering\/wp-json\/wp\/v2\/pages"}],"about":[{"href":"https:\/\/bibliotekutvikling.no\/kunnskapsorganisering\/wp-json\/wp\/v2\/types\/page"}],"author":[{"embeddable":true,"href":"https:\/\/bibliotekutvikling.no\/kunnskapsorganisering\/wp-json\/wp\/v2\/users\/54"}],"replies":[{"embeddable":true,"href":"https:\/\/bibliotekutvikling.no\/kunnskapsorganisering\/wp-json\/wp\/v2\/comments?post=275"}],"version-history":[{"count":5,"href":"https:\/\/bibliotekutvikling.no\/kunnskapsorganisering\/wp-json\/wp\/v2\/pages\/275\/revisions"}],"predecessor-version":[{"id":2546,"href":"https:\/\/bibliotekutvikling.no\/kunnskapsorganisering\/wp-json\/wp\/v2\/pages\/275\/revisions\/2546"}],"up":[{"embeddable":true,"href":"https:\/\/bibliotekutvikling.no\/kunnskapsorganisering\/wp-json\/wp\/v2\/pages\/5"}],"wp:featuredmedia":[{"embeddable":true,"href":"https:\/\/bibliotekutvikling.no\/kunnskapsorganisering\/wp-json\/wp\/v2\/media\/417"}],"wp:attachment":[{"href":"https:\/\/bibliotekutvikling.no\/kunnskapsorganisering\/wp-json\/wp\/v2\/media?parent=275"}],"curies":[{"name":"wp","href":"https:\/\/api.w.org\/{rel}","templated":true}]}}