{"id":69,"date":"2023-04-17T10:41:55","date_gmt":"2023-04-17T08:41:55","guid":{"rendered":"https:\/\/bibliotekutvikling.no\/kompetansebank\/?page_id=69"},"modified":"2025-10-31T13:53:37","modified_gmt":"2025-10-31T12:53:37","slug":"om-kompetansebanken","status":"publish","type":"page","link":"https:\/\/bibliotekutvikling.no\/kompetansebank\/om-kompetansebanken\/","title":{"rendered":"Om kompetansebanken"},"content":{"rendered":"\n<p>Kompetansebanken samlar kurs, videoar, arrangement og ressursar som rettar seg til deg som jobbar i bibliotek og som vil auke kunnskapen din \u2013 b\u00e5de for di eiga del, og for \u00e5 hjelpe brukarane du m\u00f8ter i kvardagen. <\/p>\n\n\n\n<h2 class=\"wp-block-heading has-text-align-left\" id=\"h-kven-star-bak\">Kven st\u00e5r bak?<\/h2>\n\n\n\n<p>Kompetansebanken er eit initiativ fr\u00e5 <a href=\"https:\/\/bibliotekutvikling.no\/formidlingskompetanse\/\">&laquo;Formidling i folkebibliotek&raquo;,<\/a> eit felles prosjekt blant alle fylkesbiblioteka i landet. Nasjonalbiblioteket st\u00e5r for plattform og tekniske utvikling, medan fylkesbibliotek og andre produserer og tilbyr innhaldet i plattforma. <\/p>\n\n\n\n<p>M\u00e5let er at vi har ein stad der vi deler kunnskap og gjer det enkelt \u00e5 finne inspirerande og relevante kompetansehevande tiltak. Innhaldet er kvalitetssikra av fylkesbiblioteka, og i stor grad initiert og produsert av dei. I tillegg deler Nasjonalbiblioteket ulike ressursar som er til nytte for bibliotektilsette.<\/p>\n\n\n\n<p>Det er oppretta ei ressursgruppe med mandat fr\u00e5 fylkesbiblioteksjefkollegiet. Ressursgruppa er eit bindeledd mellom fylkesbiblioteka og Nasjonalbiblioteket i utviklinga og arbeidet med Kompetansebanken. Dei skal vere p\u00e5drivarar og deltakarar i  b\u00e5de utviklinga, vedlikehaldet og synleggjeringa av Kompetansebanken. <\/p>\n\n\n\n<figure class=\"wp-block-image size-large\"><img loading=\"lazy\" decoding=\"async\" width=\"1024\" height=\"576\" src=\"https:\/\/bibliotekutvikling.no\/content\/uploads\/sites\/24\/2025\/10\/kompetansebank-ressursgruppe-1024x576.jpg\" alt=\"\" class=\"wp-image-41687\" srcset=\"https:\/\/bibliotekutvikling.no\/content\/uploads\/sites\/24\/2025\/10\/kompetansebank-ressursgruppe-1024x576.jpg 1024w, https:\/\/bibliotekutvikling.no\/content\/uploads\/sites\/24\/2025\/10\/kompetansebank-ressursgruppe-300x169.jpg 300w, https:\/\/bibliotekutvikling.no\/content\/uploads\/sites\/24\/2025\/10\/kompetansebank-ressursgruppe-768x432.jpg 768w, https:\/\/bibliotekutvikling.no\/content\/uploads\/sites\/24\/2025\/10\/kompetansebank-ressursgruppe-1536x864.jpg 1536w, https:\/\/bibliotekutvikling.no\/content\/uploads\/sites\/24\/2025\/10\/kompetansebank-ressursgruppe-2048x1152.jpg 2048w\" sizes=\"auto, (max-width: 1024px) 100vw, 1024px\" \/><figcaption class=\"wp-element-caption\">Ressursgruppa for kompetansebanken 2025: f.v. Mari Honningdal, Christine Eidset, Ingrid Ericson, Kari Sjule, Venke Uglenes og Anja Angelsk\u00e5r Mjelde. <\/figcaption><\/figure>\n\n\n\n<p>Plattforma er open for alle, men dersom du loggar deg inn kan du f\u00f8lgje progresjonen din i kursa. I tillegg kan det vere innhald som ligg bak innlogging grunna opphavsrett. <\/p>\n\n\n\n<p>Sit du p\u00e5 noko som andre kan l\u00e6re av? <a href=\"https:\/\/bibliotekutvikling.no\/kompetansebank\/send-inn-bidrag\/\">Send oss bidrag eller ein epost.<\/a><\/p>\n\n\n\n<div class=\"wp-block-columns is-layout-flex wp-container-core-columns-is-layout-28f84493 wp-block-columns-is-layout-flex\">\n<div class=\"wp-block-column is-layout-flow wp-block-column-is-layout-flow\">\n<figure class=\"wp-block-image size-full\"><img decoding=\"async\" src=\"https:\/\/bibliotekutvikling.no\/content\/uploads\/sites\/24\/2025\/10\/kompetansebanken-rett-u_nb.svg\" alt=\"\" class=\"wp-image-42051\"\/><\/figure>\n\n\n\n<p><a href=\"https:\/\/bibliotekutvikling.no\/content\/uploads\/sites\/24\/2025\/10\/kompetansebanken-rett-unb-2.png\">Last ned logo.png<\/a><\/p>\n\n\n\n<p><a href=\"https:\/\/bibliotekutvikling.no\/content\/uploads\/sites\/24\/2025\/10\/kompetansebanken-rett-u_nb.svg\">Last ned logo rett namn.svg<\/a><\/p>\n<\/div>\n\n\n\n<div class=\"wp-block-column is-layout-flow wp-block-column-is-layout-flow\">\n<figure class=\"wp-block-image size-full\"><img decoding=\"async\" src=\"https:\/\/bibliotekutvikling.no\/content\/uploads\/sites\/24\/2025\/10\/kompetansebanken-logo-buet.svg\" alt=\"\" class=\"wp-image-42048\"\/><\/figure>\n\n\n\n<p><a href=\"https:\/\/bibliotekutvikling.no\/kompetansebank\/wp-admin\/upload.php?item=42048\">Last ned logo med buet namn.svg<\/a><\/p>\n<\/div>\n<\/div>\n\n\n\n<p><\/p>\n\n\n\n<p><\/p>\n","protected":false},"excerpt":{"rendered":"","protected":false},"author":1,"featured_media":41687,"parent":0,"menu_order":0,"comment_status":"closed","ping_status":"closed","template":"","meta":{"nb_hide_title":false,"single_header_image_is_disabled":false,"single_header_image_attachment_id":0,"single_header_image_attachment_url":"","sub_navigation_option":"","sub_navigation_custom_items":[],"footnotes":"[]"},"class_list":["post-69","page","type-page","status-publish","has-post-thumbnail","hentry"],"yoast_head":"<!-- This site is optimized with the Yoast SEO Premium plugin v27.1 (Yoast SEO v27.1.1) - https:\/\/yoast.com\/product\/yoast-seo-premium-wordpress\/ -->\n<title>Om kompetansebanken - Kompetansebank<\/title>\n<meta name=\"description\" content=\"Kompetansebanken inneholder nettkurs , l\u00e6ringsressurser, filmer og arrangementer til ansatte i bibliotek, laget av fagfolk.\" \/>\n<meta name=\"robots\" content=\"index, follow, max-snippet:-1, max-image-preview:large, max-video-preview:-1\" \/>\n<link rel=\"canonical\" href=\"https:\/\/bibliotekutvikling.no\/kompetansebank\/om-kompetansebanken\/\" \/>\n<meta property=\"og:locale\" content=\"nb_NO\" \/>\n<meta property=\"og:type\" content=\"article\" \/>\n<meta property=\"og:title\" content=\"Om kompetansebanken\" \/>\n<meta property=\"og:description\" content=\"Kompetansebanken inneholder nettkurs , l\u00e6ringsressurser, filmer og arrangementer til ansatte i bibliotek, laget av fagfolk.\" \/>\n<meta property=\"og:url\" content=\"https:\/\/bibliotekutvikling.no\/kompetansebank\/om-kompetansebanken\/\" \/>\n<meta property=\"og:site_name\" content=\"Kompetansebank\" \/>\n<meta property=\"article:publisher\" content=\"https:\/\/www.facebook.com\/bibliotekutvikling\" \/>\n<meta property=\"article:modified_time\" content=\"2025-10-31T12:53:37+00:00\" \/>\n<meta property=\"og:image\" content=\"https:\/\/bibliotekutvikling.no\/content\/uploads\/sites\/24\/2025\/10\/kompetansebank-ressursgruppe-scaled.jpg\" \/>\n\t<meta property=\"og:image:width\" content=\"2560\" \/>\n\t<meta property=\"og:image:height\" content=\"1440\" \/>\n\t<meta property=\"og:image:type\" content=\"image\/jpeg\" \/>\n<meta name=\"twitter:card\" content=\"summary_large_image\" \/>\n<meta name=\"twitter:label1\" content=\"Ansl. lesetid\" \/>\n\t<meta name=\"twitter:data1\" content=\"3 minutter\" \/>\n<script type=\"application\/ld+json\" class=\"yoast-schema-graph\">{\"@context\":\"https:\/\/schema.org\",\"@graph\":[{\"@type\":\"WebPage\",\"@id\":\"https:\/\/bibliotekutvikling.no\/kompetansebank\/om-kompetansebanken\/\",\"url\":\"https:\/\/bibliotekutvikling.no\/kompetansebank\/om-kompetansebanken\/\",\"name\":\"Om kompetansebanken - Kompetansebank\",\"isPartOf\":{\"@id\":\"https:\/\/bibliotekutvikling.no\/kompetansebank\/#website\"},\"primaryImageOfPage\":{\"@id\":\"https:\/\/bibliotekutvikling.no\/kompetansebank\/om-kompetansebanken\/#primaryimage\"},\"image\":{\"@id\":\"https:\/\/bibliotekutvikling.no\/kompetansebank\/om-kompetansebanken\/#primaryimage\"},\"thumbnailUrl\":\"https:\/\/bibliotekutvikling.no\/content\/uploads\/sites\/24\/2025\/10\/kompetansebank-ressursgruppe-scaled.jpg\",\"datePublished\":\"2023-04-17T08:41:55+00:00\",\"dateModified\":\"2025-10-31T12:53:37+00:00\",\"description\":\"Kompetansebanken inneholder nettkurs , l\u00e6ringsressurser, filmer og arrangementer til ansatte i bibliotek, laget av fagfolk.\",\"breadcrumb\":{\"@id\":\"https:\/\/bibliotekutvikling.no\/kompetansebank\/om-kompetansebanken\/#breadcrumb\"},\"inLanguage\":\"nb-NO\",\"potentialAction\":[{\"@type\":\"ReadAction\",\"target\":[\"https:\/\/bibliotekutvikling.no\/kompetansebank\/om-kompetansebanken\/\"]}]},{\"@type\":\"ImageObject\",\"inLanguage\":\"nb-NO\",\"@id\":\"https:\/\/bibliotekutvikling.no\/kompetansebank\/om-kompetansebanken\/#primaryimage\",\"url\":\"https:\/\/bibliotekutvikling.no\/content\/uploads\/sites\/24\/2025\/10\/kompetansebank-ressursgruppe-scaled.jpg\",\"contentUrl\":\"https:\/\/bibliotekutvikling.no\/content\/uploads\/sites\/24\/2025\/10\/kompetansebank-ressursgruppe-scaled.jpg\",\"width\":2560,\"height\":1440},{\"@type\":\"BreadcrumbList\",\"@id\":\"https:\/\/bibliotekutvikling.no\/kompetansebank\/om-kompetansebanken\/#breadcrumb\",\"itemListElement\":[{\"@type\":\"ListItem\",\"position\":1,\"name\":\"Hjem\",\"item\":\"https:\/\/bibliotekutvikling.no\/kompetansebank\/\"},{\"@type\":\"ListItem\",\"position\":2,\"name\":\"Om kompetansebanken\"}]},{\"@type\":\"WebSite\",\"@id\":\"https:\/\/bibliotekutvikling.no\/kompetansebank\/#website\",\"url\":\"https:\/\/bibliotekutvikling.no\/kompetansebank\/\",\"name\":\"Kompetansebank\",\"description\":\"kurs og kunnskap for bibliotekansatte\",\"publisher\":{\"@id\":\"https:\/\/bibliotekutvikling.no\/kompetansebank\/#organization\"},\"potentialAction\":[{\"@type\":\"SearchAction\",\"target\":{\"@type\":\"EntryPoint\",\"urlTemplate\":\"https:\/\/bibliotekutvikling.no\/kompetansebank\/?s={search_term_string}\"},\"query-input\":{\"@type\":\"PropertyValueSpecification\",\"valueRequired\":true,\"valueName\":\"search_term_string\"}}],\"inLanguage\":\"nb-NO\"},{\"@type\":\"Organization\",\"@id\":\"https:\/\/bibliotekutvikling.no\/kompetansebank\/#organization\",\"name\":\"Bibliotekutvikling\",\"url\":\"https:\/\/bibliotekutvikling.no\/kompetansebank\/\",\"logo\":{\"@type\":\"ImageObject\",\"inLanguage\":\"nb-NO\",\"@id\":\"https:\/\/bibliotekutvikling.no\/kompetansebank\/#\/schema\/logo\/image\/\",\"url\":\"https:\/\/bibliotekutvikling.no\/content\/uploads\/sites\/24\/2023\/10\/Favikon-BU.png\",\"contentUrl\":\"https:\/\/bibliotekutvikling.no\/content\/uploads\/sites\/24\/2023\/10\/Favikon-BU.png\",\"width\":1055,\"height\":1054,\"caption\":\"Bibliotekutvikling\"},\"image\":{\"@id\":\"https:\/\/bibliotekutvikling.no\/kompetansebank\/#\/schema\/logo\/image\/\"},\"sameAs\":[\"https:\/\/www.facebook.com\/bibliotekutvikling\"]}]}<\/script>\n<!-- \/ Yoast SEO Premium plugin. -->","yoast_head_json":{"title":"Om kompetansebanken - Kompetansebank","description":"Kompetansebanken inneholder nettkurs , l\u00e6ringsressurser, filmer og arrangementer til ansatte i bibliotek, laget av fagfolk.","robots":{"index":"index","follow":"follow","max-snippet":"max-snippet:-1","max-image-preview":"max-image-preview:large","max-video-preview":"max-video-preview:-1"},"canonical":"https:\/\/bibliotekutvikling.no\/kompetansebank\/om-kompetansebanken\/","og_locale":"nb_NO","og_type":"article","og_title":"Om kompetansebanken","og_description":"Kompetansebanken inneholder nettkurs , l\u00e6ringsressurser, filmer og arrangementer til ansatte i bibliotek, laget av fagfolk.","og_url":"https:\/\/bibliotekutvikling.no\/kompetansebank\/om-kompetansebanken\/","og_site_name":"Kompetansebank","article_publisher":"https:\/\/www.facebook.com\/bibliotekutvikling","article_modified_time":"2025-10-31T12:53:37+00:00","og_image":[{"width":2560,"height":1440,"url":"https:\/\/bibliotekutvikling.no\/content\/uploads\/sites\/24\/2025\/10\/kompetansebank-ressursgruppe-scaled.jpg","type":"image\/jpeg"}],"twitter_card":"summary_large_image","twitter_misc":{"Ansl. lesetid":"3 minutter"},"schema":{"@context":"https:\/\/schema.org","@graph":[{"@type":"WebPage","@id":"https:\/\/bibliotekutvikling.no\/kompetansebank\/om-kompetansebanken\/","url":"https:\/\/bibliotekutvikling.no\/kompetansebank\/om-kompetansebanken\/","name":"Om kompetansebanken - Kompetansebank","isPartOf":{"@id":"https:\/\/bibliotekutvikling.no\/kompetansebank\/#website"},"primaryImageOfPage":{"@id":"https:\/\/bibliotekutvikling.no\/kompetansebank\/om-kompetansebanken\/#primaryimage"},"image":{"@id":"https:\/\/bibliotekutvikling.no\/kompetansebank\/om-kompetansebanken\/#primaryimage"},"thumbnailUrl":"https:\/\/bibliotekutvikling.no\/content\/uploads\/sites\/24\/2025\/10\/kompetansebank-ressursgruppe-scaled.jpg","datePublished":"2023-04-17T08:41:55+00:00","dateModified":"2025-10-31T12:53:37+00:00","description":"Kompetansebanken inneholder nettkurs , l\u00e6ringsressurser, filmer og arrangementer til ansatte i bibliotek, laget av fagfolk.","breadcrumb":{"@id":"https:\/\/bibliotekutvikling.no\/kompetansebank\/om-kompetansebanken\/#breadcrumb"},"inLanguage":"nb-NO","potentialAction":[{"@type":"ReadAction","target":["https:\/\/bibliotekutvikling.no\/kompetansebank\/om-kompetansebanken\/"]}]},{"@type":"ImageObject","inLanguage":"nb-NO","@id":"https:\/\/bibliotekutvikling.no\/kompetansebank\/om-kompetansebanken\/#primaryimage","url":"https:\/\/bibliotekutvikling.no\/content\/uploads\/sites\/24\/2025\/10\/kompetansebank-ressursgruppe-scaled.jpg","contentUrl":"https:\/\/bibliotekutvikling.no\/content\/uploads\/sites\/24\/2025\/10\/kompetansebank-ressursgruppe-scaled.jpg","width":2560,"height":1440},{"@type":"BreadcrumbList","@id":"https:\/\/bibliotekutvikling.no\/kompetansebank\/om-kompetansebanken\/#breadcrumb","itemListElement":[{"@type":"ListItem","position":1,"name":"Hjem","item":"https:\/\/bibliotekutvikling.no\/kompetansebank\/"},{"@type":"ListItem","position":2,"name":"Om kompetansebanken"}]},{"@type":"WebSite","@id":"https:\/\/bibliotekutvikling.no\/kompetansebank\/#website","url":"https:\/\/bibliotekutvikling.no\/kompetansebank\/","name":"Kompetansebank","description":"kurs og kunnskap for bibliotekansatte","publisher":{"@id":"https:\/\/bibliotekutvikling.no\/kompetansebank\/#organization"},"potentialAction":[{"@type":"SearchAction","target":{"@type":"EntryPoint","urlTemplate":"https:\/\/bibliotekutvikling.no\/kompetansebank\/?s={search_term_string}"},"query-input":{"@type":"PropertyValueSpecification","valueRequired":true,"valueName":"search_term_string"}}],"inLanguage":"nb-NO"},{"@type":"Organization","@id":"https:\/\/bibliotekutvikling.no\/kompetansebank\/#organization","name":"Bibliotekutvikling","url":"https:\/\/bibliotekutvikling.no\/kompetansebank\/","logo":{"@type":"ImageObject","inLanguage":"nb-NO","@id":"https:\/\/bibliotekutvikling.no\/kompetansebank\/#\/schema\/logo\/image\/","url":"https:\/\/bibliotekutvikling.no\/content\/uploads\/sites\/24\/2023\/10\/Favikon-BU.png","contentUrl":"https:\/\/bibliotekutvikling.no\/content\/uploads\/sites\/24\/2023\/10\/Favikon-BU.png","width":1055,"height":1054,"caption":"Bibliotekutvikling"},"image":{"@id":"https:\/\/bibliotekutvikling.no\/kompetansebank\/#\/schema\/logo\/image\/"},"sameAs":["https:\/\/www.facebook.com\/bibliotekutvikling"]}]}},"_links":{"self":[{"href":"https:\/\/bibliotekutvikling.no\/kompetansebank\/wp-json\/wp\/v2\/pages\/69","targetHints":{"allow":["GET"]}}],"collection":[{"href":"https:\/\/bibliotekutvikling.no\/kompetansebank\/wp-json\/wp\/v2\/pages"}],"about":[{"href":"https:\/\/bibliotekutvikling.no\/kompetansebank\/wp-json\/wp\/v2\/types\/page"}],"author":[{"embeddable":true,"href":"https:\/\/bibliotekutvikling.no\/kompetansebank\/wp-json\/wp\/v2\/users\/1"}],"replies":[{"embeddable":true,"href":"https:\/\/bibliotekutvikling.no\/kompetansebank\/wp-json\/wp\/v2\/comments?post=69"}],"version-history":[{"count":4,"href":"https:\/\/bibliotekutvikling.no\/kompetansebank\/wp-json\/wp\/v2\/pages\/69\/revisions"}],"predecessor-version":[{"id":42077,"href":"https:\/\/bibliotekutvikling.no\/kompetansebank\/wp-json\/wp\/v2\/pages\/69\/revisions\/42077"}],"wp:featuredmedia":[{"embeddable":true,"href":"https:\/\/bibliotekutvikling.no\/kompetansebank\/wp-json\/wp\/v2\/media\/41687"}],"wp:attachment":[{"href":"https:\/\/bibliotekutvikling.no\/kompetansebank\/wp-json\/wp\/v2\/media?parent=69"}],"curies":[{"name":"wp","href":"https:\/\/api.w.org\/{rel}","templated":true}]}}