{"id":5,"date":"2024-03-07T12:44:45","date_gmt":"2024-03-07T11:44:45","guid":{"rendered":"https:\/\/bibliotekutvikling.no\/digitale-bibliotek\/?page_id=2"},"modified":"2025-07-02T09:35:49","modified_gmt":"2025-07-02T07:35:49","slug":"felles-formidlingslosning-ditt-bibliotek-pa-nett","status":"publish","type":"page","link":"https:\/\/bibliotekutvikling.no\/felles-formidlingslosning\/","title":{"rendered":"Felles formidlingsl\u00f8sning"},"content":{"rendered":"\n<ul class=\"wp-block-list\">\n<li><a href=\"https:\/\/bibliotekutvikling.no\/2024\/02\/16\/felles-tilgang-til-det-digitale-biblioteket\/\">Nyhetsartikkel om oppstart av prosjekt<\/a><\/li>\n\n\n\n<li><a href=\"https:\/\/bibliotekutvikling.no\/2023\/11\/30\/nasjonal-digital-infrastruktur\/\">Nyhetsartikkel om satsing p\u00e5 nasjonal digital infrastruktur<\/a><\/li>\n\n\n\n<li><a href=\"https:\/\/bibliotekutvikling.no\/content\/uploads\/2024\/11\/2024-10-15-Referat-.pdf\">Referat fra NBs strategiske r\u00e5d oktober 2024<\/a><\/li>\n\n\n\n<li><a href=\"https:\/\/bibliotekutvikling.no\/content\/uploads\/sites\/32\/2024\/11\/Notat-formidlingslosning-Strategisk-rad_.pdf\">Notat om formidlingsl\u00f8sning fra strategisk r\u00e5d<\/a> <\/li>\n\n\n\n<li><a href=\"https:\/\/bibliotekutvikling.no\/nyheter\/status-for-felles-formidlingslosning-januar-2025\/\">Status for felles formidlingsl\u00f8sning januar 2025 &#8211; Bibliotekutvikling<\/a><\/li>\n<\/ul>\n\n\n\n<h2 class=\"wp-block-heading\">Markedsunders\u00f8kelse Felles Formidlingsl\u00f8sning<\/h2>\n\n\n\n<p>Da er markedsunders\u00f8kelsen til Felles Formidlingsl\u00f8sning publisert av KS Digital. M\u00e5let med denne markedsunders\u00f8kelsen er \u00e5 innhente relevant kunnskap, markedskunnskap og teknisk innsikt som kan belyse potensielle retningsvalg for prosjektet. Svarene fra leverand\u00f8rene vil danne et viktig beslutningsgrunnlag for valg av videre prosess.\u00a0Svarfristen er satt til fredag 15. august. Markedsunders\u00f8kelsen finner du p\u00e5 Doffin <a href=\"https:\/\/www.doffin.no\/notices\/2025-110392\">https:\/\/www.doffin.no\/notices\/2025-110392<\/a><\/p>\n\n\n\n<h2 class=\"wp-block-heading\">Status v\u00e5ren 2025<\/h2>\n\n\n\n<p>Felles formidlingsl\u00f8sning med nye nettsider og app for alle folkebibliotekene i Norge er et ambisi\u00f8st prosjekt som n\u00e5 n\u00e6rmer seg neste fase. Fredag 14. mars ble prosjektet godkjent av KommIT-r\u00e5det, og n\u00e5 gjenst\u00e5r bare en styrebehandling i KS den 25. mars f\u00f8r KS Digital offisielt overtar prosjektet gjennom Bibliotek24.<br><br>Representanter fra folkebibliotekene er med videre i prosessen for \u00e5 sikre folkebibliotekenes interesser og kontinuitet i arbeidet. Arbeidet med anskaffelsen kan starte opp s\u00e5 fort Felles formidlingsl\u00f8sning formelt er blitt en del av KS Digital\/Bibliotek24.<br><br>Prosjektgruppen m\u00f8ttes p\u00e5 Flesland i slutten av februar og er optimistiske for fortsettelsen. M\u00e5let om ny formidlingsl\u00f8sning for folkebibliotekene er n\u00e6rmere enn noen gang. Bildet ble gjenskapt fra f\u00f8rste gang gruppen m\u00f8ttes p\u00e5 Flesland.<\/p>\n\n\n\n<figure class=\"wp-block-image size-large\"><img loading=\"lazy\" decoding=\"async\" width=\"1024\" height=\"768\" src=\"https:\/\/bibliotekutvikling.no\/content\/uploads\/sites\/32\/2025\/03\/IMG_8659-1024x768.jpeg\" alt=\"Prosjektgruppens fire medlemmer i m\u00f8te p\u00e5 Flesland i februar. \" class=\"wp-image-164\" srcset=\"https:\/\/bibliotekutvikling.no\/content\/uploads\/sites\/32\/2025\/03\/IMG_8659-1024x768.jpeg 1024w, https:\/\/bibliotekutvikling.no\/content\/uploads\/sites\/32\/2025\/03\/IMG_8659-300x225.jpeg 300w, https:\/\/bibliotekutvikling.no\/content\/uploads\/sites\/32\/2025\/03\/IMG_8659-768x576.jpeg 768w, https:\/\/bibliotekutvikling.no\/content\/uploads\/sites\/32\/2025\/03\/IMG_8659-1536x1152.jpeg 1536w, https:\/\/bibliotekutvikling.no\/content\/uploads\/sites\/32\/2025\/03\/IMG_8659-2048x1536.jpeg 2048w\" sizes=\"auto, (max-width: 1024px) 100vw, 1024px\" \/><\/figure>\n\n\n\n<h2 class=\"wp-block-heading\">Status h\u00f8sten 2024<\/h2>\n\n\n\n<p>Prosjektrapport for <em>Felles formidlingsl\u00f8sning<\/em> er vurdert og prosjekt er vedtatt videref\u00f8rt i strategisk r\u00e5d oktober 2024. <a href=\"https:\/\/bibliotekutvikling.no\/content\/uploads\/2024\/11\/2024-10-15-Referat-.pdf\">Se referat fra strategisk r\u00e5d<\/a>. Prosjektgruppen skal fullf\u00f8re arbeid med kravspesifikasjon.<\/p>\n\n\n\n<p>Det er igangsatt dialog med KS Digital for \u00e5 se hvilken rolle KS Digital\/Bibliotek24 kan ta p\u00e5 seg i arbeidet med anskaffelse\/utvikling av en felles formidlingsl\u00f8sning.<br><br>Nasjonalbiblioteket (NB) vil sette av 10 mill. kr. i utviklingsmidler pr. \u00e5r til utvikling og etablering av en felles formidlingsl\u00f8sning for bibliotekene i 2025 og 2026.<\/p>\n\n\n\n<p><a href=\"https:\/\/bibliotekutvikling.no\/content\/uploads\/sites\/32\/2024\/11\/Notat-formidlingslosning-Strategisk-rad_.pdf\">Les fullstendig notat om formidlingsl\u00f8sning etter strategisk r\u00e5d oktober 2024<\/a>. <\/p>\n\n\n\n<h2 class=\"wp-block-heading\">Rapport sommeren 2024<\/h2>\n\n\n\n<p><a href=\"https:\/\/bibliotekutvikling.no\/content\/uploads\/sites\/32\/2024\/07\/Rapport-Felles-Formidlingslosning.pdf\">Her finner du prosjektets rapport<\/a> som oppsummerer arbeidet i prosjektet fram til sommeren 2024 og gi anbefalinger for hvordan prosjektet kan videref\u00f8res til en anskaffelse av en felles formidlingsl\u00f8sning for alle bibliotekene i Norge. Rapporten gir ogs\u00e5 forlag til hvordan dette kan organiseres og finansieres fram mot 2030. <\/p>\n\n\n\n<p>Rapporten er ment som et beslutningsgrunnlag for Nasjonalbiblioteket. <\/p>\n\n\n\n<h2 class=\"wp-block-heading\">Felles prosjekt for folkebibliotekene<\/h2>\n\n\n<p class=\"t2-ingress wp-block-t2-ingress\">V\u00e5ren 2024 jobber fire representanter for ulike deler av bibliotek-Norge om \u00e5 kartlegge behovet for ny felles formidlingsl\u00f8sning for alle folkebibliotekene i landet. Arbeidet skal resultere i en kravspesifikasjon som igjen skal tas med inn i arbeidet for \u00e5 anskaffe ny formidlingsl\u00f8sning.\u00a0<\/p>\n\n\n<figure class=\"wp-block-image size-large\"><img loading=\"lazy\" decoding=\"async\" width=\"1024\" height=\"768\" src=\"https:\/\/bibliotekutvikling.no\/content\/uploads\/sites\/32\/2024\/06\/IMG_3903-1024x768.jpeg\" alt=\"\" class=\"wp-image-105\" style=\"aspect-ratio:16\/9;object-fit:cover\" srcset=\"https:\/\/bibliotekutvikling.no\/content\/uploads\/sites\/32\/2024\/06\/IMG_3903-1024x768.jpeg 1024w, https:\/\/bibliotekutvikling.no\/content\/uploads\/sites\/32\/2024\/06\/IMG_3903-300x225.jpeg 300w, https:\/\/bibliotekutvikling.no\/content\/uploads\/sites\/32\/2024\/06\/IMG_3903-768x576.jpeg 768w, https:\/\/bibliotekutvikling.no\/content\/uploads\/sites\/32\/2024\/06\/IMG_3903-1536x1152.jpeg 1536w, https:\/\/bibliotekutvikling.no\/content\/uploads\/sites\/32\/2024\/06\/IMG_3903-2048x1536.jpeg 2048w\" sizes=\"auto, (max-width: 1024px) 100vw, 1024px\" \/><\/figure>\n\n\n\n<h2 class=\"wp-block-heading\">Kartlegging og innspill<\/h2>\n\n\n\n<p>Bibliotekansatte fra 300 kommuner og 9 fylker har svart p\u00e5 kartleggingsskjemaet med innspill til prosjektet \u201cFelles formidlingsl\u00f8sning\u201d. Svarene kan gi prosjektet en pekepinn p\u00e5 hva som er noen av de viktigste behovene for ansatte ved norske folkebibliotek.&nbsp;<\/p>\n\n\n\n<p>Resultatene fra kartleggingen indikerer at bibliotekansatte anser det som s\u00e6rlig viktig med gode integrasjoner mot biblioteksystemet og andre digitale tjenester som bibliotekene tilbyr. I tillegg var det mange som mente at personvern og \u00f8kt synlighet var s\u00e6rlig viktig. Flere beskrev behov for god s\u00f8kefunksjonalitet, tettere sammenheng mellom samling og \u00f8vrige tilbud, en god arrangementskalender og billettl\u00f8sning.&nbsp;&nbsp;<\/p>\n\n\n\n<p>En god del av respondentene \u00f8nsket seg en fleksibel l\u00f8sning som b\u00e5de passer for store og sm\u00e5 bibliotek. Og som bevarer hvert enkelt biblioteks egenart. Pris og valg av prismodell vil v\u00e6re en avgj\u00f8rende faktor for mange, og flere legger vekt p\u00e5 viktigheten av \u00e5 involvere publikum i utviklingsprosessen.&nbsp;<\/p>\n\n\n\n<p>For publikum ser bibliotekansatte for seg at det vil v\u00e6re viktig med god brukervennlighet, funksjonalitet og enkel p\u00e5logging.&nbsp;<\/p>\n\n\n\n<p>Oppsummert kan en si at kartleggingsskjemaet indikerer f\u00f8lgende som suksessfaktorer for ny felles formidlingsl\u00f8sning:&nbsp;&nbsp;&nbsp;<\/p>\n\n\n\n<ul class=\"wp-block-list\">\n<li>Gode integrasjoner til biblioteksystem og andre digitale tjenester&nbsp;<\/li>\n\n\n\n<li>Personvern&nbsp;<\/li>\n\n\n\n<li>\u00d8kt synlighet&nbsp;<\/li>\n\n\n\n<li>Arrangementskalender og billettl\u00f8sning&nbsp;<\/li>\n\n\n\n<li>Fleksibelt\/tilpasset sm\u00e5 og store bibliotek&nbsp;<\/li>\n\n\n\n<li>Bevare egen identitet&nbsp;<\/li>\n\n\n\n<li>Pris&nbsp;<\/li>\n\n\n\n<li>Brukermedvirkning&nbsp;<\/li>\n\n\n\n<li>Brukervennlighet (UU)&nbsp;<\/li>\n\n\n\n<li>Funksjonalitet&nbsp;<\/li>\n\n\n\n<li>Enkel p\u00e5logging&nbsp;<\/li>\n<\/ul>\n\n\n\n<p>Kartleggingsskjemaet viser ogs\u00e5 at omtrent halvparten av folkebibliotek i Norge i dag har nettsider som er underlagt kommunens nettsider. Det er et sentralt poeng og m\u00e5l i dette prosjektet at folkebibliotek skal f\u00e5 egen nettsidel\u00f8sning og ikke lenger v\u00e6re underlagt kommunale sider, selv om henvisning mellom nettsidene til bibliotek og kommune vil v\u00e6re naturlig \u00e5 se for seg.&nbsp;<\/p>\n\n\n\n<h3 class=\"wp-block-heading\"><strong>Innspill etter workshops<\/strong>&nbsp;<\/h3>\n\n\n\n<p>I tillegg til kartleggingsskjema ble det gjennomf\u00f8rt innspills-workshops i flere fylker. Innspill fra workshopene stemmer godt overens med det som kom frem av kartleggingsskjemaet. Noen andre og viktige innspill som kom frem fra workshopene var blant annet fokus p\u00e5 <em>b\u00e6rekraft<\/em>, hvor det ble foresl\u00e5tt valgmulighet for \u00e5 sl\u00e5 av elementer som er energikrevende i l\u00f8sningen (velge \u00e5 sl\u00e5 av bilder og lignende).&nbsp;&nbsp;<\/p>\n\n\n\n<p>Videre ble det trukket frem at nye og spennende muligheter for \u00e5 gj\u00f8re bibliotekbrukerne mer <em>aktive <\/em>gjennom formidlingsl\u00f8sningen burde utforskes. Det ble ogs\u00e5 foresl\u00e5tt brukertilpasset\/alderstilpasset opplevelse eller egne innganger for ulike m\u00e5lgrupper, og en funksjon som gir brukere oversikt over arrangementer som skjer der en befinner seg \u2013 ogs\u00e5 p\u00e5 reise til annen kommune.&nbsp;&nbsp;<\/p>\n\n\n\n<p>\u00d8nske om SSO (Single Sign-On) som med \u00e9n innlogging gir tilgang til alle bibliotekets tilbud samlet.&nbsp;&nbsp;&nbsp;<\/p>\n\n\n\n<p>Naturlig nok er flere av innspillene sp\u00f8rsm\u00e5l om \u00f8konomi, pris, finansiering, oppf\u00f8lging og drift. Det blir avgj\u00f8rende og finne en god l\u00f8sning for disse tingene, og det blir neste steg etter at dette forprosjektet har spesifisert omfang og krav.&nbsp;&nbsp;<\/p>\n\n\n\n<h3 class=\"wp-block-heading\">Formidlingsl\u00f8sning &#8211; hva mener vi med det?<\/h3>\n\n\n\n<p>Begrepet formidlingsl\u00f8sning er tatt i bruk fordi det \u00e5pner opp for flere muligheter enn begrepet &laquo;nettsidel\u00f8sning&raquo;. En formidlingsl\u00f8sning kan best\u00e5 av flere komponenter som til sammen utgj\u00f8r l\u00f8sningen som biblioteket skal ta i bruk for \u00e5 formidle sine tilbud og tjenester. Slike komponenter kan v\u00e6re nettside, app og infoskjerml\u00f8sning for \u00e5 nevne noen.&nbsp;&nbsp;<\/p>\n\n\n\n<p>Folkebibliotekene i Norge er mange og varierte. Det er behov for et felles l\u00f8ft som gj\u00f8r det lettere for folkebibliotekene \u00e5 n\u00e5 ut med informasjon, tilbud og tjenester til befolkningen. Og ikke minst er det viktig \u00e5 finne en formidlingsl\u00f8sning som kommer publikum til gode. Det skal v\u00e6re lett for alle \u00e5 s\u00f8ke opp og finne frem til informasjon fra sitt folkebibliotek, for \u00e5 finne ut hva som skjer av aktiviteter og arrangement, finne noe \u00e5 l\u00e5ne, melde seg p\u00e5 kurs eller verksteder, eller lese anbefalinger, se videoer og str\u00f8mmede arrangement og lytte til podkaster som biblioteket har laget. &nbsp;<\/p>\n\n\n\n<figure class=\"wp-block-image size-large\"><img loading=\"lazy\" decoding=\"async\" width=\"1024\" height=\"1024\" src=\"https:\/\/bibliotekutvikling.no\/content\/uploads\/sites\/32\/2024\/03\/Felles-formidlingslosning3-1-1024x1024.jpg\" alt=\"\" class=\"wp-image-76\" srcset=\"https:\/\/bibliotekutvikling.no\/content\/uploads\/sites\/32\/2024\/03\/Felles-formidlingslosning3-1-1024x1024.jpg 1024w, https:\/\/bibliotekutvikling.no\/content\/uploads\/sites\/32\/2024\/03\/Felles-formidlingslosning3-1-300x300.jpg 300w, https:\/\/bibliotekutvikling.no\/content\/uploads\/sites\/32\/2024\/03\/Felles-formidlingslosning3-1-150x150.jpg 150w, https:\/\/bibliotekutvikling.no\/content\/uploads\/sites\/32\/2024\/03\/Felles-formidlingslosning3-1-768x768.jpg 768w, https:\/\/bibliotekutvikling.no\/content\/uploads\/sites\/32\/2024\/03\/Felles-formidlingslosning3-1.jpg 1080w\" sizes=\"auto, (max-width: 1024px) 100vw, 1024px\" \/><\/figure>\n\n\n\n<h3 class=\"wp-block-heading\">Aktiv og helhetlig formidling<strong>&nbsp;<\/strong><\/h3>\n\n\n\n<p>En felles formidlingsl\u00f8sning for alle folkebibliotekene i landet m\u00e5 v\u00e6re skalerbar slik at den er hensiktsmessig \u00e5 ta i bruk for b\u00e5de sm\u00e5 og store bibliotek. L\u00f8sningen skal inspirere og legge til rette for at det blir enklere for ansatte \u00e5 drive med aktiv og helhetlig formidling b\u00e5de i bibliotekrommet og p\u00e5 nett. &nbsp;<br>&nbsp;<br>I dag kan du bruke bibliotekkortet til \u00e5 logge deg p\u00e5 flere digitale innholdstjenester, som Bookbites for e-b\u00f8ker og lydb\u00f8ker og Filmoteket for str\u00f8mming av film. Det er mange plattformer og innlogginger \u00e5 holde styr p\u00e5. Med en felles formidlingsl\u00f8sning for alle folkebibliotekene vil vi gj\u00f8re det lettere for publikum \u00e5 f\u00e5 en samlet oversikt over bibliotekets mange tilbud. M\u00e5let er at du trenger bare logge deg p\u00e5 \u00e9n gang, og f\u00e5 tilgang til det mest av innholdet som biblioteket tilbyr. P\u00e5 den m\u00e5ten vil det v\u00e6re mulig \u00e5 s\u00f8ke opp et \u00f8nsket tema, og f\u00e5 treff b\u00e5de fra den fysiske samlingen som kan reserveres, men ogs\u00e5 digitalt materiale som kan str\u00f8mmes.&nbsp;<\/p>\n\n\n\n<h3 class=\"wp-block-heading\">Mer tilgjengelig<\/h3>\n\n\n\n<p>I f\u00f8lge <a href=\"https:\/\/bibliotekutvikling.no\/2024\/03\/06\/norsk-kulturbarometer-2023\/\" target=\"_blank\" rel=\"noreferrer noopener\">Norsk Kulturbarometer 2023 &#8211; Bibliotekutvikling<\/a> er det 2 av 10 som oppgir at de &laquo;brukte folkebibliotekets tjenester p\u00e5 internett eller app&raquo; i 2023. Det er ikke s\u00e5 mange, men det er en oppgang fra 14 % i 2021 til 18 % i 2023, og vi ser for at disse tallene kan \u00f8ke vesentlig i \u00e5rene som kommer om bibliotekene blir mer tilgjengelige p\u00e5 nett med bedre l\u00f8sninger enn det som brukes i dag.<\/p>\n\n\n\n\t\t<div class=\"t2-factbox wp-block-t2-factbox\" id=\"t2-factbox\">\n\t\t\t<div class=\"t2-factbox__content\">\n\t\t\t\t<div class=\"t2-factbox__blocks t2-factbox__inner-container is-layout-flow\">\n\t\t\t\t\t\n\n<p>2 av 10 bruker folkebibliotekets tjenester p\u00e5 internett eller app (Norsk Kulturbarometer 2023).<\/p>\n\n\n\t\t\t\t<\/div>\n\t\t\t\t\n\t\t\t<\/div>\n\t\t\t\n\t\t<\/div>","protected":false},"excerpt":{"rendered":"","protected":false},"author":6868,"featured_media":76,"parent":0,"menu_order":0,"comment_status":"closed","ping_status":"open","template":"","meta":{"_relevanssi_hide_post":"","_relevanssi_hide_content":"","_relevanssi_pin_for_all":"","_relevanssi_pin_keywords":"","_relevanssi_unpin_keywords":"","_relevanssi_related_keywords":"","_relevanssi_related_include_ids":"","_relevanssi_related_exclude_ids":"","_relevanssi_related_no_append":"","_relevanssi_related_not_related":"","_relevanssi_related_posts":"2","_relevanssi_noindex_reason":"","nb_hide_title":false,"sub_navigation_option":"","sub_navigation_custom_items":[],"footnotes":""},"class_list":["post-5","page","type-page","status-publish","has-post-thumbnail","hentry"],"yoast_head":"<!-- This site is optimized with the Yoast SEO plugin v26.9 - https:\/\/yoast.com\/product\/yoast-seo-wordpress\/ -->\n<title>Felles formidlingsl\u00f8sning - Felles formidlingsl\u00f8sning<\/title>\n<meta name=\"description\" content=\"Felles formidlingsl\u00f8sning - ditt bibliotek p\u00e5 nett\" \/>\n<meta name=\"robots\" content=\"index, follow, max-snippet:-1, max-image-preview:large, max-video-preview:-1\" \/>\n<link rel=\"canonical\" href=\"https:\/\/bibliotekutvikling.no\/felles-formidlingslosning\/\" \/>\n<meta property=\"og:locale\" content=\"nb_NO\" \/>\n<meta property=\"og:type\" content=\"article\" \/>\n<meta property=\"og:title\" content=\"Felles formidlingsl\u00f8sning - Felles formidlingsl\u00f8sning\" \/>\n<meta property=\"og:description\" content=\"Felles formidlingsl\u00f8sning - ditt bibliotek p\u00e5 nett\" \/>\n<meta property=\"og:url\" content=\"https:\/\/bibliotekutvikling.no\/felles-formidlingslosning\/\" \/>\n<meta property=\"og:site_name\" content=\"Felles formidlingsl\u00f8sning\" \/>\n<meta property=\"article:modified_time\" content=\"2025-07-02T07:35:49+00:00\" \/>\n<meta property=\"og:image\" content=\"https:\/\/bibliotekutvikling.no\/content\/uploads\/sites\/32\/2024\/03\/Felles-formidlingslosning3-1.jpg\" \/>\n\t<meta property=\"og:image:width\" content=\"1080\" \/>\n\t<meta property=\"og:image:height\" content=\"1080\" \/>\n\t<meta property=\"og:image:type\" content=\"image\/jpeg\" \/>\n<meta name=\"twitter:card\" content=\"summary_large_image\" \/>\n<meta name=\"twitter:label1\" content=\"Ansl. lesetid\" \/>\n\t<meta name=\"twitter:data1\" content=\"8 minutter\" \/>\n<script type=\"application\/ld+json\" class=\"yoast-schema-graph\">{\"@context\":\"https:\/\/schema.org\",\"@graph\":[{\"@type\":\"WebPage\",\"@id\":\"https:\/\/bibliotekutvikling.no\/felles-formidlingslosning\/\",\"url\":\"https:\/\/bibliotekutvikling.no\/felles-formidlingslosning\/\",\"name\":\"Felles formidlingsl\u00f8sning - Felles formidlingsl\u00f8sning\",\"isPartOf\":{\"@id\":\"https:\/\/bibliotekutvikling.no\/felles-formidlingslosning\/#website\"},\"primaryImageOfPage\":{\"@id\":\"https:\/\/bibliotekutvikling.no\/felles-formidlingslosning\/#primaryimage\"},\"image\":{\"@id\":\"https:\/\/bibliotekutvikling.no\/felles-formidlingslosning\/#primaryimage\"},\"thumbnailUrl\":\"https:\/\/bibliotekutvikling.no\/content\/uploads\/sites\/32\/2024\/03\/Felles-formidlingslosning3-1.jpg\",\"datePublished\":\"2024-03-07T11:44:45+00:00\",\"dateModified\":\"2025-07-02T07:35:49+00:00\",\"description\":\"Felles formidlingsl\u00f8sning - ditt bibliotek p\u00e5 nett\",\"breadcrumb\":{\"@id\":\"https:\/\/bibliotekutvikling.no\/felles-formidlingslosning\/#breadcrumb\"},\"inLanguage\":\"nb-NO\",\"potentialAction\":[{\"@type\":\"ReadAction\",\"target\":[\"https:\/\/bibliotekutvikling.no\/felles-formidlingslosning\/\"]}]},{\"@type\":\"ImageObject\",\"inLanguage\":\"nb-NO\",\"@id\":\"https:\/\/bibliotekutvikling.no\/felles-formidlingslosning\/#primaryimage\",\"url\":\"https:\/\/bibliotekutvikling.no\/content\/uploads\/sites\/32\/2024\/03\/Felles-formidlingslosning3-1.jpg\",\"contentUrl\":\"https:\/\/bibliotekutvikling.no\/content\/uploads\/sites\/32\/2024\/03\/Felles-formidlingslosning3-1.jpg\",\"width\":1080,\"height\":1080},{\"@type\":\"BreadcrumbList\",\"@id\":\"https:\/\/bibliotekutvikling.no\/felles-formidlingslosning\/#breadcrumb\",\"itemListElement\":[{\"@type\":\"ListItem\",\"position\":1,\"name\":\"Hjem\",\"item\":\"https:\/\/bibliotekutvikling.no\/felles-formidlingslosning\/\"},{\"@type\":\"ListItem\",\"position\":2,\"name\":\"Felles formidlingsl\u00f8sning\"}]},{\"@type\":\"WebSite\",\"@id\":\"https:\/\/bibliotekutvikling.no\/felles-formidlingslosning\/#website\",\"url\":\"https:\/\/bibliotekutvikling.no\/felles-formidlingslosning\/\",\"name\":\"Felles formidlingsl\u00f8sning\",\"description\":\"\",\"potentialAction\":[{\"@type\":\"SearchAction\",\"target\":{\"@type\":\"EntryPoint\",\"urlTemplate\":\"https:\/\/bibliotekutvikling.no\/felles-formidlingslosning\/?s={search_term_string}\"},\"query-input\":{\"@type\":\"PropertyValueSpecification\",\"valueRequired\":true,\"valueName\":\"search_term_string\"}}],\"inLanguage\":\"nb-NO\"}]}<\/script>\n<!-- \/ Yoast SEO plugin. -->","yoast_head_json":{"title":"Felles formidlingsl\u00f8sning - Felles formidlingsl\u00f8sning","description":"Felles formidlingsl\u00f8sning - ditt bibliotek p\u00e5 nett","robots":{"index":"index","follow":"follow","max-snippet":"max-snippet:-1","max-image-preview":"max-image-preview:large","max-video-preview":"max-video-preview:-1"},"canonical":"https:\/\/bibliotekutvikling.no\/felles-formidlingslosning\/","og_locale":"nb_NO","og_type":"article","og_title":"Felles formidlingsl\u00f8sning - Felles formidlingsl\u00f8sning","og_description":"Felles formidlingsl\u00f8sning - ditt bibliotek p\u00e5 nett","og_url":"https:\/\/bibliotekutvikling.no\/felles-formidlingslosning\/","og_site_name":"Felles formidlingsl\u00f8sning","article_modified_time":"2025-07-02T07:35:49+00:00","og_image":[{"width":1080,"height":1080,"url":"https:\/\/bibliotekutvikling.no\/content\/uploads\/sites\/32\/2024\/03\/Felles-formidlingslosning3-1.jpg","type":"image\/jpeg"}],"twitter_card":"summary_large_image","twitter_misc":{"Ansl. lesetid":"8 minutter"},"schema":{"@context":"https:\/\/schema.org","@graph":[{"@type":"WebPage","@id":"https:\/\/bibliotekutvikling.no\/felles-formidlingslosning\/","url":"https:\/\/bibliotekutvikling.no\/felles-formidlingslosning\/","name":"Felles formidlingsl\u00f8sning - Felles formidlingsl\u00f8sning","isPartOf":{"@id":"https:\/\/bibliotekutvikling.no\/felles-formidlingslosning\/#website"},"primaryImageOfPage":{"@id":"https:\/\/bibliotekutvikling.no\/felles-formidlingslosning\/#primaryimage"},"image":{"@id":"https:\/\/bibliotekutvikling.no\/felles-formidlingslosning\/#primaryimage"},"thumbnailUrl":"https:\/\/bibliotekutvikling.no\/content\/uploads\/sites\/32\/2024\/03\/Felles-formidlingslosning3-1.jpg","datePublished":"2024-03-07T11:44:45+00:00","dateModified":"2025-07-02T07:35:49+00:00","description":"Felles formidlingsl\u00f8sning - ditt bibliotek p\u00e5 nett","breadcrumb":{"@id":"https:\/\/bibliotekutvikling.no\/felles-formidlingslosning\/#breadcrumb"},"inLanguage":"nb-NO","potentialAction":[{"@type":"ReadAction","target":["https:\/\/bibliotekutvikling.no\/felles-formidlingslosning\/"]}]},{"@type":"ImageObject","inLanguage":"nb-NO","@id":"https:\/\/bibliotekutvikling.no\/felles-formidlingslosning\/#primaryimage","url":"https:\/\/bibliotekutvikling.no\/content\/uploads\/sites\/32\/2024\/03\/Felles-formidlingslosning3-1.jpg","contentUrl":"https:\/\/bibliotekutvikling.no\/content\/uploads\/sites\/32\/2024\/03\/Felles-formidlingslosning3-1.jpg","width":1080,"height":1080},{"@type":"BreadcrumbList","@id":"https:\/\/bibliotekutvikling.no\/felles-formidlingslosning\/#breadcrumb","itemListElement":[{"@type":"ListItem","position":1,"name":"Hjem","item":"https:\/\/bibliotekutvikling.no\/felles-formidlingslosning\/"},{"@type":"ListItem","position":2,"name":"Felles formidlingsl\u00f8sning"}]},{"@type":"WebSite","@id":"https:\/\/bibliotekutvikling.no\/felles-formidlingslosning\/#website","url":"https:\/\/bibliotekutvikling.no\/felles-formidlingslosning\/","name":"Felles formidlingsl\u00f8sning","description":"","potentialAction":[{"@type":"SearchAction","target":{"@type":"EntryPoint","urlTemplate":"https:\/\/bibliotekutvikling.no\/felles-formidlingslosning\/?s={search_term_string}"},"query-input":{"@type":"PropertyValueSpecification","valueRequired":true,"valueName":"search_term_string"}}],"inLanguage":"nb-NO"}]}},"_links":{"self":[{"href":"https:\/\/bibliotekutvikling.no\/felles-formidlingslosning\/wp-json\/wp\/v2\/pages\/5","targetHints":{"allow":["GET"]}}],"collection":[{"href":"https:\/\/bibliotekutvikling.no\/felles-formidlingslosning\/wp-json\/wp\/v2\/pages"}],"about":[{"href":"https:\/\/bibliotekutvikling.no\/felles-formidlingslosning\/wp-json\/wp\/v2\/types\/page"}],"author":[{"embeddable":true,"href":"https:\/\/bibliotekutvikling.no\/felles-formidlingslosning\/wp-json\/wp\/v2\/users\/6868"}],"replies":[{"embeddable":true,"href":"https:\/\/bibliotekutvikling.no\/felles-formidlingslosning\/wp-json\/wp\/v2\/comments?post=5"}],"version-history":[{"count":5,"href":"https:\/\/bibliotekutvikling.no\/felles-formidlingslosning\/wp-json\/wp\/v2\/pages\/5\/revisions"}],"predecessor-version":[{"id":184,"href":"https:\/\/bibliotekutvikling.no\/felles-formidlingslosning\/wp-json\/wp\/v2\/pages\/5\/revisions\/184"}],"wp:featuredmedia":[{"embeddable":true,"href":"https:\/\/bibliotekutvikling.no\/felles-formidlingslosning\/wp-json\/wp\/v2\/media\/76"}],"wp:attachment":[{"href":"https:\/\/bibliotekutvikling.no\/felles-formidlingslosning\/wp-json\/wp\/v2\/media?parent=5"}],"curies":[{"name":"wp","href":"https:\/\/api.w.org\/{rel}","templated":true}]}}