{"id":5489,"date":"2026-05-06T16:31:07","date_gmt":"2026-05-06T14:31:07","guid":{"rendered":"https:\/\/bibliotekutvikling.no\/dfb\/?page_id=5489"},"modified":"2026-05-11T12:52:17","modified_gmt":"2026-05-11T10:52:17","slug":"popp-opp-utstillinger","status":"publish","type":"page","link":"https:\/\/bibliotekutvikling.no\/dfb\/vare-tilbud\/popp-opp-utstillinger\/","title":{"rendered":"Popp opp-utstillinger fra DFB"},"content":{"rendered":"<div class=\"alignfull has-media has-background has-neutrals-background-hero-background-color wp-block-nb-hero\">\n\t\t\t<div class=\"nb-hero__inner\">\n\t\t\t\t<div class=\"nb-hero__content\">\n\t\t\t\n\n\n<h1 class=\"wp-block-post-title\">Popp opp-utstillinger fra DFB<\/h1>\n\n<p class=\"t2-ingress wp-block-t2-ingress\">Vi lanserer sm\u00e5 popp opp-utstillinger  i l\u00f8pet av \u00e5ret<\/p>\n\n\n\t<div class=\"wp-block-nb-byline\">\n\t\t\t\t\t<\/div>\n\t\n\n\t\t<\/div><figure class=\"nb-hero__media\">\n\t\t\t<img loading=\"lazy\" decoding=\"async\" width=\"1001\" height=\"844\" src=\"https:\/\/bibliotekutvikling.no\/content\/uploads\/sites\/17\/2026\/05\/fotball-1.jpg\" class=\"attachment-large size-large\" alt=\"\" srcset=\"https:\/\/bibliotekutvikling.no\/content\/uploads\/sites\/17\/2026\/05\/fotball-1.jpg 1001w, https:\/\/bibliotekutvikling.no\/content\/uploads\/sites\/17\/2026\/05\/fotball-1-300x253.jpg 300w, https:\/\/bibliotekutvikling.no\/content\/uploads\/sites\/17\/2026\/05\/fotball-1-768x648.jpg 768w, https:\/\/bibliotekutvikling.no\/content\/uploads\/sites\/17\/2026\/05\/fotball-1-600x506.jpg 600w\" sizes=\"auto, (max-width: 1001px) 100vw, 1001px\" \/>\n\t\t\t\n\t\t<\/figure>\n\t\t\t<\/div>\n\t\t<\/div>\n\n\n<div class=\"wp-block-group has-black-color has-secondary-100-background-color has-text-color has-background has-global-padding is-layout-constrained wp-block-group-is-layout-constrained\">\n<p>Vi tilbyr n\u00e5 en popp opp-utstilling med fotballb\u00f8ker for barn p\u00e5 mange spr\u00e5k; en utmerket utstilling \u00e5 ha i biblioteket under VM i fotball som starter 11. juni.<\/p>\n\n\n\n<p>Send din bestilling til v\u00e5r epost: <a href=\"mailto:dfb@nb.no\" type=\"mailto\" id=\"mailto:dfb@nb.no\">dfb@nb.no <\/a>og skriv &laquo;Fotballutstilling&raquo; i emnefeltet. Oppgi navn p\u00e5 biblioteket, biblioteknummer og kontaktperson.<\/p>\n\n\n\n<p>V\u00e6r raskt ute, vi har bare nok b\u00f8ker til \u00e5 sette sammen 10 utstillinger.<\/p>\n<\/div>\n\n\n\n<p>Med ujevne mellomrom i l\u00f8pet av \u00e5ret tilbyr DFB sm\u00e5 popp opp-utstillinger. Utstillingene best\u00e5r av b\u00f8ker og plakater som stilles ut i biblioteket og som belyser aktuelle tema.<\/p>\n\n\n\n<p>Ved p\u00e5melding f\u00e5r dere l\u00e5ne 12-15 b\u00f8ker om temaet p\u00e5 et utvalg av spr\u00e5k, og kan laste ned en plakat til utstillingen fra sidene v\u00e5re. B\u00f8kene l\u00e5nes ut i tre m\u00e5neder.<\/p>\n\n\n\n<h3 class=\"wp-block-heading\" id=\"h-framover-planlegger-vi-a-tilby-pakker-med\">Framover planlegger vi \u00e5 tilby pakker med<\/h3>\n\n\n\n<ul class=\"wp-block-list\">\n<li>Fotballb\u00f8ker p\u00e5 mange spr\u00e5k<\/li>\n\n\n\n<li>Nobelprisvinnere p\u00e5 mange spr\u00e5k<\/li>\n\n\n\n<li>Biografier p\u00e5 mange spr\u00e5k<\/li>\n\n\n\n<li>Juleb\u00f8ker p\u00e5 mange spr\u00e5k<\/li>\n<\/ul>\n\n\n\n<p>Vi kan bare sette sammen rundt 8-10 pakker per utstilling. Det l\u00f8nner seg derfor \u00e5 respondere raskt n\u00e5r utstillingene lanseres.<\/p>\n\n\n\n<p>Vi oppfordrer til at dere ogs\u00e5 blander inn b\u00f8ker som biblioteket allerede har om temaet p\u00e5 norsk, engelsk og eventuelt andre spr\u00e5k&raquo;.\u00a0<\/p>\n\n\n\n<p>F\u00f8lg med p\u00e5<a href=\"https:\/\/www.facebook.com\/profile.php?id=100066429046602\"> DFB sin Facebook-side <\/a> eller meld deg p\u00e5  <a href=\"https:\/\/bibliotekutvikling.no\/nyhetsbrev\/\">Nasjonalbibliotekets nyhetsbrev for bibliotek.<\/a><\/p>\n\n\n\n<div class=\"wp-block-group alignwide is-layout-grid wp-container-core-group-is-layout-b757edec wp-block-group-is-layout-grid\">\n<figure class=\"wp-block-image size-large wp-container-content-5e2576f9\"><img loading=\"lazy\" decoding=\"async\" width=\"724\" height=\"1024\" src=\"https:\/\/bibliotekutvikling.no\/content\/uploads\/sites\/17\/2026\/05\/Fotball-724x1024.jpg\" alt=\"\" class=\"wp-image-5470\" srcset=\"https:\/\/bibliotekutvikling.no\/content\/uploads\/sites\/17\/2026\/05\/Fotball-724x1024.jpg 724w, https:\/\/bibliotekutvikling.no\/content\/uploads\/sites\/17\/2026\/05\/Fotball-212x300.jpg 212w, https:\/\/bibliotekutvikling.no\/content\/uploads\/sites\/17\/2026\/05\/Fotball-768x1086.jpg 768w, https:\/\/bibliotekutvikling.no\/content\/uploads\/sites\/17\/2026\/05\/Fotball-1086x1536.jpg 1086w, https:\/\/bibliotekutvikling.no\/content\/uploads\/sites\/17\/2026\/05\/Fotball-1448x2048.jpg 1448w, https:\/\/bibliotekutvikling.no\/content\/uploads\/sites\/17\/2026\/05\/Fotball-600x848.jpg 600w, https:\/\/bibliotekutvikling.no\/content\/uploads\/sites\/17\/2026\/05\/Fotball-scaled.jpg 1811w\" sizes=\"auto, (max-width: 724px) 100vw, 724px\" \/><\/figure>\n\n\n\n<h2 class=\"wp-block-heading\" id=\"h-\"><\/h2>\n\n\n<ul class=\"t2-link-list has-2-items has-1-columns wp-block-t2-link-list\">\n\t<li class=\"t2-link-list-item wp-block-t2-link-list-item\">\n\t\t<a\n\t\t\thref=\"https:\/\/bibliotekutvikling.no\/content\/uploads\/sites\/17\/2026\/05\/Fotball-A4-1.pdf\"\n\t\t\tclass=\"t2-link-list-item__link t2-link-list__icon--right\"\n\t\t\t\t\t>\n\t\t\t<span class=\"t2-link-list-item__icon\"><span class=\"t2-link-list-item__icon-box\"><\/span><svg xmlns=\"http:\/\/www.w3.org\/2000\/svg\" viewBox=\"0 0 24 24\" height=\"24\" width=\"24\" class=\"t2-icon t2-icon-external\" aria-hidden=\"true\" focusable=\"false\"><path d=\"M19 19H5V5h7V3H3v18h18v-9h-2v7zM14 3v2h3.6l-9.8 9.8 1.4 1.4L19 6.4V10h2V3h-7z\"\/><\/svg><\/span>\t\t\t<div class=\"t2-link-list-item__content\">\n\n\t\t\t\t\n\t\t\t\t<span id=\"link-list-item-text\" class=\"t2-link-list-item__text\">\n\t\t\t\t\tPlakat: Fotball p\u00e5 mange spr\u00e5k. A4. pdf\t\t\t\t<\/span>\n\t\t\t\t\t\t\t<\/div>\n\t\t<\/a>\n\t<\/li>\n\t\n\n\t<li class=\"t2-link-list-item wp-block-t2-link-list-item\">\n\t\t<a\n\t\t\thref=\"https:\/\/bibliotekutvikling.no\/content\/uploads\/sites\/17\/2026\/05\/Fotball-A3.pdf\"\n\t\t\tclass=\"t2-link-list-item__link t2-link-list__icon--right\"\n\t\t\trel=\"noreferrer noopener\" target=\"_blank\"\t\t>\n\t\t\t<span class=\"t2-link-list-item__icon\"><span class=\"t2-link-list-item__icon-box\"><\/span><svg xmlns=\"http:\/\/www.w3.org\/2000\/svg\" viewBox=\"0 0 24 24\" height=\"24\" width=\"24\" class=\"t2-icon t2-icon-external\" aria-hidden=\"true\" focusable=\"false\"><path d=\"M19 19H5V5h7V3H3v18h18v-9h-2v7zM14 3v2h3.6l-9.8 9.8 1.4 1.4L19 6.4V10h2V3h-7z\"\/><\/svg><\/span>\t\t\t<div class=\"t2-link-list-item__content\">\n\n\t\t\t\t\n\t\t\t\t<span id=\"link-list-item-text-1\" class=\"t2-link-list-item__text\">\n\t\t\t\t\tPlakat: Fotball p\u00e5 mange spr\u00e5k. A3. pdf\t\t\t\t<\/span>\n\t\t\t\t\t\t\t<\/div>\n\t\t<\/a>\n\t<\/li>\n\t\n<\/ul><\/div>\n\n\n\n<p><\/p>\n","protected":false},"excerpt":{"rendered":"<p>Vi lanserer sm\u00e5 popp opp-utstillinger  i l\u00f8pet av \u00e5ret<\/p>\n","protected":false},"author":6868,"featured_media":5532,"parent":252,"menu_order":0,"comment_status":"closed","ping_status":"closed","template":"","meta":{"nb_hide_title":true,"nb_breadcrumb_title_override":"","sub_navigation_option":"","sub_navigation_custom_items":[],"footnotes":""},"class_list":["post-5489","page","type-page","status-publish","has-post-thumbnail","hentry"],"yoast_head":"<!-- This site is optimized with the Yoast SEO Premium plugin v27.1 (Yoast SEO v27.1.1) - https:\/\/yoast.com\/product\/yoast-seo-premium-wordpress\/ -->\n<title>Popp opp-utstillinger fra DFB - Det flerspr\u00e5klige bibliotek<\/title>\n<meta name=\"description\" content=\"Med ujevne mellomrom i l\u00f8pet av \u00e5ret tilbyr vi sm\u00e5 popp opp-utstillinger\" \/>\n<meta name=\"robots\" content=\"index, follow, max-snippet:-1, max-image-preview:large, max-video-preview:-1\" \/>\n<link rel=\"canonical\" href=\"https:\/\/bibliotekutvikling.no\/dfb\/vare-tilbud\/popp-opp-utstillinger\/\" \/>\n<meta property=\"og:locale\" content=\"nb_NO\" \/>\n<meta property=\"og:type\" content=\"article\" \/>\n<meta property=\"og:title\" content=\"Popp opp-utstillinger fra DFB\" \/>\n<meta property=\"og:description\" content=\"Med ujevne mellomrom i l\u00f8pet av \u00e5ret tilbyr vi sm\u00e5 popp opp-utstillinger\" \/>\n<meta property=\"og:url\" content=\"https:\/\/bibliotekutvikling.no\/dfb\/vare-tilbud\/popp-opp-utstillinger\/\" \/>\n<meta property=\"og:site_name\" content=\"Det flerspr\u00e5klige bibliotek\" \/>\n<meta property=\"article:publisher\" content=\"https:\/\/www.facebook.com\/profile.php?id=100066429046602\" \/>\n<meta property=\"article:modified_time\" content=\"2026-05-11T10:52:17+00:00\" \/>\n<meta property=\"og:image\" content=\"https:\/\/bibliotekutvikling.no\/content\/uploads\/sites\/17\/2026\/05\/fotball-1.jpg\" \/>\n\t<meta property=\"og:image:width\" content=\"1001\" \/>\n\t<meta property=\"og:image:height\" content=\"844\" \/>\n\t<meta property=\"og:image:type\" content=\"image\/jpeg\" \/>\n<meta name=\"twitter:card\" content=\"summary_large_image\" \/>\n<meta name=\"twitter:label1\" content=\"Ansl. lesetid\" \/>\n\t<meta name=\"twitter:data1\" content=\"2 minutter\" \/>\n<script type=\"application\/ld+json\" class=\"yoast-schema-graph\">{\"@context\":\"https:\/\/schema.org\",\"@graph\":[{\"@type\":\"WebPage\",\"@id\":\"https:\/\/bibliotekutvikling.no\/dfb\/vare-tilbud\/popp-opp-utstillinger\/\",\"url\":\"https:\/\/bibliotekutvikling.no\/dfb\/vare-tilbud\/popp-opp-utstillinger\/\",\"name\":\"Popp opp-utstillinger fra DFB - Det flerspr\u00e5klige bibliotek\",\"isPartOf\":{\"@id\":\"https:\/\/bibliotekutvikling.no\/dfb\/#website\"},\"primaryImageOfPage\":{\"@id\":\"https:\/\/bibliotekutvikling.no\/dfb\/vare-tilbud\/popp-opp-utstillinger\/#primaryimage\"},\"image\":{\"@id\":\"https:\/\/bibliotekutvikling.no\/dfb\/vare-tilbud\/popp-opp-utstillinger\/#primaryimage\"},\"thumbnailUrl\":\"https:\/\/bibliotekutvikling.no\/content\/uploads\/sites\/17\/2026\/05\/fotball-1.jpg\",\"datePublished\":\"2026-05-06T14:31:07+00:00\",\"dateModified\":\"2026-05-11T10:52:17+00:00\",\"description\":\"Med ujevne mellomrom i l\u00f8pet av \u00e5ret tilbyr vi sm\u00e5 popp opp-utstillinger\",\"breadcrumb\":{\"@id\":\"https:\/\/bibliotekutvikling.no\/dfb\/vare-tilbud\/popp-opp-utstillinger\/#breadcrumb\"},\"inLanguage\":\"nb-NO\",\"potentialAction\":[{\"@type\":\"ReadAction\",\"target\":[\"https:\/\/bibliotekutvikling.no\/dfb\/vare-tilbud\/popp-opp-utstillinger\/\"]}]},{\"@type\":\"ImageObject\",\"inLanguage\":\"nb-NO\",\"@id\":\"https:\/\/bibliotekutvikling.no\/dfb\/vare-tilbud\/popp-opp-utstillinger\/#primaryimage\",\"url\":\"https:\/\/bibliotekutvikling.no\/content\/uploads\/sites\/17\/2026\/05\/fotball-1.jpg\",\"contentUrl\":\"https:\/\/bibliotekutvikling.no\/content\/uploads\/sites\/17\/2026\/05\/fotball-1.jpg\",\"width\":1001,\"height\":844},{\"@type\":\"BreadcrumbList\",\"@id\":\"https:\/\/bibliotekutvikling.no\/dfb\/vare-tilbud\/popp-opp-utstillinger\/#breadcrumb\",\"itemListElement\":[{\"@type\":\"ListItem\",\"position\":1,\"name\":\"Hjem\",\"item\":\"https:\/\/bibliotekutvikling.no\/dfb\/\"},{\"@type\":\"ListItem\",\"position\":2,\"name\":\"Tilbud\",\"item\":\"https:\/\/bibliotekutvikling.no\/dfb\/vare-tilbud\/\"},{\"@type\":\"ListItem\",\"position\":3,\"name\":\"Popp opp-utstillinger fra DFB\"}]},{\"@type\":\"WebSite\",\"@id\":\"https:\/\/bibliotekutvikling.no\/dfb\/#website\",\"url\":\"https:\/\/bibliotekutvikling.no\/dfb\/\",\"name\":\"Det flerspr\u00e5klige bibliotek\",\"description\":\"\",\"publisher\":{\"@id\":\"https:\/\/bibliotekutvikling.no\/dfb\/#organization\"},\"potentialAction\":[{\"@type\":\"SearchAction\",\"target\":{\"@type\":\"EntryPoint\",\"urlTemplate\":\"https:\/\/bibliotekutvikling.no\/dfb\/?s={search_term_string}\"},\"query-input\":{\"@type\":\"PropertyValueSpecification\",\"valueRequired\":true,\"valueName\":\"search_term_string\"}}],\"inLanguage\":\"nb-NO\"},{\"@type\":\"Organization\",\"@id\":\"https:\/\/bibliotekutvikling.no\/dfb\/#organization\",\"name\":\"Det flerspr\u00e5klige bibliotek\",\"url\":\"https:\/\/bibliotekutvikling.no\/dfb\/\",\"logo\":{\"@type\":\"ImageObject\",\"inLanguage\":\"nb-NO\",\"@id\":\"https:\/\/bibliotekutvikling.no\/dfb\/#\/schema\/logo\/image\/\",\"url\":\"https:\/\/bibliotekutvikling.no\/content\/uploads\/sites\/17\/2022\/09\/dfb.svg\",\"contentUrl\":\"https:\/\/bibliotekutvikling.no\/content\/uploads\/sites\/17\/2022\/09\/dfb.svg\",\"width\":143,\"height\":65,\"caption\":\"Det flerspr\u00e5klige bibliotek\"},\"image\":{\"@id\":\"https:\/\/bibliotekutvikling.no\/dfb\/#\/schema\/logo\/image\/\"},\"sameAs\":[\"https:\/\/www.facebook.com\/profile.php?id=100066429046602\"]}]}<\/script>\n<!-- \/ Yoast SEO Premium plugin. -->","yoast_head_json":{"title":"Popp opp-utstillinger fra DFB - Det flerspr\u00e5klige bibliotek","description":"Med ujevne mellomrom i l\u00f8pet av \u00e5ret tilbyr vi sm\u00e5 popp opp-utstillinger","robots":{"index":"index","follow":"follow","max-snippet":"max-snippet:-1","max-image-preview":"max-image-preview:large","max-video-preview":"max-video-preview:-1"},"canonical":"https:\/\/bibliotekutvikling.no\/dfb\/vare-tilbud\/popp-opp-utstillinger\/","og_locale":"nb_NO","og_type":"article","og_title":"Popp opp-utstillinger fra DFB","og_description":"Med ujevne mellomrom i l\u00f8pet av \u00e5ret tilbyr vi sm\u00e5 popp opp-utstillinger","og_url":"https:\/\/bibliotekutvikling.no\/dfb\/vare-tilbud\/popp-opp-utstillinger\/","og_site_name":"Det flerspr\u00e5klige bibliotek","article_publisher":"https:\/\/www.facebook.com\/profile.php?id=100066429046602","article_modified_time":"2026-05-11T10:52:17+00:00","og_image":[{"width":1001,"height":844,"url":"https:\/\/bibliotekutvikling.no\/content\/uploads\/sites\/17\/2026\/05\/fotball-1.jpg","type":"image\/jpeg"}],"twitter_card":"summary_large_image","twitter_misc":{"Ansl. lesetid":"2 minutter"},"schema":{"@context":"https:\/\/schema.org","@graph":[{"@type":"WebPage","@id":"https:\/\/bibliotekutvikling.no\/dfb\/vare-tilbud\/popp-opp-utstillinger\/","url":"https:\/\/bibliotekutvikling.no\/dfb\/vare-tilbud\/popp-opp-utstillinger\/","name":"Popp opp-utstillinger fra DFB - Det flerspr\u00e5klige bibliotek","isPartOf":{"@id":"https:\/\/bibliotekutvikling.no\/dfb\/#website"},"primaryImageOfPage":{"@id":"https:\/\/bibliotekutvikling.no\/dfb\/vare-tilbud\/popp-opp-utstillinger\/#primaryimage"},"image":{"@id":"https:\/\/bibliotekutvikling.no\/dfb\/vare-tilbud\/popp-opp-utstillinger\/#primaryimage"},"thumbnailUrl":"https:\/\/bibliotekutvikling.no\/content\/uploads\/sites\/17\/2026\/05\/fotball-1.jpg","datePublished":"2026-05-06T14:31:07+00:00","dateModified":"2026-05-11T10:52:17+00:00","description":"Med ujevne mellomrom i l\u00f8pet av \u00e5ret tilbyr vi sm\u00e5 popp opp-utstillinger","breadcrumb":{"@id":"https:\/\/bibliotekutvikling.no\/dfb\/vare-tilbud\/popp-opp-utstillinger\/#breadcrumb"},"inLanguage":"nb-NO","potentialAction":[{"@type":"ReadAction","target":["https:\/\/bibliotekutvikling.no\/dfb\/vare-tilbud\/popp-opp-utstillinger\/"]}]},{"@type":"ImageObject","inLanguage":"nb-NO","@id":"https:\/\/bibliotekutvikling.no\/dfb\/vare-tilbud\/popp-opp-utstillinger\/#primaryimage","url":"https:\/\/bibliotekutvikling.no\/content\/uploads\/sites\/17\/2026\/05\/fotball-1.jpg","contentUrl":"https:\/\/bibliotekutvikling.no\/content\/uploads\/sites\/17\/2026\/05\/fotball-1.jpg","width":1001,"height":844},{"@type":"BreadcrumbList","@id":"https:\/\/bibliotekutvikling.no\/dfb\/vare-tilbud\/popp-opp-utstillinger\/#breadcrumb","itemListElement":[{"@type":"ListItem","position":1,"name":"Hjem","item":"https:\/\/bibliotekutvikling.no\/dfb\/"},{"@type":"ListItem","position":2,"name":"Tilbud","item":"https:\/\/bibliotekutvikling.no\/dfb\/vare-tilbud\/"},{"@type":"ListItem","position":3,"name":"Popp opp-utstillinger fra DFB"}]},{"@type":"WebSite","@id":"https:\/\/bibliotekutvikling.no\/dfb\/#website","url":"https:\/\/bibliotekutvikling.no\/dfb\/","name":"Det flerspr\u00e5klige bibliotek","description":"","publisher":{"@id":"https:\/\/bibliotekutvikling.no\/dfb\/#organization"},"potentialAction":[{"@type":"SearchAction","target":{"@type":"EntryPoint","urlTemplate":"https:\/\/bibliotekutvikling.no\/dfb\/?s={search_term_string}"},"query-input":{"@type":"PropertyValueSpecification","valueRequired":true,"valueName":"search_term_string"}}],"inLanguage":"nb-NO"},{"@type":"Organization","@id":"https:\/\/bibliotekutvikling.no\/dfb\/#organization","name":"Det flerspr\u00e5klige bibliotek","url":"https:\/\/bibliotekutvikling.no\/dfb\/","logo":{"@type":"ImageObject","inLanguage":"nb-NO","@id":"https:\/\/bibliotekutvikling.no\/dfb\/#\/schema\/logo\/image\/","url":"https:\/\/bibliotekutvikling.no\/content\/uploads\/sites\/17\/2022\/09\/dfb.svg","contentUrl":"https:\/\/bibliotekutvikling.no\/content\/uploads\/sites\/17\/2022\/09\/dfb.svg","width":143,"height":65,"caption":"Det flerspr\u00e5klige bibliotek"},"image":{"@id":"https:\/\/bibliotekutvikling.no\/dfb\/#\/schema\/logo\/image\/"},"sameAs":["https:\/\/www.facebook.com\/profile.php?id=100066429046602"]}]}},"_links":{"self":[{"href":"https:\/\/bibliotekutvikling.no\/dfb\/wp-json\/wp\/v2\/pages\/5489","targetHints":{"allow":["GET"]}}],"collection":[{"href":"https:\/\/bibliotekutvikling.no\/dfb\/wp-json\/wp\/v2\/pages"}],"about":[{"href":"https:\/\/bibliotekutvikling.no\/dfb\/wp-json\/wp\/v2\/types\/page"}],"author":[{"embeddable":true,"href":"https:\/\/bibliotekutvikling.no\/dfb\/wp-json\/wp\/v2\/users\/6868"}],"replies":[{"embeddable":true,"href":"https:\/\/bibliotekutvikling.no\/dfb\/wp-json\/wp\/v2\/comments?post=5489"}],"version-history":[{"count":5,"href":"https:\/\/bibliotekutvikling.no\/dfb\/wp-json\/wp\/v2\/pages\/5489\/revisions"}],"predecessor-version":[{"id":5599,"href":"https:\/\/bibliotekutvikling.no\/dfb\/wp-json\/wp\/v2\/pages\/5489\/revisions\/5599"}],"up":[{"embeddable":true,"href":"https:\/\/bibliotekutvikling.no\/dfb\/wp-json\/wp\/v2\/pages\/252"}],"wp:featuredmedia":[{"embeddable":true,"href":"https:\/\/bibliotekutvikling.no\/dfb\/wp-json\/wp\/v2\/media\/5532"}],"wp:attachment":[{"href":"https:\/\/bibliotekutvikling.no\/dfb\/wp-json\/wp\/v2\/media?parent=5489"}],"curies":[{"name":"wp","href":"https:\/\/api.w.org\/{rel}","templated":true}]}}