{"id":4080,"date":"2025-07-01T14:15:21","date_gmt":"2025-07-01T12:15:21","guid":{"rendered":"https:\/\/bibliotekutvikling.no\/dfb\/?page_id=4080"},"modified":"2026-03-27T10:14:29","modified_gmt":"2026-03-27T09:14:29","slug":"ordlose-boker","status":"publish","type":"page","link":"https:\/\/bibliotekutvikling.no\/dfb\/vare-tilbud\/ordlose-boker\/","title":{"rendered":"Ordl\u00f8se b\u00f8ker"},"content":{"rendered":"<div class=\"alignfull has-media has-background has-neutrals-background-hero-background-color wp-block-nb-hero\">\n\t\t\t<div class=\"nb-hero__inner\">\n\t\t\t\t<div class=\"nb-hero__content\">\n\t\t\t\n\n\n<h1 class=\"wp-block-post-title\">Ordl\u00f8se b\u00f8ker<\/h1>\n\n<p class=\"t2-ingress wp-block-t2-ingress\">Det flerspr\u00e5klige bibliotek har bygget opp en samling med litt over 90 titler med det vi har\u00a0 valgt \u00e5 kalle ordl\u00f8se b\u00f8ker. Dette er bildeb\u00f8ker med f\u00e5 eller ingen ord, der illustrasjonene er meningsb\u00e6rende, alene.<\/p>\n\n\n\t<div class=\"wp-block-nb-byline\">\n\t\t\t\t\t\t\t<time class=\"nb-byline__time__published\" datetime=\"2025-07-01T14:15:21+02:00\">\n\t\t\t\t<span>Posted<\/span>\n\t\t\t\t<span>1. juli 2025 14:15<\/span>\n\t\t\t<\/time>\n\t\t\t\t\t\t\t\t\t<time class=\"nb-byline__time__updated\" datetime=\"2026-03-27T10:14:29+01:00\" >\n\t\t\t\t\t\t<span>Updated<\/span>\n\t\t\t\t\t\t<span>27. mars 2026 10:14<\/span>\n\t\t\t\t\t<\/time>\n\t\t\t\t\t\t\t<\/div>\n\t\n\n\t\t<\/div><figure class=\"nb-hero__media\">\n\t\t\t<img loading=\"lazy\" decoding=\"async\" width=\"1024\" height=\"768\" src=\"https:\/\/bibliotekutvikling.no\/content\/uploads\/sites\/17\/2025\/07\/ordlos-bilde1-1024x768.jpg\" class=\"attachment-large size-large\" alt=\"\" srcset=\"https:\/\/bibliotekutvikling.no\/content\/uploads\/sites\/17\/2025\/07\/ordlos-bilde1-1024x768.jpg 1024w, https:\/\/bibliotekutvikling.no\/content\/uploads\/sites\/17\/2025\/07\/ordlos-bilde1-300x225.jpg 300w, https:\/\/bibliotekutvikling.no\/content\/uploads\/sites\/17\/2025\/07\/ordlos-bilde1-768x576.jpg 768w, https:\/\/bibliotekutvikling.no\/content\/uploads\/sites\/17\/2025\/07\/ordlos-bilde1-1536x1152.jpg 1536w, https:\/\/bibliotekutvikling.no\/content\/uploads\/sites\/17\/2025\/07\/ordlos-bilde1-2048x1536.jpg 2048w, https:\/\/bibliotekutvikling.no\/content\/uploads\/sites\/17\/2025\/07\/ordlos-bilde1-600x450.jpg 600w\" sizes=\"auto, (max-width: 1024px) 100vw, 1024px\" \/>\n\t\t\t\n\t\t<\/figure>\n\t\t\t<\/div>\n\t\t<\/div>\n\n\n\n\n<h2 class=\"wp-block-heading\" id=\"h-ordlose-tekstlose-ordfrie-eller-stille-boker\">Ordl\u00f8se, tekstl\u00f8se, ordfrie eller stille b\u00f8ker?<\/h2>\n\n\n\n<p>Ordl\u00f8se fortellinger m\u00e5 leses p\u00e5 en annen m\u00e5te enn det vi er vant til. Det er ingen fasit p\u00e5 hva innholdet skal v\u00e6re, eller hva leseren vil sitte igjen med. Du m\u00e5 lete etter detaljer, lese uttrykk p\u00e5 ansikter, tolke symboler og sanse stemninger i bildene.<\/p>\n\n\n\n<p>Vi vil anta at nyankomne flyktninger og barn og voksne med lese- og l\u00e6revansker kan f\u00e5 gode leseopplevelser ved hjelp av ordl\u00f8se b\u00f8ker. Frav\u00e6ret av skriftspr\u00e5k gj\u00f8r at leseren kan f\u00f8lge historien og gjenfortelle den p\u00e5 sitt eget spr\u00e5k, og i en h\u00f8ytlesningssituasjon vil de i st\u00f8rre grad sidestille den som leser h\u00f8yt med de som lytter. P\u00e5 den m\u00e5ten kan de gi en mer likeverdig, kall det gjerne demokratisk, opplevelse, enn ved den tradisjonelle h\u00f8ytlesningssituasjonen der h\u00f8ytleseren i stor grad definerer situasjonen, og fortolkningen.<\/p>\n\n\n\n<p>Fortellingene stimulerer til fortellerglede, og kan skape gjenkjennelse eller rom for ettertanke. Ordl\u00f8se b\u00f8ker kan ogs\u00e5 overvinne spr\u00e5kvansker under h\u00f8ytlesing, for eksempel for foreldre som snakker et annet spr\u00e5k enn barna sine. De gir ogs\u00e5 mulighet for \u00e5 \u00f8ve den visuelle kompetansen. I de ordl\u00f8se b\u00f8kene er det nemlig kunstverket som bringer historien til live.<\/p>\n\n\n\n<p>B\u00f8kene er kj\u00f8pt inn fra forhandlere fra hele verden og det er stor forskjell p\u00e5 det visuelle uttrykket p\u00e5 en ordl\u00f8s bok fra Korea sammenlignet med en fra Iran eller Canada. Det gj\u00f8r b\u00f8kene ekstra spennende \u00e5 utforske. <\/p>\n\n\n\n<p>Se samlingen:<\/p>\n\n\n<ul class=\"t2-link-list has-1-items has-auto-columns wp-block-t2-link-list\">\n\t<li class=\"t2-link-list-item wp-block-t2-link-list-item\">\n\t\t<a\n\t\t\thref=\"https:\/\/dfb.bib.no\/cgi-bin\/m2?mode=vt&#038;eccl=ordl%C3%B8s\/lg%20og%20ff%3Dl&#038;st=p&#038;antall=30\"\n\t\t\tclass=\"t2-link-list-item__link t2-link-list__icon--right\"\n\t\t\trel=\"noreferrer noopener\" target=\"_blank\"\t\t>\n\t\t\t<span class=\"t2-link-list-item__icon\"><span class=\"t2-link-list-item__icon-box\"><\/span><svg xmlns=\"http:\/\/www.w3.org\/2000\/svg\" viewBox=\"0 0 24 24\" height=\"24\" width=\"24\" class=\"t2-icon t2-icon-external\" aria-hidden=\"true\" focusable=\"false\"><path d=\"M19 19H5V5h7V3H3v18h18v-9h-2v7zM14 3v2h3.6l-9.8 9.8 1.4 1.4L19 6.4V10h2V3h-7z\"\/><\/svg><\/span>\t\t\t<div class=\"t2-link-list-item__content\">\n\n\t\t\t\t\n\t\t\t\t<span id=\"link-list-item-text\" class=\"t2-link-list-item__text\">\n\t\t\t\t\tOrdl\u00f8se b\u00f8ker\t\t\t\t<\/span>\n\t\t\t\t<span id=\"link-list-item-description\" class=\"t2-link-list-item__description\">Bibliofil<\/span>\t\t\t<\/div>\n\t\t<\/a>\n\t<\/li>\n\t\n<\/ul>\n\n\n<figure class=\"wp-block-image alignwide size-large\"><img loading=\"lazy\" decoding=\"async\" width=\"1024\" height=\"768\" src=\"https:\/\/bibliotekutvikling.no\/content\/uploads\/sites\/17\/2025\/07\/ordlos-bilde1-1024x768.jpg\" alt=\"\" class=\"wp-image-4083\" srcset=\"https:\/\/bibliotekutvikling.no\/content\/uploads\/sites\/17\/2025\/07\/ordlos-bilde1-1024x768.jpg 1024w, https:\/\/bibliotekutvikling.no\/content\/uploads\/sites\/17\/2025\/07\/ordlos-bilde1-300x225.jpg 300w, https:\/\/bibliotekutvikling.no\/content\/uploads\/sites\/17\/2025\/07\/ordlos-bilde1-768x576.jpg 768w, https:\/\/bibliotekutvikling.no\/content\/uploads\/sites\/17\/2025\/07\/ordlos-bilde1-1536x1152.jpg 1536w, https:\/\/bibliotekutvikling.no\/content\/uploads\/sites\/17\/2025\/07\/ordlos-bilde1-2048x1536.jpg 2048w, https:\/\/bibliotekutvikling.no\/content\/uploads\/sites\/17\/2025\/07\/ordlos-bilde1-600x450.jpg 600w\" sizes=\"auto, (max-width: 1024px) 100vw, 1024px\" \/><\/figure>\n","protected":false},"excerpt":{"rendered":"<p>Det flerspr\u00e5klige bibliotek har bygget opp en samling med litt over 90 titler med det vi har\u00a0 valgt \u00e5 kalle ordl\u00f8se b\u00f8ker. Dette er bildeb\u00f8ker med f\u00e5 eller ingen ord, der illustrasjonene er meningsb\u00e6rende, alene.<\/p>\n","protected":false},"author":6868,"featured_media":4083,"parent":252,"menu_order":0,"comment_status":"closed","ping_status":"closed","template":"","meta":{"nb_hide_title":true,"nb_breadcrumb_title_override":"","sub_navigation_option":"","sub_navigation_custom_items":[],"footnotes":""},"class_list":["post-4080","page","type-page","status-publish","has-post-thumbnail","hentry"],"yoast_head":"<!-- This site is optimized with the Yoast SEO Premium plugin v27.1 (Yoast SEO v27.1.1) - https:\/\/yoast.com\/product\/yoast-seo-premium-wordpress\/ -->\n<title>Ordl\u00f8se b\u00f8ker - Det flerspr\u00e5klige bibliotek<\/title>\n<meta name=\"description\" content=\"Ordl\u00f8se b\u00f8ker i Det flerspr\u00e5klige bibliotek. Dette er bildeb\u00f8ker med f\u00e5 eller ingen ord, der illustrasjonene er meningsb\u00e6rende.\" \/>\n<meta name=\"robots\" content=\"index, follow, max-snippet:-1, max-image-preview:large, max-video-preview:-1\" \/>\n<link rel=\"canonical\" href=\"https:\/\/bibliotekutvikling.no\/dfb\/vare-tilbud\/ordlose-boker\/\" \/>\n<meta property=\"og:locale\" content=\"nb_NO\" \/>\n<meta property=\"og:type\" content=\"article\" \/>\n<meta property=\"og:title\" content=\"Ordl\u00f8se b\u00f8ker\" \/>\n<meta property=\"og:description\" content=\"Ordl\u00f8se b\u00f8ker i Det flerspr\u00e5klige bibliotek. Dette er bildeb\u00f8ker med f\u00e5 eller ingen ord, der illustrasjonene er meningsb\u00e6rende.\" \/>\n<meta property=\"og:url\" content=\"https:\/\/bibliotekutvikling.no\/dfb\/vare-tilbud\/ordlose-boker\/\" \/>\n<meta property=\"og:site_name\" content=\"Det flerspr\u00e5klige bibliotek\" \/>\n<meta property=\"article:publisher\" content=\"https:\/\/www.facebook.com\/profile.php?id=100066429046602\" \/>\n<meta property=\"article:modified_time\" content=\"2026-03-27T09:14:29+00:00\" \/>\n<meta property=\"og:image\" content=\"https:\/\/bibliotekutvikling.no\/content\/uploads\/sites\/17\/2025\/07\/ordlos-bilde1-scaled.jpg\" \/>\n\t<meta property=\"og:image:width\" content=\"2560\" \/>\n\t<meta property=\"og:image:height\" content=\"1920\" \/>\n\t<meta property=\"og:image:type\" content=\"image\/jpeg\" \/>\n<meta name=\"twitter:card\" content=\"summary_large_image\" \/>\n<meta name=\"twitter:label1\" content=\"Ansl. lesetid\" \/>\n\t<meta name=\"twitter:data1\" content=\"2 minutter\" \/>\n<script type=\"application\/ld+json\" class=\"yoast-schema-graph\">{\"@context\":\"https:\/\/schema.org\",\"@graph\":[{\"@type\":\"WebPage\",\"@id\":\"https:\/\/bibliotekutvikling.no\/dfb\/vare-tilbud\/ordlose-boker\/\",\"url\":\"https:\/\/bibliotekutvikling.no\/dfb\/vare-tilbud\/ordlose-boker\/\",\"name\":\"Ordl\u00f8se b\u00f8ker - Det flerspr\u00e5klige bibliotek\",\"isPartOf\":{\"@id\":\"https:\/\/bibliotekutvikling.no\/dfb\/#website\"},\"primaryImageOfPage\":{\"@id\":\"https:\/\/bibliotekutvikling.no\/dfb\/vare-tilbud\/ordlose-boker\/#primaryimage\"},\"image\":{\"@id\":\"https:\/\/bibliotekutvikling.no\/dfb\/vare-tilbud\/ordlose-boker\/#primaryimage\"},\"thumbnailUrl\":\"https:\/\/bibliotekutvikling.no\/content\/uploads\/sites\/17\/2025\/07\/ordlos-bilde1-scaled.jpg\",\"datePublished\":\"2025-07-01T12:15:21+00:00\",\"dateModified\":\"2026-03-27T09:14:29+00:00\",\"description\":\"Ordl\u00f8se b\u00f8ker i Det flerspr\u00e5klige bibliotek. Dette er bildeb\u00f8ker med f\u00e5 eller ingen ord, der illustrasjonene er meningsb\u00e6rende.\",\"breadcrumb\":{\"@id\":\"https:\/\/bibliotekutvikling.no\/dfb\/vare-tilbud\/ordlose-boker\/#breadcrumb\"},\"inLanguage\":\"nb-NO\",\"potentialAction\":[{\"@type\":\"ReadAction\",\"target\":[\"https:\/\/bibliotekutvikling.no\/dfb\/vare-tilbud\/ordlose-boker\/\"]}]},{\"@type\":\"ImageObject\",\"inLanguage\":\"nb-NO\",\"@id\":\"https:\/\/bibliotekutvikling.no\/dfb\/vare-tilbud\/ordlose-boker\/#primaryimage\",\"url\":\"https:\/\/bibliotekutvikling.no\/content\/uploads\/sites\/17\/2025\/07\/ordlos-bilde1-scaled.jpg\",\"contentUrl\":\"https:\/\/bibliotekutvikling.no\/content\/uploads\/sites\/17\/2025\/07\/ordlos-bilde1-scaled.jpg\",\"width\":2560,\"height\":1920},{\"@type\":\"BreadcrumbList\",\"@id\":\"https:\/\/bibliotekutvikling.no\/dfb\/vare-tilbud\/ordlose-boker\/#breadcrumb\",\"itemListElement\":[{\"@type\":\"ListItem\",\"position\":1,\"name\":\"Hjem\",\"item\":\"https:\/\/bibliotekutvikling.no\/dfb\/\"},{\"@type\":\"ListItem\",\"position\":2,\"name\":\"Tilbud\",\"item\":\"https:\/\/bibliotekutvikling.no\/dfb\/vare-tilbud\/\"},{\"@type\":\"ListItem\",\"position\":3,\"name\":\"Ordl\u00f8se b\u00f8ker\"}]},{\"@type\":\"WebSite\",\"@id\":\"https:\/\/bibliotekutvikling.no\/dfb\/#website\",\"url\":\"https:\/\/bibliotekutvikling.no\/dfb\/\",\"name\":\"Det flerspr\u00e5klige bibliotek\",\"description\":\"\",\"publisher\":{\"@id\":\"https:\/\/bibliotekutvikling.no\/dfb\/#organization\"},\"potentialAction\":[{\"@type\":\"SearchAction\",\"target\":{\"@type\":\"EntryPoint\",\"urlTemplate\":\"https:\/\/bibliotekutvikling.no\/dfb\/?s={search_term_string}\"},\"query-input\":{\"@type\":\"PropertyValueSpecification\",\"valueRequired\":true,\"valueName\":\"search_term_string\"}}],\"inLanguage\":\"nb-NO\"},{\"@type\":\"Organization\",\"@id\":\"https:\/\/bibliotekutvikling.no\/dfb\/#organization\",\"name\":\"Det flerspr\u00e5klige bibliotek\",\"url\":\"https:\/\/bibliotekutvikling.no\/dfb\/\",\"logo\":{\"@type\":\"ImageObject\",\"inLanguage\":\"nb-NO\",\"@id\":\"https:\/\/bibliotekutvikling.no\/dfb\/#\/schema\/logo\/image\/\",\"url\":\"https:\/\/bibliotekutvikling.no\/content\/uploads\/sites\/17\/2022\/09\/dfb.svg\",\"contentUrl\":\"https:\/\/bibliotekutvikling.no\/content\/uploads\/sites\/17\/2022\/09\/dfb.svg\",\"width\":143,\"height\":65,\"caption\":\"Det flerspr\u00e5klige bibliotek\"},\"image\":{\"@id\":\"https:\/\/bibliotekutvikling.no\/dfb\/#\/schema\/logo\/image\/\"},\"sameAs\":[\"https:\/\/www.facebook.com\/profile.php?id=100066429046602\"]}]}<\/script>\n<!-- \/ Yoast SEO Premium plugin. -->","yoast_head_json":{"title":"Ordl\u00f8se b\u00f8ker - Det flerspr\u00e5klige bibliotek","description":"Ordl\u00f8se b\u00f8ker i Det flerspr\u00e5klige bibliotek. Dette er bildeb\u00f8ker med f\u00e5 eller ingen ord, der illustrasjonene er meningsb\u00e6rende.","robots":{"index":"index","follow":"follow","max-snippet":"max-snippet:-1","max-image-preview":"max-image-preview:large","max-video-preview":"max-video-preview:-1"},"canonical":"https:\/\/bibliotekutvikling.no\/dfb\/vare-tilbud\/ordlose-boker\/","og_locale":"nb_NO","og_type":"article","og_title":"Ordl\u00f8se b\u00f8ker","og_description":"Ordl\u00f8se b\u00f8ker i Det flerspr\u00e5klige bibliotek. Dette er bildeb\u00f8ker med f\u00e5 eller ingen ord, der illustrasjonene er meningsb\u00e6rende.","og_url":"https:\/\/bibliotekutvikling.no\/dfb\/vare-tilbud\/ordlose-boker\/","og_site_name":"Det flerspr\u00e5klige bibliotek","article_publisher":"https:\/\/www.facebook.com\/profile.php?id=100066429046602","article_modified_time":"2026-03-27T09:14:29+00:00","og_image":[{"width":2560,"height":1920,"url":"https:\/\/bibliotekutvikling.no\/content\/uploads\/sites\/17\/2025\/07\/ordlos-bilde1-scaled.jpg","type":"image\/jpeg"}],"twitter_card":"summary_large_image","twitter_misc":{"Ansl. lesetid":"2 minutter"},"schema":{"@context":"https:\/\/schema.org","@graph":[{"@type":"WebPage","@id":"https:\/\/bibliotekutvikling.no\/dfb\/vare-tilbud\/ordlose-boker\/","url":"https:\/\/bibliotekutvikling.no\/dfb\/vare-tilbud\/ordlose-boker\/","name":"Ordl\u00f8se b\u00f8ker - Det flerspr\u00e5klige bibliotek","isPartOf":{"@id":"https:\/\/bibliotekutvikling.no\/dfb\/#website"},"primaryImageOfPage":{"@id":"https:\/\/bibliotekutvikling.no\/dfb\/vare-tilbud\/ordlose-boker\/#primaryimage"},"image":{"@id":"https:\/\/bibliotekutvikling.no\/dfb\/vare-tilbud\/ordlose-boker\/#primaryimage"},"thumbnailUrl":"https:\/\/bibliotekutvikling.no\/content\/uploads\/sites\/17\/2025\/07\/ordlos-bilde1-scaled.jpg","datePublished":"2025-07-01T12:15:21+00:00","dateModified":"2026-03-27T09:14:29+00:00","description":"Ordl\u00f8se b\u00f8ker i Det flerspr\u00e5klige bibliotek. Dette er bildeb\u00f8ker med f\u00e5 eller ingen ord, der illustrasjonene er meningsb\u00e6rende.","breadcrumb":{"@id":"https:\/\/bibliotekutvikling.no\/dfb\/vare-tilbud\/ordlose-boker\/#breadcrumb"},"inLanguage":"nb-NO","potentialAction":[{"@type":"ReadAction","target":["https:\/\/bibliotekutvikling.no\/dfb\/vare-tilbud\/ordlose-boker\/"]}]},{"@type":"ImageObject","inLanguage":"nb-NO","@id":"https:\/\/bibliotekutvikling.no\/dfb\/vare-tilbud\/ordlose-boker\/#primaryimage","url":"https:\/\/bibliotekutvikling.no\/content\/uploads\/sites\/17\/2025\/07\/ordlos-bilde1-scaled.jpg","contentUrl":"https:\/\/bibliotekutvikling.no\/content\/uploads\/sites\/17\/2025\/07\/ordlos-bilde1-scaled.jpg","width":2560,"height":1920},{"@type":"BreadcrumbList","@id":"https:\/\/bibliotekutvikling.no\/dfb\/vare-tilbud\/ordlose-boker\/#breadcrumb","itemListElement":[{"@type":"ListItem","position":1,"name":"Hjem","item":"https:\/\/bibliotekutvikling.no\/dfb\/"},{"@type":"ListItem","position":2,"name":"Tilbud","item":"https:\/\/bibliotekutvikling.no\/dfb\/vare-tilbud\/"},{"@type":"ListItem","position":3,"name":"Ordl\u00f8se b\u00f8ker"}]},{"@type":"WebSite","@id":"https:\/\/bibliotekutvikling.no\/dfb\/#website","url":"https:\/\/bibliotekutvikling.no\/dfb\/","name":"Det flerspr\u00e5klige bibliotek","description":"","publisher":{"@id":"https:\/\/bibliotekutvikling.no\/dfb\/#organization"},"potentialAction":[{"@type":"SearchAction","target":{"@type":"EntryPoint","urlTemplate":"https:\/\/bibliotekutvikling.no\/dfb\/?s={search_term_string}"},"query-input":{"@type":"PropertyValueSpecification","valueRequired":true,"valueName":"search_term_string"}}],"inLanguage":"nb-NO"},{"@type":"Organization","@id":"https:\/\/bibliotekutvikling.no\/dfb\/#organization","name":"Det flerspr\u00e5klige bibliotek","url":"https:\/\/bibliotekutvikling.no\/dfb\/","logo":{"@type":"ImageObject","inLanguage":"nb-NO","@id":"https:\/\/bibliotekutvikling.no\/dfb\/#\/schema\/logo\/image\/","url":"https:\/\/bibliotekutvikling.no\/content\/uploads\/sites\/17\/2022\/09\/dfb.svg","contentUrl":"https:\/\/bibliotekutvikling.no\/content\/uploads\/sites\/17\/2022\/09\/dfb.svg","width":143,"height":65,"caption":"Det flerspr\u00e5klige bibliotek"},"image":{"@id":"https:\/\/bibliotekutvikling.no\/dfb\/#\/schema\/logo\/image\/"},"sameAs":["https:\/\/www.facebook.com\/profile.php?id=100066429046602"]}]}},"_links":{"self":[{"href":"https:\/\/bibliotekutvikling.no\/dfb\/wp-json\/wp\/v2\/pages\/4080","targetHints":{"allow":["GET"]}}],"collection":[{"href":"https:\/\/bibliotekutvikling.no\/dfb\/wp-json\/wp\/v2\/pages"}],"about":[{"href":"https:\/\/bibliotekutvikling.no\/dfb\/wp-json\/wp\/v2\/types\/page"}],"author":[{"embeddable":true,"href":"https:\/\/bibliotekutvikling.no\/dfb\/wp-json\/wp\/v2\/users\/6868"}],"replies":[{"embeddable":true,"href":"https:\/\/bibliotekutvikling.no\/dfb\/wp-json\/wp\/v2\/comments?post=4080"}],"version-history":[{"count":5,"href":"https:\/\/bibliotekutvikling.no\/dfb\/wp-json\/wp\/v2\/pages\/4080\/revisions"}],"predecessor-version":[{"id":5239,"href":"https:\/\/bibliotekutvikling.no\/dfb\/wp-json\/wp\/v2\/pages\/4080\/revisions\/5239"}],"up":[{"embeddable":true,"href":"https:\/\/bibliotekutvikling.no\/dfb\/wp-json\/wp\/v2\/pages\/252"}],"wp:featuredmedia":[{"embeddable":true,"href":"https:\/\/bibliotekutvikling.no\/dfb\/wp-json\/wp\/v2\/media\/4083"}],"wp:attachment":[{"href":"https:\/\/bibliotekutvikling.no\/dfb\/wp-json\/wp\/v2\/media?parent=4080"}],"curies":[{"name":"wp","href":"https:\/\/api.w.org\/{rel}","templated":true}]}}