{"id":41,"date":"2023-11-06T15:51:36","date_gmt":"2023-11-06T14:51:36","guid":{"rendered":"https:\/\/bibliotekutvikling.no\/depotbiblioteket\/?page_id=41"},"modified":"2025-10-09T11:55:09","modified_gmt":"2025-10-09T09:55:09","slug":"overforing-av-publikasjoner-til-depotbiblioteket","status":"publish","type":"page","link":"https:\/\/bibliotekutvikling.no\/depotbiblioteket\/depotbiblioteket\/overforing-av-publikasjoner-til-depotbiblioteket\/","title":{"rendered":"Overf\u00f8ring av publikasjoner til Depotbiblioteket"},"content":{"rendered":"\n<p>Bibliotek kan overf\u00f8re publikasjoner de ikke lenger \u00f8nsker \u00e5 ha i sine samlinger til Depotbiblioteket. P\u00e5 den m\u00e5ten kan materialet fortsatt v\u00e6re tilgjengelig for brukerne. Publikasjoner som sendes til oss m\u00e5 ha god utl\u00e5nskvalitet.<\/p>\n\n\n<div class=\"t2-infobox is-style-default wp-block-t2-infobox\">\n\t\t\t<div class=\"t2-infobox__icon\"><svg xmlns=\"http:\/\/www.w3.org\/2000\/svg\" viewBox=\"0 0 24 24\" height=\"24\" width=\"24\" class=\"t2-icon t2-icon-infooutline\" aria-hidden=\"true\" focusable=\"false\"><path d=\"M12 17c.3 0 .5-.1.7-.3s.3-.4.3-.7v-4c0-.3-.1-.5-.3-.7-.2-.2-.4-.3-.7-.3s-.5.1-.7.3c-.2.2-.3.4-.3.7v4c0 .3.1.5.3.7s.4.3.7.3zm0-8c.3 0 .5-.1.7-.3.2-.2.3-.4.3-.7 0-.3-.1-.5-.3-.7-.2-.2-.4-.3-.7-.3s-.5.1-.7.3c-.2.2-.3.4-.3.7 0 .3.1.5.3.7.2.2.4.3.7.3zm0 13c-1.4 0-2.7-.3-3.9-.8-1.2-.5-2.3-1.2-3.2-2.1s-1.6-2-2.1-3.2S2 13.4 2 12s.3-2.7.8-3.9S4 5.8 4.9 4.9s2-1.6 3.2-2.1S10.6 2 12 2s2.7.3 3.9.8 2.3 1.2 3.2 2.1 1.6 2 2.1 3.2c.5 1.2.8 2.5.8 3.9s-.3 2.7-.8 3.9c-.5 1.2-1.2 2.3-2.1 3.2s-2 1.6-3.2 2.1c-1.2.5-2.5.8-3.9.8zm0-2c2.2 0 4.1-.8 5.7-2.3 1.5-1.6 2.3-3.4 2.3-5.7s-.8-4.1-2.3-5.7C16.1 4.8 14.2 4 12 4s-4.1.8-5.7 2.3S4 9.8 4 12s.8 4.1 2.3 5.7C7.9 19.2 9.8 20 12 20z\" fill=\"currentColor\" \/><\/svg><\/div>\n\t\t\t<div class=\"t2-infobox__inner-container t2-infobox__content is-layout-flow\">\n\n<p>Depotbiblioteket har ikke kapasitet til \u00e5 ta imot store samlinger med utenlandske publikasjoner. Dette gjelder b\u00e5de monografier og tidsskrift. For mindre, unike samlinger eller utenlandske klassesett: <a href=\"mailto:depot-mottak@nb.no\">ta kontakt <\/a>.<\/p>\n\n<\/div>\n\t\t<\/div>\n\n\n<h2 class=\"wp-block-heading\">Overf\u00f8ring av monografier<\/h2>\n\n\n\n<ul class=\"wp-block-list\">\n<li>Bibliofil-bibliotek kan sjekke om Depotbiblioteket allerede har publikasjonene ved \u00e5 skanne strekkoden i \u00abSjekk Depotbiblioteket\u00bb i Bibliofil.<\/li>\n\n\n\n<li>Alma-bibliotek kan sjekke ved \u00e5 skanne strekkoden i Cloud-appen Ja takk<\/li>\n\n\n\n<li>Andre bibliotek kan sjekke ISBN- nummeret i <a href=\"https:\/\/www.nb.no\/jatakk\">tjenesten \u00abJa takk\u00bb.<\/a><\/li>\n<\/ul>\n\n\n\n<p>For Alma-bibliotek: Hvis det er siste eksemplar i Alma som skal sendes: Ta utskrift av posten og legg i boka f\u00f8r posten slettes.<a href=\"https:\/\/dok.unit.no\/alma\/alma\/resource_management\/trinn_for_trinn_veiledninger\/flytting_av_dokumenter_til_depotbiblioteket\" target=\"_blank\" rel=\"noreferrer noopener\">&nbsp;Les mer i Alma om sletting av siste post<\/a><\/p>\n\n\n\n<p><strong>&nbsp;<a href=\"mailto:depot-mottak@nb.no\">Kontakt oss pr e-post&nbsp;i god tid f\u00f8r samlinger sendes<\/a>&nbsp;<\/strong><\/p>\n\n\n\n<h2 class=\"wp-block-heading\" id=\"h-overforing-av-tidsskrifter\">Overf\u00f8ring av tidsskrifter<\/h2>\n\n\n\n<p>Vi har egne rutiner ved overf\u00f8ring av store tidsskriftmengder (over en pall, dvs 20 standard 7-esker).&nbsp;<a href=\"mailto:depot-mottak@nb.no\">Ta kontakt for mer informasjon om disse<\/a>.<\/p>\n\n\n\n<p>For overf\u00f8ring av mindre samlinger: sjekk v\u00e5r beholdning i bibliofil p\u00e5 <a href=\"http:\/\/depotbiblioteket.no\">depotbiblioteket.no<\/a>. Vi tar inn kun ett eksemplar av tidsskrift. Dette gjelder b\u00e5de norske og utenlandske periodika.<\/p>\n\n\n\n<h2 class=\"wp-block-heading\" id=\"h-overforing-av-film-musikk-og-lydboker\">Overf\u00f8ring av film, musikk og lydb\u00f8ker<\/h2>\n\n\n\n<p>Vi tar imot lydb\u00f8ker p\u00e5 CD (b\u00e5de norske og utenlandske).<br>Vi tar imot filmer p\u00e5 DVD (b\u00e5de norske og utenlandske).<br>Vi tar imot norsk musikk p\u00e5 CD.<\/p>\n\n\n\n<p>For andre formater:&nbsp;<a href=\"mailto:depot-mottak@nb.no\">ta kontakt<\/a><\/p>\n\n\n\n<h2 class=\"wp-block-heading\">Praktisk informasjon<\/h2>\n\n\n\n<p><a href=\"https:\/\/bibliotekutvikling.no\/depotbiblioteket\/depotbiblioteket\/pakking-av-publikasjoner-til-depotbiblioteket\/\">Les mer om hvordan b\u00f8kene skal pakkes <\/a>  <\/p>\n","protected":false},"excerpt":{"rendered":"","protected":false},"author":6868,"featured_media":74,"parent":5,"menu_order":0,"comment_status":"closed","ping_status":"closed","template":"","meta":{"_relevanssi_hide_post":"","_relevanssi_hide_content":"","_relevanssi_pin_for_all":"","_relevanssi_pin_keywords":"","_relevanssi_unpin_keywords":"","_relevanssi_related_keywords":"","_relevanssi_related_include_ids":"","_relevanssi_related_exclude_ids":"","_relevanssi_related_no_append":"","_relevanssi_related_not_related":"","_relevanssi_related_posts":"2","_relevanssi_noindex_reason":"","nb_hide_title":false,"sub_navigation_option":"","sub_navigation_custom_items":[],"footnotes":""},"class_list":["post-41","page","type-page","status-publish","has-post-thumbnail","hentry"],"yoast_head":"<!-- This site is optimized with the Yoast SEO plugin v27.1.1 - https:\/\/yoast.com\/product\/yoast-seo-wordpress\/ -->\n<title>Overf\u00f8ring av publikasjoner til Depotbiblioteket - Depotbiblioteket<\/title>\n<meta name=\"description\" content=\"Depotbiblioteket tar i mot publikasjoner fra bibliotek, s\u00e5 sant de ikke allerede er i samlingen. B\u00e5de b\u00f8ker, tidsskrifter og andre formater\" \/>\n<meta name=\"robots\" content=\"index, follow, max-snippet:-1, max-image-preview:large, max-video-preview:-1\" \/>\n<link rel=\"canonical\" href=\"https:\/\/bibliotekutvikling.no\/depotbiblioteket\/depotbiblioteket\/overforing-av-publikasjoner-til-depotbiblioteket\/\" \/>\n<meta property=\"og:locale\" content=\"nb_NO\" \/>\n<meta property=\"og:type\" content=\"article\" \/>\n<meta property=\"og:title\" content=\"Overf\u00f8ring av publikasjoner til Depotbiblioteket - Depotbiblioteket\" \/>\n<meta property=\"og:description\" content=\"Depotbiblioteket tar i mot publikasjoner fra bibliotek, s\u00e5 sant de ikke allerede er i samlingen. B\u00e5de b\u00f8ker, tidsskrifter og andre formater\" \/>\n<meta property=\"og:url\" content=\"https:\/\/bibliotekutvikling.no\/depotbiblioteket\/depotbiblioteket\/overforing-av-publikasjoner-til-depotbiblioteket\/\" \/>\n<meta property=\"og:site_name\" content=\"Depotbiblioteket\" \/>\n<meta property=\"article:modified_time\" content=\"2025-10-09T09:55:09+00:00\" \/>\n<meta property=\"og:image\" content=\"https:\/\/bibliotekutvikling.no\/content\/uploads\/sites\/29\/2023\/11\/plukksenterert-foto-NB-1.jpg\" \/>\n\t<meta property=\"og:image:width\" content=\"800\" \/>\n\t<meta property=\"og:image:height\" content=\"534\" \/>\n\t<meta property=\"og:image:type\" content=\"image\/jpeg\" \/>\n<meta name=\"twitter:card\" content=\"summary_large_image\" \/>\n<meta name=\"twitter:label1\" content=\"Ansl. lesetid\" \/>\n\t<meta name=\"twitter:data1\" content=\"2 minutter\" \/>\n<script type=\"application\/ld+json\" class=\"yoast-schema-graph\">{\"@context\":\"https:\/\/schema.org\",\"@graph\":[{\"@type\":\"WebPage\",\"@id\":\"https:\/\/bibliotekutvikling.no\/depotbiblioteket\/depotbiblioteket\/overforing-av-publikasjoner-til-depotbiblioteket\/\",\"url\":\"https:\/\/bibliotekutvikling.no\/depotbiblioteket\/depotbiblioteket\/overforing-av-publikasjoner-til-depotbiblioteket\/\",\"name\":\"Overf\u00f8ring av publikasjoner til Depotbiblioteket - Depotbiblioteket\",\"isPartOf\":{\"@id\":\"https:\/\/bibliotekutvikling.no\/depotbiblioteket\/#website\"},\"primaryImageOfPage\":{\"@id\":\"https:\/\/bibliotekutvikling.no\/depotbiblioteket\/depotbiblioteket\/overforing-av-publikasjoner-til-depotbiblioteket\/#primaryimage\"},\"image\":{\"@id\":\"https:\/\/bibliotekutvikling.no\/depotbiblioteket\/depotbiblioteket\/overforing-av-publikasjoner-til-depotbiblioteket\/#primaryimage\"},\"thumbnailUrl\":\"https:\/\/bibliotekutvikling.no\/content\/uploads\/sites\/29\/2023\/11\/plukksenterert-foto-NB-1.jpg\",\"datePublished\":\"2023-11-06T14:51:36+00:00\",\"dateModified\":\"2025-10-09T09:55:09+00:00\",\"description\":\"Depotbiblioteket tar i mot publikasjoner fra bibliotek, s\u00e5 sant de ikke allerede er i samlingen. B\u00e5de b\u00f8ker, tidsskrifter og andre formater\",\"breadcrumb\":{\"@id\":\"https:\/\/bibliotekutvikling.no\/depotbiblioteket\/depotbiblioteket\/overforing-av-publikasjoner-til-depotbiblioteket\/#breadcrumb\"},\"inLanguage\":\"nb-NO\",\"potentialAction\":[{\"@type\":\"ReadAction\",\"target\":[\"https:\/\/bibliotekutvikling.no\/depotbiblioteket\/depotbiblioteket\/overforing-av-publikasjoner-til-depotbiblioteket\/\"]}]},{\"@type\":\"ImageObject\",\"inLanguage\":\"nb-NO\",\"@id\":\"https:\/\/bibliotekutvikling.no\/depotbiblioteket\/depotbiblioteket\/overforing-av-publikasjoner-til-depotbiblioteket\/#primaryimage\",\"url\":\"https:\/\/bibliotekutvikling.no\/content\/uploads\/sites\/29\/2023\/11\/plukksenterert-foto-NB-1.jpg\",\"contentUrl\":\"https:\/\/bibliotekutvikling.no\/content\/uploads\/sites\/29\/2023\/11\/plukksenterert-foto-NB-1.jpg\",\"width\":800,\"height\":534,\"caption\":\"Metallkasser, kvinne registrerer\"},{\"@type\":\"BreadcrumbList\",\"@id\":\"https:\/\/bibliotekutvikling.no\/depotbiblioteket\/depotbiblioteket\/overforing-av-publikasjoner-til-depotbiblioteket\/#breadcrumb\",\"itemListElement\":[{\"@type\":\"ListItem\",\"position\":1,\"name\":\"Hjem\",\"item\":\"https:\/\/bibliotekutvikling.no\/depotbiblioteket\/\"},{\"@type\":\"ListItem\",\"position\":2,\"name\":\"Depotbiblioteket\",\"item\":\"https:\/\/bibliotekutvikling.no\/depotbiblioteket\/\"},{\"@type\":\"ListItem\",\"position\":3,\"name\":\"Overf\u00f8ring av publikasjoner til Depotbiblioteket\"}]},{\"@type\":\"WebSite\",\"@id\":\"https:\/\/bibliotekutvikling.no\/depotbiblioteket\/#website\",\"url\":\"https:\/\/bibliotekutvikling.no\/depotbiblioteket\/\",\"name\":\"Depotbiblioteket\",\"description\":\"\",\"potentialAction\":[{\"@type\":\"SearchAction\",\"target\":{\"@type\":\"EntryPoint\",\"urlTemplate\":\"https:\/\/bibliotekutvikling.no\/depotbiblioteket\/?s={search_term_string}\"},\"query-input\":{\"@type\":\"PropertyValueSpecification\",\"valueRequired\":true,\"valueName\":\"search_term_string\"}}],\"inLanguage\":\"nb-NO\"}]}<\/script>\n<!-- \/ Yoast SEO plugin. -->","yoast_head_json":{"title":"Overf\u00f8ring av publikasjoner til Depotbiblioteket - Depotbiblioteket","description":"Depotbiblioteket tar i mot publikasjoner fra bibliotek, s\u00e5 sant de ikke allerede er i samlingen. B\u00e5de b\u00f8ker, tidsskrifter og andre formater","robots":{"index":"index","follow":"follow","max-snippet":"max-snippet:-1","max-image-preview":"max-image-preview:large","max-video-preview":"max-video-preview:-1"},"canonical":"https:\/\/bibliotekutvikling.no\/depotbiblioteket\/depotbiblioteket\/overforing-av-publikasjoner-til-depotbiblioteket\/","og_locale":"nb_NO","og_type":"article","og_title":"Overf\u00f8ring av publikasjoner til Depotbiblioteket - Depotbiblioteket","og_description":"Depotbiblioteket tar i mot publikasjoner fra bibliotek, s\u00e5 sant de ikke allerede er i samlingen. B\u00e5de b\u00f8ker, tidsskrifter og andre formater","og_url":"https:\/\/bibliotekutvikling.no\/depotbiblioteket\/depotbiblioteket\/overforing-av-publikasjoner-til-depotbiblioteket\/","og_site_name":"Depotbiblioteket","article_modified_time":"2025-10-09T09:55:09+00:00","og_image":[{"width":800,"height":534,"url":"https:\/\/bibliotekutvikling.no\/content\/uploads\/sites\/29\/2023\/11\/plukksenterert-foto-NB-1.jpg","type":"image\/jpeg"}],"twitter_card":"summary_large_image","twitter_misc":{"Ansl. lesetid":"2 minutter"},"schema":{"@context":"https:\/\/schema.org","@graph":[{"@type":"WebPage","@id":"https:\/\/bibliotekutvikling.no\/depotbiblioteket\/depotbiblioteket\/overforing-av-publikasjoner-til-depotbiblioteket\/","url":"https:\/\/bibliotekutvikling.no\/depotbiblioteket\/depotbiblioteket\/overforing-av-publikasjoner-til-depotbiblioteket\/","name":"Overf\u00f8ring av publikasjoner til Depotbiblioteket - Depotbiblioteket","isPartOf":{"@id":"https:\/\/bibliotekutvikling.no\/depotbiblioteket\/#website"},"primaryImageOfPage":{"@id":"https:\/\/bibliotekutvikling.no\/depotbiblioteket\/depotbiblioteket\/overforing-av-publikasjoner-til-depotbiblioteket\/#primaryimage"},"image":{"@id":"https:\/\/bibliotekutvikling.no\/depotbiblioteket\/depotbiblioteket\/overforing-av-publikasjoner-til-depotbiblioteket\/#primaryimage"},"thumbnailUrl":"https:\/\/bibliotekutvikling.no\/content\/uploads\/sites\/29\/2023\/11\/plukksenterert-foto-NB-1.jpg","datePublished":"2023-11-06T14:51:36+00:00","dateModified":"2025-10-09T09:55:09+00:00","description":"Depotbiblioteket tar i mot publikasjoner fra bibliotek, s\u00e5 sant de ikke allerede er i samlingen. B\u00e5de b\u00f8ker, tidsskrifter og andre formater","breadcrumb":{"@id":"https:\/\/bibliotekutvikling.no\/depotbiblioteket\/depotbiblioteket\/overforing-av-publikasjoner-til-depotbiblioteket\/#breadcrumb"},"inLanguage":"nb-NO","potentialAction":[{"@type":"ReadAction","target":["https:\/\/bibliotekutvikling.no\/depotbiblioteket\/depotbiblioteket\/overforing-av-publikasjoner-til-depotbiblioteket\/"]}]},{"@type":"ImageObject","inLanguage":"nb-NO","@id":"https:\/\/bibliotekutvikling.no\/depotbiblioteket\/depotbiblioteket\/overforing-av-publikasjoner-til-depotbiblioteket\/#primaryimage","url":"https:\/\/bibliotekutvikling.no\/content\/uploads\/sites\/29\/2023\/11\/plukksenterert-foto-NB-1.jpg","contentUrl":"https:\/\/bibliotekutvikling.no\/content\/uploads\/sites\/29\/2023\/11\/plukksenterert-foto-NB-1.jpg","width":800,"height":534,"caption":"Metallkasser, kvinne registrerer"},{"@type":"BreadcrumbList","@id":"https:\/\/bibliotekutvikling.no\/depotbiblioteket\/depotbiblioteket\/overforing-av-publikasjoner-til-depotbiblioteket\/#breadcrumb","itemListElement":[{"@type":"ListItem","position":1,"name":"Hjem","item":"https:\/\/bibliotekutvikling.no\/depotbiblioteket\/"},{"@type":"ListItem","position":2,"name":"Depotbiblioteket","item":"https:\/\/bibliotekutvikling.no\/depotbiblioteket\/"},{"@type":"ListItem","position":3,"name":"Overf\u00f8ring av publikasjoner til Depotbiblioteket"}]},{"@type":"WebSite","@id":"https:\/\/bibliotekutvikling.no\/depotbiblioteket\/#website","url":"https:\/\/bibliotekutvikling.no\/depotbiblioteket\/","name":"Depotbiblioteket","description":"","potentialAction":[{"@type":"SearchAction","target":{"@type":"EntryPoint","urlTemplate":"https:\/\/bibliotekutvikling.no\/depotbiblioteket\/?s={search_term_string}"},"query-input":{"@type":"PropertyValueSpecification","valueRequired":true,"valueName":"search_term_string"}}],"inLanguage":"nb-NO"}]}},"_links":{"self":[{"href":"https:\/\/bibliotekutvikling.no\/depotbiblioteket\/wp-json\/wp\/v2\/pages\/41","targetHints":{"allow":["GET"]}}],"collection":[{"href":"https:\/\/bibliotekutvikling.no\/depotbiblioteket\/wp-json\/wp\/v2\/pages"}],"about":[{"href":"https:\/\/bibliotekutvikling.no\/depotbiblioteket\/wp-json\/wp\/v2\/types\/page"}],"author":[{"embeddable":true,"href":"https:\/\/bibliotekutvikling.no\/depotbiblioteket\/wp-json\/wp\/v2\/users\/6868"}],"replies":[{"embeddable":true,"href":"https:\/\/bibliotekutvikling.no\/depotbiblioteket\/wp-json\/wp\/v2\/comments?post=41"}],"version-history":[{"count":4,"href":"https:\/\/bibliotekutvikling.no\/depotbiblioteket\/wp-json\/wp\/v2\/pages\/41\/revisions"}],"predecessor-version":[{"id":349,"href":"https:\/\/bibliotekutvikling.no\/depotbiblioteket\/wp-json\/wp\/v2\/pages\/41\/revisions\/349"}],"up":[{"embeddable":true,"href":"https:\/\/bibliotekutvikling.no\/depotbiblioteket\/wp-json\/wp\/v2\/pages\/5"}],"wp:featuredmedia":[{"embeddable":true,"href":"https:\/\/bibliotekutvikling.no\/depotbiblioteket\/wp-json\/wp\/v2\/media\/74"}],"wp:attachment":[{"href":"https:\/\/bibliotekutvikling.no\/depotbiblioteket\/wp-json\/wp\/v2\/media?parent=41"}],"curies":[{"name":"wp","href":"https:\/\/api.w.org\/{rel}","templated":true}]}}