{"id":259,"date":"2025-09-02T13:52:04","date_gmt":"2025-09-02T11:52:04","guid":{"rendered":"https:\/\/bibliotekutvikling.no\/depotbiblioteket\/?page_id=259"},"modified":"2025-12-16T14:43:41","modified_gmt":"2025-12-16T13:43:41","slug":"klassesett","status":"publish","type":"page","link":"https:\/\/bibliotekutvikling.no\/depotbiblioteket\/depotbiblioteket\/klassesett\/","title":{"rendered":"Klassesett"},"content":{"rendered":"<p class=\"t2-ingress wp-block-t2-ingress\">Depotbiblioteket l\u00e5ner ut klassesett til bibliotek<\/p>\n\n\n<h2 class=\"wp-block-heading\">Samlingen<\/h2>\n\n\n\n<p>Vi har en stor klassesett-samling som best\u00e5r av overf\u00f8rte titler og gaver fra andre bibliotek.<\/p>\n\n\n\n<p> Vi tilbyr klassesett p\u00e5 bokm\u00e5l, nynorsk og engelsk. Klassesettene varierer i st\u00f8rrelse, fra de minste med 3 eksemplarer til de st\u00f8rste med over 80 eksemplarer. V\u00e5r samling inneholder mer enn 7750 eksemplarer fordelt p\u00e5 over 300 ulike titler, og vokser stadig. Vi har ogs\u00e5 ulike utgaver av samme tittel, og resten av samlingen v\u00e5r kan brukes for \u00e5 sette sammen et unikt klassesett! <\/p>\n\n\n\n<h2 class=\"wp-block-heading\">Fremgangsm\u00e5te\u202f<\/h2>\n\n\n\n<ul class=\"wp-block-list\">\n<li>S\u00f8k opp klassesett i katalogen enten p\u00e5 tittel eller ved \u00e5 bruke s\u00f8keordet \u2018klassesett\u2019.<\/li>\n\n\n\n<li>Postene vil vise hvor mange eksemplarer som finnes i katalogen, samt antall ledige eksemplarer.<\/li>\n\n\n\n<li>Ved bestilling fyll ut felt for biblioteknummer, l\u00e5ner og \u00f8nsket antall b\u00f8ker.<\/li>\n<\/ul>\n\n\n\n<div class=\"wp-block-buttons is-layout-flex wp-block-buttons-is-layout-flex\">\n<div class=\"wp-block-button is-style-fill has-icon has-icon-arrow_forward\"><a class=\"wp-block-button__link wp-element-button\" href=\"https:\/\/depotbiblioteket.no\/cgi-bin\/m2?ccl=klassesett%2Fks&amp;mode=vt&amp;vissletta=0&amp;visbestillinger=1&amp;nyttsok=1\" target=\"_blank\" rel=\"noreferrer noopener\">Her kan du s\u00f8ke i samlingen v\u00e5r og bestille klassesett<svg xmlns=\"http:\/\/www.w3.org\/2000\/svg\" viewBox=\"0 0 24 24\" height=\"24\" width=\"24\" class=\"t2-icon t2-icon-arrow_forward\" aria-hidden=\"true\" focusable=\"false\"><path d=\"M5 13h11.17l-4.88 4.88c-.39.39-.39 1.03 0 1.42.39.39 1.02.39 1.41 0l6.59-6.59c.39-.39.39-1.02 0-1.41l-6.58-6.6c-.39-.39-1.02-.39-1.41 0-.39.39-.39 1.02 0 1.41L16.17 11H5c-.55 0-1 .45-1 1s.45 1 1 1z\" fill=\"currentColor\" \/><\/svg><\/a><\/div>\n<\/div>\n\n\n\n<p>Klassesettene fungerer som et vanlig fjernl\u00e5n med 8 ukers l\u00e5netid og mulighet til fornying ved behov. Fornying gj\u00f8res p\u00e5 depotbiblioteket.no.<\/p>\n\n\n\n<p>Det vil ikke v\u00e6re mulig \u00e5 reservere klassesett som allerede er utl\u00e5nt.<\/p>\n\n\n\n<p>Ved sp\u00f8rsm\u00e5l om klassesett,<a href=\"mailto:depotbiblioteket@nb.no\"> ta kontakt med Depotbiblioteket <\/a><\/p>\n\n\n\n<h2 class=\"wp-block-heading\">\u00d8nsker du \u00e5 overf\u00f8re klassesett til oss?<\/h2>\n\n\n\n<p>Vi tar imot aktuelle titler p\u00e5 ulike spr\u00e5k. Eksemplarene m\u00e5 v\u00e6re i god stand og v\u00e6re i utl\u00e5nskvalitet. Vi tar ogs\u00e5 imot titler vi har fra f\u00f8r. <\/p>\n\n\n\n<p><a href=\"mailto:depot-mottak@nb.no\">Send oss en e-post i forkant: depot-mottak@nb.no<\/a><\/p>\n\n\n<ul class=\"t2-link-list has-1-items has-auto-columns wp-block-t2-link-list\">\n\t<li class=\"t2-link-list-item wp-block-t2-link-list-item\">\n\t\t<a\n\t\t\thref=\"https:\/\/bibliotekutvikling.no\/depotbiblioteket\/depotbiblioteket\/pakking-av-publikasjoner-til-depotbiblioteket\/\"\n\t\t\tclass=\"t2-link-list-item__link t2-link-list__icon--right\"\n\t\t\trel=\"noreferrer noopener\" target=\"_blank\"\t\t>\n\t\t\t<span class=\"t2-link-list-item__icon\"><span class=\"t2-link-list-item__icon-box\"><\/span><svg xmlns=\"http:\/\/www.w3.org\/2000\/svg\" viewBox=\"0 0 24 24\" height=\"24\" width=\"24\" class=\"t2-icon t2-icon-linkexternal\" aria-hidden=\"true\" focusable=\"false\"><path d=\"M5 21c-.5 0-1-.2-1.4-.6S3 19.6 3 19V5c0-.6.2-1 .6-1.4S4.5 3 5 3h6c.3 0 .5.1.7.3.2.2.3.4.3.7 0 .3-.1.5-.3.7-.2.2-.4.3-.7.3H5v14h14v-6c0-.3.1-.5.3-.7.2-.2.4-.3.7-.3s.5.1.7.3c.2.2.3.4.3.7v6c0 .6-.2 1-.6 1.4s-.8.6-1.4.6H5zm4-6c-.2-.2-.3-.4-.3-.7s.1-.5.3-.7L17.6 5H15c-.3 0-.5-.1-.7-.3-.2-.2-.3-.4-.3-.7 0-.3.1-.5.3-.7.2-.2.4-.3.7-.3h5c.3 0 .5.1.7.3.2.2.3.4.3.7v5c0 .3-.1.5-.3.7-.2.2-.4.3-.7.3s-.5-.1-.7-.3c-.2-.2-.3-.4-.3-.7V6.4L10.4 15c-.2.2-.4.3-.7.3s-.5-.1-.7-.3z\" fill=\"currentColor\" \/><\/svg><\/span>\t\t\t<div class=\"t2-link-list-item__content\">\n\n\t\t\t\t\n\t\t\t\t<span id=\"link-list-item-text\" class=\"t2-link-list-item__text\">\n\t\t\t\t\tHer kan du lese mer om hvordan sendingen skal pakkes\t\t\t\t<\/span>\n\t\t\t\t\t\t\t<\/div>\n\t\t<\/a>\n\t<\/li>\n\t\n<\/ul>\n\n\n<p><\/p>\n","protected":false},"excerpt":{"rendered":"","protected":false},"author":6868,"featured_media":68,"parent":5,"menu_order":0,"comment_status":"closed","ping_status":"closed","template":"","meta":{"_relevanssi_hide_post":"","_relevanssi_hide_content":"","_relevanssi_pin_for_all":"","_relevanssi_pin_keywords":"","_relevanssi_unpin_keywords":"","_relevanssi_related_keywords":"","_relevanssi_related_include_ids":"","_relevanssi_related_exclude_ids":"","_relevanssi_related_no_append":"","_relevanssi_related_not_related":"","_relevanssi_related_posts":"2","_relevanssi_noindex_reason":"","nb_hide_title":true,"sub_navigation_option":"","sub_navigation_custom_items":[],"footnotes":""},"class_list":["post-259","page","type-page","status-publish","has-post-thumbnail","hentry"],"yoast_head":"<!-- This site is optimized with the Yoast SEO plugin v27.1.1 - https:\/\/yoast.com\/product\/yoast-seo-wordpress\/ -->\n<title>Klassesett - Depotbiblioteket<\/title>\n<meta name=\"description\" content=\"En egen samling av klassesett depotbiblioteket l\u00e5ner ut til bibliotekene.\" \/>\n<meta name=\"robots\" content=\"index, follow, max-snippet:-1, max-image-preview:large, max-video-preview:-1\" \/>\n<link rel=\"canonical\" href=\"https:\/\/bibliotekutvikling.no\/depotbiblioteket\/depotbiblioteket\/klassesett\/\" \/>\n<meta property=\"og:locale\" content=\"nb_NO\" \/>\n<meta property=\"og:type\" content=\"article\" \/>\n<meta property=\"og:title\" content=\"Klassesett - Depotbiblioteket\" \/>\n<meta property=\"og:description\" content=\"En egen samling av klassesett depotbiblioteket l\u00e5ner ut til bibliotekene.\" \/>\n<meta property=\"og:url\" content=\"https:\/\/bibliotekutvikling.no\/depotbiblioteket\/depotbiblioteket\/klassesett\/\" \/>\n<meta property=\"og:site_name\" content=\"Depotbiblioteket\" \/>\n<meta property=\"article:modified_time\" content=\"2025-12-16T13:43:41+00:00\" \/>\n<meta property=\"og:image\" content=\"https:\/\/bibliotekutvikling.no\/content\/uploads\/sites\/29\/2023\/11\/web_600_Automatlager_d.jpg\" \/>\n\t<meta property=\"og:image:width\" content=\"600\" \/>\n\t<meta property=\"og:image:height\" content=\"502\" \/>\n\t<meta property=\"og:image:type\" content=\"image\/jpeg\" \/>\n<meta name=\"twitter:card\" content=\"summary_large_image\" \/>\n<meta name=\"twitter:label1\" content=\"Ansl. lesetid\" \/>\n\t<meta name=\"twitter:data1\" content=\"2 minutter\" \/>\n<script type=\"application\/ld+json\" class=\"yoast-schema-graph\">{\"@context\":\"https:\/\/schema.org\",\"@graph\":[{\"@type\":\"WebPage\",\"@id\":\"https:\/\/bibliotekutvikling.no\/depotbiblioteket\/depotbiblioteket\/klassesett\/\",\"url\":\"https:\/\/bibliotekutvikling.no\/depotbiblioteket\/depotbiblioteket\/klassesett\/\",\"name\":\"Klassesett - Depotbiblioteket\",\"isPartOf\":{\"@id\":\"https:\/\/bibliotekutvikling.no\/depotbiblioteket\/#website\"},\"primaryImageOfPage\":{\"@id\":\"https:\/\/bibliotekutvikling.no\/depotbiblioteket\/depotbiblioteket\/klassesett\/#primaryimage\"},\"image\":{\"@id\":\"https:\/\/bibliotekutvikling.no\/depotbiblioteket\/depotbiblioteket\/klassesett\/#primaryimage\"},\"thumbnailUrl\":\"https:\/\/bibliotekutvikling.no\/content\/uploads\/sites\/29\/2023\/11\/web_600_Automatlager_d.jpg\",\"datePublished\":\"2025-09-02T11:52:04+00:00\",\"dateModified\":\"2025-12-16T13:43:41+00:00\",\"description\":\"En egen samling av klassesett depotbiblioteket l\u00e5ner ut til bibliotekene.\",\"breadcrumb\":{\"@id\":\"https:\/\/bibliotekutvikling.no\/depotbiblioteket\/depotbiblioteket\/klassesett\/#breadcrumb\"},\"inLanguage\":\"nb-NO\",\"potentialAction\":[{\"@type\":\"ReadAction\",\"target\":[\"https:\/\/bibliotekutvikling.no\/depotbiblioteket\/depotbiblioteket\/klassesett\/\"]}]},{\"@type\":\"ImageObject\",\"inLanguage\":\"nb-NO\",\"@id\":\"https:\/\/bibliotekutvikling.no\/depotbiblioteket\/depotbiblioteket\/klassesett\/#primaryimage\",\"url\":\"https:\/\/bibliotekutvikling.no\/content\/uploads\/sites\/29\/2023\/11\/web_600_Automatlager_d.jpg\",\"contentUrl\":\"https:\/\/bibliotekutvikling.no\/content\/uploads\/sites\/29\/2023\/11\/web_600_Automatlager_d.jpg\",\"width\":600,\"height\":502,\"caption\":\"Publikasjonene i lageret er kaoslagret, og det inneb\u00e6rer at publikasjonene ikke har fast plass i lageret. Kassene har heller ingen fast lokasjon.\"},{\"@type\":\"BreadcrumbList\",\"@id\":\"https:\/\/bibliotekutvikling.no\/depotbiblioteket\/depotbiblioteket\/klassesett\/#breadcrumb\",\"itemListElement\":[{\"@type\":\"ListItem\",\"position\":1,\"name\":\"Hjem\",\"item\":\"https:\/\/bibliotekutvikling.no\/depotbiblioteket\/\"},{\"@type\":\"ListItem\",\"position\":2,\"name\":\"Depotbiblioteket\",\"item\":\"https:\/\/bibliotekutvikling.no\/depotbiblioteket\/\"},{\"@type\":\"ListItem\",\"position\":3,\"name\":\"Klassesett\"}]},{\"@type\":\"WebSite\",\"@id\":\"https:\/\/bibliotekutvikling.no\/depotbiblioteket\/#website\",\"url\":\"https:\/\/bibliotekutvikling.no\/depotbiblioteket\/\",\"name\":\"Depotbiblioteket\",\"description\":\"\",\"potentialAction\":[{\"@type\":\"SearchAction\",\"target\":{\"@type\":\"EntryPoint\",\"urlTemplate\":\"https:\/\/bibliotekutvikling.no\/depotbiblioteket\/?s={search_term_string}\"},\"query-input\":{\"@type\":\"PropertyValueSpecification\",\"valueRequired\":true,\"valueName\":\"search_term_string\"}}],\"inLanguage\":\"nb-NO\"}]}<\/script>\n<!-- \/ Yoast SEO plugin. -->","yoast_head_json":{"title":"Klassesett - Depotbiblioteket","description":"En egen samling av klassesett depotbiblioteket l\u00e5ner ut til bibliotekene.","robots":{"index":"index","follow":"follow","max-snippet":"max-snippet:-1","max-image-preview":"max-image-preview:large","max-video-preview":"max-video-preview:-1"},"canonical":"https:\/\/bibliotekutvikling.no\/depotbiblioteket\/depotbiblioteket\/klassesett\/","og_locale":"nb_NO","og_type":"article","og_title":"Klassesett - Depotbiblioteket","og_description":"En egen samling av klassesett depotbiblioteket l\u00e5ner ut til bibliotekene.","og_url":"https:\/\/bibliotekutvikling.no\/depotbiblioteket\/depotbiblioteket\/klassesett\/","og_site_name":"Depotbiblioteket","article_modified_time":"2025-12-16T13:43:41+00:00","og_image":[{"width":600,"height":502,"url":"https:\/\/bibliotekutvikling.no\/content\/uploads\/sites\/29\/2023\/11\/web_600_Automatlager_d.jpg","type":"image\/jpeg"}],"twitter_card":"summary_large_image","twitter_misc":{"Ansl. lesetid":"2 minutter"},"schema":{"@context":"https:\/\/schema.org","@graph":[{"@type":"WebPage","@id":"https:\/\/bibliotekutvikling.no\/depotbiblioteket\/depotbiblioteket\/klassesett\/","url":"https:\/\/bibliotekutvikling.no\/depotbiblioteket\/depotbiblioteket\/klassesett\/","name":"Klassesett - Depotbiblioteket","isPartOf":{"@id":"https:\/\/bibliotekutvikling.no\/depotbiblioteket\/#website"},"primaryImageOfPage":{"@id":"https:\/\/bibliotekutvikling.no\/depotbiblioteket\/depotbiblioteket\/klassesett\/#primaryimage"},"image":{"@id":"https:\/\/bibliotekutvikling.no\/depotbiblioteket\/depotbiblioteket\/klassesett\/#primaryimage"},"thumbnailUrl":"https:\/\/bibliotekutvikling.no\/content\/uploads\/sites\/29\/2023\/11\/web_600_Automatlager_d.jpg","datePublished":"2025-09-02T11:52:04+00:00","dateModified":"2025-12-16T13:43:41+00:00","description":"En egen samling av klassesett depotbiblioteket l\u00e5ner ut til bibliotekene.","breadcrumb":{"@id":"https:\/\/bibliotekutvikling.no\/depotbiblioteket\/depotbiblioteket\/klassesett\/#breadcrumb"},"inLanguage":"nb-NO","potentialAction":[{"@type":"ReadAction","target":["https:\/\/bibliotekutvikling.no\/depotbiblioteket\/depotbiblioteket\/klassesett\/"]}]},{"@type":"ImageObject","inLanguage":"nb-NO","@id":"https:\/\/bibliotekutvikling.no\/depotbiblioteket\/depotbiblioteket\/klassesett\/#primaryimage","url":"https:\/\/bibliotekutvikling.no\/content\/uploads\/sites\/29\/2023\/11\/web_600_Automatlager_d.jpg","contentUrl":"https:\/\/bibliotekutvikling.no\/content\/uploads\/sites\/29\/2023\/11\/web_600_Automatlager_d.jpg","width":600,"height":502,"caption":"Publikasjonene i lageret er kaoslagret, og det inneb\u00e6rer at publikasjonene ikke har fast plass i lageret. Kassene har heller ingen fast lokasjon."},{"@type":"BreadcrumbList","@id":"https:\/\/bibliotekutvikling.no\/depotbiblioteket\/depotbiblioteket\/klassesett\/#breadcrumb","itemListElement":[{"@type":"ListItem","position":1,"name":"Hjem","item":"https:\/\/bibliotekutvikling.no\/depotbiblioteket\/"},{"@type":"ListItem","position":2,"name":"Depotbiblioteket","item":"https:\/\/bibliotekutvikling.no\/depotbiblioteket\/"},{"@type":"ListItem","position":3,"name":"Klassesett"}]},{"@type":"WebSite","@id":"https:\/\/bibliotekutvikling.no\/depotbiblioteket\/#website","url":"https:\/\/bibliotekutvikling.no\/depotbiblioteket\/","name":"Depotbiblioteket","description":"","potentialAction":[{"@type":"SearchAction","target":{"@type":"EntryPoint","urlTemplate":"https:\/\/bibliotekutvikling.no\/depotbiblioteket\/?s={search_term_string}"},"query-input":{"@type":"PropertyValueSpecification","valueRequired":true,"valueName":"search_term_string"}}],"inLanguage":"nb-NO"}]}},"_links":{"self":[{"href":"https:\/\/bibliotekutvikling.no\/depotbiblioteket\/wp-json\/wp\/v2\/pages\/259","targetHints":{"allow":["GET"]}}],"collection":[{"href":"https:\/\/bibliotekutvikling.no\/depotbiblioteket\/wp-json\/wp\/v2\/pages"}],"about":[{"href":"https:\/\/bibliotekutvikling.no\/depotbiblioteket\/wp-json\/wp\/v2\/types\/page"}],"author":[{"embeddable":true,"href":"https:\/\/bibliotekutvikling.no\/depotbiblioteket\/wp-json\/wp\/v2\/users\/6868"}],"replies":[{"embeddable":true,"href":"https:\/\/bibliotekutvikling.no\/depotbiblioteket\/wp-json\/wp\/v2\/comments?post=259"}],"version-history":[{"count":5,"href":"https:\/\/bibliotekutvikling.no\/depotbiblioteket\/wp-json\/wp\/v2\/pages\/259\/revisions"}],"predecessor-version":[{"id":364,"href":"https:\/\/bibliotekutvikling.no\/depotbiblioteket\/wp-json\/wp\/v2\/pages\/259\/revisions\/364"}],"up":[{"embeddable":true,"href":"https:\/\/bibliotekutvikling.no\/depotbiblioteket\/wp-json\/wp\/v2\/pages\/5"}],"wp:featuredmedia":[{"embeddable":true,"href":"https:\/\/bibliotekutvikling.no\/depotbiblioteket\/wp-json\/wp\/v2\/media\/68"}],"wp:attachment":[{"href":"https:\/\/bibliotekutvikling.no\/depotbiblioteket\/wp-json\/wp\/v2\/media?parent=259"}],"curies":[{"name":"wp","href":"https:\/\/api.w.org\/{rel}","templated":true}]}}